{"id":12294,"date":"2023-03-29T16:48:46","date_gmt":"2023-03-29T14:48:46","guid":{"rendered":"https:\/\/butikhome.pl\/index.php\/produkt\/rajstopy-fortissima\/"},"modified":"2023-04-25T14:56:58","modified_gmt":"2023-04-25T12:56:58","slug":"rajstopy-fortissima","status":"publish","type":"product","link":"https:\/\/butikhome.pl\/index.php\/produkt\/rajstopy-fortissima\/","title":{"rendered":"Rajstopy Fortissima"},"content":{"rendered":"<p>Odporne na zaczepki&#8230; Najnowsze, wykonane odpowiedni\u0105 technik\u0105 tkania, g\u0142adkie rajstopy marki Gatta wykazuj\u0105ce wysok\u0105 odporno\u015b\u0107 na zaci\u0105gni\u0119cia i prucie. Prawdziwa klasyka w nowoczesnym wydaniu, prawdziwy symbol kobieco\u015bci, kt\u00f3ry warto mie\u0107 w swojej szufladzie &#8211; rajstopy Fortissima.<\/p>\n","protected":false},"excerpt":{"rendered":"<p>Odporne na zaczepki&#8230; Najnowsze, wykonane odpowiedni\u0105 technik\u0105 tkania, g\u0142adkie rajstopy marki Gatta wykazuj\u0105ce wysok\u0105 odporno\u015b\u0107 na zaci\u0105gni\u0119cia i prucie. Prawdziwa klasyka w nowoczesnym wydaniu, prawdziwy symbol kobieco\u015bci, kt\u00f3ry warto mie\u0107 w swojej szufladzie &#8211; rajstopy Fortissima.<\/p>\n","protected":false},"featured_media":15105,"comment_status":"open","ping_status":"closed","template":"","meta":[],"product_brand":[],"product_cat":[24,628,39],"product_tag":[708,824,51,274,81,822,823,769,825],"class_list":{"0":"post-12294","1":"product","2":"type-product","3":"status-publish","4":"has-post-thumbnail","6":"product_cat-produkty","7":"product_cat-rajstopy-podkategoria-do-bielizny","8":"product_cat-s","9":"product_tag-2-s","10":"product_tag-gatta-fortissima","11":"product_tag-gladkie","12":"product_tag-klasyczne","13":"product_tag-kobiece","14":"product_tag-kolor-nero","15":"product_tag-odporne-na-zaczepki","16":"product_tag-rajstopy-damskie","17":"product_tag-wyzsza-odpornosc-na-zaciagniecia-i-prucie","19":"first","20":"instock","21":"taxable","22":"shipping-taxable","23":"purchasable","24":"product-type-simple"},"_links":{"self":[{"href":"https:\/\/butikhome.pl\/index.php\/wp-json\/wp\/v2\/product\/12294","targetHints":{"allow":["GET"]}}],"collection":[{"href":"https:\/\/butikhome.pl\/index.php\/wp-json\/wp\/v2\/product"}],"about":[{"href":"https:\/\/butikhome.pl\/index.php\/wp-json\/wp\/v2\/types\/product"}],"replies":[{"embeddable":true,"href":"https:\/\/butikhome.pl\/index.php\/wp-json\/wp\/v2\/comments?post=12294"}],"wp:featuredmedia":[{"embeddable":true,"href":"https:\/\/butikhome.pl\/index.php\/wp-json\/wp\/v2\/media\/15105"}],"wp:attachment":[{"href":"https:\/\/butikhome.pl\/index.php\/wp-json\/wp\/v2\/media?parent=12294"}],"wp:term":[{"taxonomy":"product_brand","embeddable":true,"href":"https:\/\/butikhome.pl\/index.php\/wp-json\/wp\/v2\/product_brand?post=12294"},{"taxonomy":"product_cat","embeddable":true,"href":"https:\/\/butikhome.pl\/index.php\/wp-json\/wp\/v2\/product_cat?post=12294"},{"taxonomy":"product_tag","embeddable":true,"href":"https:\/\/butikhome.pl\/index.php\/wp-json\/wp\/v2\/product_tag?post=12294"}],"curies":[{"name":"wp","href":"https:\/\/api.w.org\/{rel}","templated":true}]}}