{"id":12295,"date":"2023-03-29T16:48:46","date_gmt":"2023-03-29T14:48:46","guid":{"rendered":"https:\/\/butikhome.pl\/index.php\/produkt\/rajstopy-funny-05-20-den\/"},"modified":"2023-04-25T15:48:52","modified_gmt":"2023-04-25T13:48:52","slug":"rajstopy-funny-05-20-den","status":"publish","type":"product","link":"https:\/\/butikhome.pl\/index.php\/produkt\/rajstopy-funny-05-20-den\/","title":{"rendered":"Rajstopy Funny 05 20 Den"},"content":{"rendered":"<p>Funny 05 to delikatne rajstopy w kropeczki, kt\u00f3rych wz\u00f3r po\u0142o\u017cono na siateczce. Zapewniaj\u0105 subtelne, r\u00f3wnomierne krycie i perfekcyjny, nienaganny, bardzo kobiecy wygl\u0105d. Grubo\u015b\u0107 20 DEN. Sk\u0142ad: 84% poliamid, 16% elastan.<\/p>\n<ul>\n<li>Kobieca stylistyka<\/li>\n<li>Kr\u00f3j, kt\u00f3ry podkre\u015bla sylwetk\u0119<\/li>\n<li>Nie odznacza si\u0119 pod ubraniem<\/li>\n<li>Pakowany w pude\u0142ko<\/li>\n<li>Pakowany w woreczek<\/li>\n<li>Produkt polski<\/li>\n<li>Przyjemna w dotyku, mi\u0119kka dzianina\/tkanina<\/li>\n<li>Rajstopy wzorzyste<\/li>\n<li>Subtelny wz\u00f3r<\/li>\n<li>Wysoka jako\u015b\u0107<\/li>\n<li>Elastan: 16%<\/li>\n<li>Poliamid: 84%<\/li>\n<\/ul>\n","protected":false},"excerpt":{"rendered":"<p>Funny 05 to delikatne rajstopy w kropeczki, kt\u00f3rych wz\u00f3r po\u0142o\u017cono na siateczce. Zapewniaj\u0105 subtelne, r\u00f3wnomierne krycie i perfekcyjny, nienaganny, bardzo kobiecy wygl\u0105d. Grubo\u015b\u0107 20 DEN. Sk\u0142ad: 84% poliamid, 16% elastan. Kobieca stylistyka Kr\u00f3j, kt\u00f3ry podkre\u015bla sylwetk\u0119 Nie odznacza si\u0119 pod ubraniem Pakowany w pude\u0142ko Pakowany w woreczek Produkt polski Przyjemna w dotyku, mi\u0119kka dzianina\/tkanina Rajstopy &hellip; <\/p>\n","protected":false},"featured_media":15109,"comment_status":"open","ping_status":"closed","template":"","meta":[],"product_brand":[],"product_cat":[24],"product_tag":[],"class_list":{"0":"post-12295","1":"product","2":"type-product","3":"status-publish","4":"has-post-thumbnail","6":"product_cat-produkty","8":"first","9":"instock","10":"taxable","11":"shipping-taxable","12":"purchasable","13":"product-type-simple"},"_links":{"self":[{"href":"https:\/\/butikhome.pl\/index.php\/wp-json\/wp\/v2\/product\/12295","targetHints":{"allow":["GET"]}}],"collection":[{"href":"https:\/\/butikhome.pl\/index.php\/wp-json\/wp\/v2\/product"}],"about":[{"href":"https:\/\/butikhome.pl\/index.php\/wp-json\/wp\/v2\/types\/product"}],"replies":[{"embeddable":true,"href":"https:\/\/butikhome.pl\/index.php\/wp-json\/wp\/v2\/comments?post=12295"}],"wp:featuredmedia":[{"embeddable":true,"href":"https:\/\/butikhome.pl\/index.php\/wp-json\/wp\/v2\/media\/15109"}],"wp:attachment":[{"href":"https:\/\/butikhome.pl\/index.php\/wp-json\/wp\/v2\/media?parent=12295"}],"wp:term":[{"taxonomy":"product_brand","embeddable":true,"href":"https:\/\/butikhome.pl\/index.php\/wp-json\/wp\/v2\/product_brand?post=12295"},{"taxonomy":"product_cat","embeddable":true,"href":"https:\/\/butikhome.pl\/index.php\/wp-json\/wp\/v2\/product_cat?post=12295"},{"taxonomy":"product_tag","embeddable":true,"href":"https:\/\/butikhome.pl\/index.php\/wp-json\/wp\/v2\/product_tag?post=12295"}],"curies":[{"name":"wp","href":"https:\/\/api.w.org\/{rel}","templated":true}]}}