{"id":12298,"date":"2023-03-29T16:48:49","date_gmt":"2023-03-29T14:48:49","guid":{"rendered":"https:\/\/butikhome.pl\/index.php\/produkt\/rajstopy-funny-06\/"},"modified":"2023-04-25T14:45:06","modified_gmt":"2023-04-25T12:45:06","slug":"rajstopy-funny-06","status":"publish","type":"product","link":"https:\/\/butikhome.pl\/index.php\/produkt\/rajstopy-funny-06\/","title":{"rendered":"Rajstopy Funny 06"},"content":{"rendered":"<p>Modne, kobiece rajstopy w nowoczesnym wydaniu &#8211; w gwiazdki. Awangardowe i z charakterem, w mig podkr\u0119c\u0105 stylizacj\u0119. Grubo\u015b\u0107 20 DEN. Sk\u0142ad: 92% poliamid, 8% elastan.<\/p>\n","protected":false},"excerpt":{"rendered":"<p>Modne, kobiece rajstopy w nowoczesnym wydaniu &#8211; w gwiazdki. Awangardowe i z charakterem, w mig podkr\u0119c\u0105 stylizacj\u0119. Grubo\u015b\u0107 20 DEN. Sk\u0142ad: 92% poliamid, 8% elastan.<\/p>\n","protected":false},"featured_media":15104,"comment_status":"open","ping_status":"closed","template":"","meta":[],"product_brand":[],"product_cat":[24,628,41,40,39],"product_tag":[708,709,710,820,767,729,818,700,81,821,769,819],"class_list":{"0":"post-12298","1":"product","2":"type-product","3":"status-publish","4":"has-post-thumbnail","6":"product_cat-produkty","7":"product_cat-rajstopy-podkategoria-do-bielizny","8":"product_cat-l","9":"product_cat-m","10":"product_cat-s","11":"product_tag-2-s","12":"product_tag-3-m","13":"product_tag-4-l","14":"product_tag-awangardowe","15":"product_tag-bez-zaznaczonej-czesci-majteczkowej","16":"product_tag-bez-zaznaczonej-czesci-palcowej","17":"product_tag-gatta-funny-06","18":"product_tag-grubosc-20-den","19":"product_tag-kobiece","20":"product_tag-modne","21":"product_tag-rajstopy-damskie","22":"product_tag-w-gwiazdki","24":"first","25":"instock","26":"taxable","27":"shipping-taxable","28":"purchasable","29":"product-type-simple"},"_links":{"self":[{"href":"https:\/\/butikhome.pl\/index.php\/wp-json\/wp\/v2\/product\/12298","targetHints":{"allow":["GET"]}}],"collection":[{"href":"https:\/\/butikhome.pl\/index.php\/wp-json\/wp\/v2\/product"}],"about":[{"href":"https:\/\/butikhome.pl\/index.php\/wp-json\/wp\/v2\/types\/product"}],"replies":[{"embeddable":true,"href":"https:\/\/butikhome.pl\/index.php\/wp-json\/wp\/v2\/comments?post=12298"}],"wp:featuredmedia":[{"embeddable":true,"href":"https:\/\/butikhome.pl\/index.php\/wp-json\/wp\/v2\/media\/15104"}],"wp:attachment":[{"href":"https:\/\/butikhome.pl\/index.php\/wp-json\/wp\/v2\/media?parent=12298"}],"wp:term":[{"taxonomy":"product_brand","embeddable":true,"href":"https:\/\/butikhome.pl\/index.php\/wp-json\/wp\/v2\/product_brand?post=12298"},{"taxonomy":"product_cat","embeddable":true,"href":"https:\/\/butikhome.pl\/index.php\/wp-json\/wp\/v2\/product_cat?post=12298"},{"taxonomy":"product_tag","embeddable":true,"href":"https:\/\/butikhome.pl\/index.php\/wp-json\/wp\/v2\/product_tag?post=12298"}],"curies":[{"name":"wp","href":"https:\/\/api.w.org\/{rel}","templated":true}]}}