{"id":12301,"date":"2023-03-29T16:48:52","date_gmt":"2023-03-29T14:48:52","guid":{"rendered":"https:\/\/butikhome.pl\/index.php\/produkt\/rajstopy-funny-07\/"},"modified":"2023-04-25T13:35:47","modified_gmt":"2023-04-25T11:35:47","slug":"rajstopy-funny-07","status":"publish","type":"product","link":"https:\/\/butikhome.pl\/index.php\/produkt\/rajstopy-funny-07\/","title":{"rendered":"Rajstopy Funny 07"},"content":{"rendered":"<p>Bardzo ciekawe rajstopy marki Gatta zdobione kropkami. Wykonane z najwy\u017cszej jako\u015bci prz\u0119dzy z dodatkiem Lycra Satin Sheers, dzi\u0119ki czemu s\u0105 matowe i idealnie dopasowuj\u0105 si\u0119 do cia\u0142a. Sk\u0142ad: poliamid 92%, elastan 8%. Grubo\u015b\u0107 20 Den.<\/p>\n","protected":false},"excerpt":{"rendered":"<p>Bardzo ciekawe rajstopy marki Gatta zdobione kropkami. Wykonane z najwy\u017cszej jako\u015bci prz\u0119dzy z dodatkiem Lycra Satin Sheers, dzi\u0119ki czemu s\u0105 matowe i idealnie dopasowuj\u0105 si\u0119 do cia\u0142a. Sk\u0142ad: poliamid 92%, elastan 8%. Grubo\u015b\u0107 20 Den.<\/p>\n","protected":false},"featured_media":15100,"comment_status":"open","ping_status":"closed","template":"","meta":[],"product_brand":[],"product_cat":[24,628,39],"product_tag":[708,767,729,617,815,700,817,725,814,769,816],"class_list":{"0":"post-12301","1":"product","2":"type-product","3":"status-publish","4":"has-post-thumbnail","6":"product_cat-produkty","7":"product_cat-rajstopy-podkategoria-do-bielizny","8":"product_cat-s","9":"product_tag-2-s","10":"product_tag-bez-zaznaczonej-czesci-majteczkowej","11":"product_tag-bez-zaznaczonej-czesci-palcowej","12":"product_tag-dopasowuja-sie-do-ciala","13":"product_tag-gatta-funny-07","14":"product_tag-grubosc-20-den","15":"product_tag-lycra-satin-sheers","16":"product_tag-matowe","17":"product_tag-nero-czarne","18":"product_tag-rajstopy-damskie","19":"product_tag-w-kropki","21":"first","22":"instock","23":"taxable","24":"shipping-taxable","25":"purchasable","26":"product-type-simple"},"_links":{"self":[{"href":"https:\/\/butikhome.pl\/index.php\/wp-json\/wp\/v2\/product\/12301","targetHints":{"allow":["GET"]}}],"collection":[{"href":"https:\/\/butikhome.pl\/index.php\/wp-json\/wp\/v2\/product"}],"about":[{"href":"https:\/\/butikhome.pl\/index.php\/wp-json\/wp\/v2\/types\/product"}],"replies":[{"embeddable":true,"href":"https:\/\/butikhome.pl\/index.php\/wp-json\/wp\/v2\/comments?post=12301"}],"wp:featuredmedia":[{"embeddable":true,"href":"https:\/\/butikhome.pl\/index.php\/wp-json\/wp\/v2\/media\/15100"}],"wp:attachment":[{"href":"https:\/\/butikhome.pl\/index.php\/wp-json\/wp\/v2\/media?parent=12301"}],"wp:term":[{"taxonomy":"product_brand","embeddable":true,"href":"https:\/\/butikhome.pl\/index.php\/wp-json\/wp\/v2\/product_brand?post=12301"},{"taxonomy":"product_cat","embeddable":true,"href":"https:\/\/butikhome.pl\/index.php\/wp-json\/wp\/v2\/product_cat?post=12301"},{"taxonomy":"product_tag","embeddable":true,"href":"https:\/\/butikhome.pl\/index.php\/wp-json\/wp\/v2\/product_tag?post=12301"}],"curies":[{"name":"wp","href":"https:\/\/api.w.org\/{rel}","templated":true}]}}