{"id":12304,"date":"2023-03-29T16:48:56","date_gmt":"2023-03-29T14:48:56","guid":{"rendered":"https:\/\/butikhome.pl\/index.php\/produkt\/rajstopy-gatta-brigitte\/"},"modified":"2023-04-25T13:26:41","modified_gmt":"2023-04-25T11:26:41","slug":"rajstopy-gatta-brigitte","status":"publish","type":"product","link":"https:\/\/butikhome.pl\/index.php\/produkt\/rajstopy-gatta-brigitte\/","title":{"rendered":"Rajstopy Gatta Brigitte"},"content":{"rendered":"<p>Seksowna kabaretka\u00a0zdecydowanie\u00a0zapieraj\u0105ca dech w piersiach! Zmys\u0142owe i kusz\u0105ce rajstopy Brigitte obdarzone niezwyk\u0142ym wdzi\u0119kiem i pon\u0119tno\u015bci\u0105. Wymowny atut kobiecych n\u00f3g. Idealne uzupe\u0142nienie\u00a0pon\u0119tnego stroju. Elastyczne i bez zaznaczonej cz\u0119\u015bci palcowej.<\/p>\n","protected":false},"excerpt":{"rendered":"<p>Seksowna kabaretka\u00a0zdecydowanie\u00a0zapieraj\u0105ca dech w piersiach! Zmys\u0142owe i kusz\u0105ce rajstopy Brigitte obdarzone niezwyk\u0142ym wdzi\u0119kiem i pon\u0119tno\u015bci\u0105. Wymowny atut kobiecych n\u00f3g. Idealne uzupe\u0142nienie\u00a0pon\u0119tnego stroju. Elastyczne i bez zaznaczonej cz\u0119\u015bci palcowej.<\/p>\n","protected":false},"featured_media":15099,"comment_status":"open","ping_status":"closed","template":"","meta":[],"product_brand":[],"product_cat":[24,628,41,40,39,37],"product_tag":[809,708,709,710,729,812,370,811,799,769,272,813,810,148],"class_list":{"0":"post-12304","1":"product","2":"type-product","3":"status-publish","4":"has-post-thumbnail","6":"product_cat-produkty","7":"product_cat-rajstopy-podkategoria-do-bielizny","8":"product_cat-l","9":"product_cat-m","10":"product_cat-s","11":"product_cat-xs","12":"product_tag-1-xs","13":"product_tag-2-s","14":"product_tag-3-m","15":"product_tag-4-l","16":"product_tag-bez-zaznaczonej-czesci-palcowej","17":"product_tag-bezszwowa-czesc-majteczkowa","18":"product_tag-elastyczne","19":"product_tag-gatta-brigitte","20":"product_tag-ponetne","21":"product_tag-rajstopy-damskie","22":"product_tag-seksowne","23":"product_tag-srednia-gestosc-oczek-w-siateczce","24":"product_tag-typu-kabaretki","25":"product_tag-zmyslowe","27":"first","28":"instock","29":"taxable","30":"shipping-taxable","31":"purchasable","32":"product-type-simple"},"_links":{"self":[{"href":"https:\/\/butikhome.pl\/index.php\/wp-json\/wp\/v2\/product\/12304","targetHints":{"allow":["GET"]}}],"collection":[{"href":"https:\/\/butikhome.pl\/index.php\/wp-json\/wp\/v2\/product"}],"about":[{"href":"https:\/\/butikhome.pl\/index.php\/wp-json\/wp\/v2\/types\/product"}],"replies":[{"embeddable":true,"href":"https:\/\/butikhome.pl\/index.php\/wp-json\/wp\/v2\/comments?post=12304"}],"wp:featuredmedia":[{"embeddable":true,"href":"https:\/\/butikhome.pl\/index.php\/wp-json\/wp\/v2\/media\/15099"}],"wp:attachment":[{"href":"https:\/\/butikhome.pl\/index.php\/wp-json\/wp\/v2\/media?parent=12304"}],"wp:term":[{"taxonomy":"product_brand","embeddable":true,"href":"https:\/\/butikhome.pl\/index.php\/wp-json\/wp\/v2\/product_brand?post=12304"},{"taxonomy":"product_cat","embeddable":true,"href":"https:\/\/butikhome.pl\/index.php\/wp-json\/wp\/v2\/product_cat?post=12304"},{"taxonomy":"product_tag","embeddable":true,"href":"https:\/\/butikhome.pl\/index.php\/wp-json\/wp\/v2\/product_tag?post=12304"}],"curies":[{"name":"wp","href":"https:\/\/api.w.org\/{rel}","templated":true}]}}