{"id":12310,"date":"2023-03-29T16:49:06","date_gmt":"2023-03-29T14:49:06","guid":{"rendered":"https:\/\/butikhome.pl\/index.php\/produkt\/rajstopy-gatta-estella-15\/"},"modified":"2023-04-25T13:15:51","modified_gmt":"2023-04-25T11:15:51","slug":"rajstopy-gatta-estella-15","status":"publish","type":"product","link":"https:\/\/butikhome.pl\/index.php\/produkt\/rajstopy-gatta-estella-15\/","title":{"rendered":"Rajstopy Gatta Estella 15"},"content":{"rendered":"<p>Estella, czyli niesamowicie kobiece rajstopy zainspirowane doskona\u0142ym wygl\u0105dem i niepodwa\u017caln\u0105 wygod\u0105. W ca\u0142o\u015bci g\u0142adkie i elastyczne, zmys\u0142owo opinaj\u0105ce nogi. Nieodzowny dodatek niemal\u017ce ka\u017cdego stroju, podstawowy element kobiecego wygl\u0105du. Tutaj o grubo\u015bci\u00a015 DEN.<\/p>\n","protected":false},"excerpt":{"rendered":"<p>Estella, czyli niesamowicie kobiece rajstopy zainspirowane doskona\u0142ym wygl\u0105dem i niepodwa\u017caln\u0105 wygod\u0105. W ca\u0142o\u015bci g\u0142adkie i elastyczne, zmys\u0142owo opinaj\u0105ce nogi. Nieodzowny dodatek niemal\u017ce ka\u017cdego stroju, podstawowy element kobiecego wygl\u0105du. Tutaj o grubo\u015bci\u00a015 DEN.<\/p>\n","protected":false},"featured_media":15095,"comment_status":"open","ping_status":"closed","template":"","meta":[],"product_brand":[],"product_cat":[24,628,41,40,39],"product_tag":[708,709,710,729,808,370,806,51,735,797,782,738,769,120,807],"class_list":{"0":"post-12310","1":"product","2":"type-product","3":"status-publish","4":"has-post-thumbnail","6":"product_cat-produkty","7":"product_cat-rajstopy-podkategoria-do-bielizny","8":"product_cat-l","9":"product_cat-m","10":"product_cat-s","11":"product_tag-2-s","12":"product_tag-3-m","13":"product_tag-4-l","14":"product_tag-bez-zaznaczonej-czesci-palcowej","15":"product_tag-czesc-majteczkowa-typu-t-band","16":"product_tag-elastyczne","17":"product_tag-gatta-estella-15","18":"product_tag-gladkie","19":"product_tag-grubosc-15-den","20":"product_tag-lycra","21":"product_tag-polmatowe","22":"product_tag-przezroczyste","23":"product_tag-rajstopy-damskie","24":"product_tag-wygodne","25":"product_tag-zmyslowo-opinajace-nogi","27":"first","28":"instock","29":"sale","30":"taxable","31":"shipping-taxable","32":"purchasable","33":"product-type-simple"},"_links":{"self":[{"href":"https:\/\/butikhome.pl\/index.php\/wp-json\/wp\/v2\/product\/12310","targetHints":{"allow":["GET"]}}],"collection":[{"href":"https:\/\/butikhome.pl\/index.php\/wp-json\/wp\/v2\/product"}],"about":[{"href":"https:\/\/butikhome.pl\/index.php\/wp-json\/wp\/v2\/types\/product"}],"replies":[{"embeddable":true,"href":"https:\/\/butikhome.pl\/index.php\/wp-json\/wp\/v2\/comments?post=12310"}],"wp:featuredmedia":[{"embeddable":true,"href":"https:\/\/butikhome.pl\/index.php\/wp-json\/wp\/v2\/media\/15095"}],"wp:attachment":[{"href":"https:\/\/butikhome.pl\/index.php\/wp-json\/wp\/v2\/media?parent=12310"}],"wp:term":[{"taxonomy":"product_brand","embeddable":true,"href":"https:\/\/butikhome.pl\/index.php\/wp-json\/wp\/v2\/product_brand?post=12310"},{"taxonomy":"product_cat","embeddable":true,"href":"https:\/\/butikhome.pl\/index.php\/wp-json\/wp\/v2\/product_cat?post=12310"},{"taxonomy":"product_tag","embeddable":true,"href":"https:\/\/butikhome.pl\/index.php\/wp-json\/wp\/v2\/product_tag?post=12310"}],"curies":[{"name":"wp","href":"https:\/\/api.w.org\/{rel}","templated":true}]}}