{"id":12336,"date":"2023-03-29T16:49:53","date_gmt":"2023-03-29T14:49:53","guid":{"rendered":"https:\/\/butikhome.pl\/index.php\/produkt\/rajstopy-gatta-eve-8-den\/"},"modified":"2023-04-25T13:02:29","modified_gmt":"2023-04-25T11:02:29","slug":"rajstopy-gatta-eve-8-den","status":"publish","type":"product","link":"https:\/\/butikhome.pl\/index.php\/produkt\/rajstopy-gatta-eve-8-den\/","title":{"rendered":"Rajstopy Gatta Eve 8 den"},"content":{"rendered":"<p>Wyrafinowane rajstopy damskie wykonane z delikatnej tkaniny typu Lycra. W ca\u0142o\u015bci g\u0142adkie i wygodnie elastyczne, zakochane w doskona\u0142ym, bardzo kobiecym\u00a0wygl\u0105dzie. Praktyczne i obowi\u0105zkowe, bez zaznaczonej linii palc\u00f3w.\u00a0Grubo\u015b\u0107 8 DEN, idealna na lato.<\/p>\n","protected":false},"excerpt":{"rendered":"<p>Wyrafinowane rajstopy damskie wykonane z delikatnej tkaniny typu Lycra. W ca\u0142o\u015bci g\u0142adkie i wygodnie elastyczne, zakochane w doskona\u0142ym, bardzo kobiecym\u00a0wygl\u0105dzie. Praktyczne i obowi\u0105zkowe, bez zaznaczonej linii palc\u00f3w.\u00a0Grubo\u015b\u0107 8 DEN, idealna na lato.<\/p>\n","protected":false},"featured_media":15094,"comment_status":"open","ping_status":"closed","template":"","meta":[],"product_brand":[],"product_cat":[24,628,41,40,39],"product_tag":[708,709,710,803,370,802,51,792,793,81,288,769,772,120,804,805],"class_list":{"0":"post-12336","1":"product","2":"type-product","3":"status-publish","4":"has-post-thumbnail","6":"product_cat-produkty","7":"product_cat-rajstopy-podkategoria-do-bielizny","8":"product_cat-l","9":"product_cat-m","10":"product_cat-s","11":"product_tag-2-s","12":"product_tag-3-m","13":"product_tag-4-l","14":"product_tag-bez-zanaczonej-lini-palcow","15":"product_tag-elastyczne","16":"product_tag-gatta-eve-8","17":"product_tag-gladkie","18":"product_tag-grubosc-8-den","19":"product_tag-idealne-na-lato","20":"product_tag-kobiece","21":"product_tag-lekkie","22":"product_tag-rajstopy-damskie","23":"product_tag-wlokna-lycra","24":"product_tag-wygodne","25":"product_tag-z-jedwabiem-polamidowym","26":"product_tag-zapewniaja-uczucie-chlodu","28":"first","29":"instock","30":"sale","31":"taxable","32":"shipping-taxable","33":"purchasable","34":"product-type-simple"},"_links":{"self":[{"href":"https:\/\/butikhome.pl\/index.php\/wp-json\/wp\/v2\/product\/12336","targetHints":{"allow":["GET"]}}],"collection":[{"href":"https:\/\/butikhome.pl\/index.php\/wp-json\/wp\/v2\/product"}],"about":[{"href":"https:\/\/butikhome.pl\/index.php\/wp-json\/wp\/v2\/types\/product"}],"replies":[{"embeddable":true,"href":"https:\/\/butikhome.pl\/index.php\/wp-json\/wp\/v2\/comments?post=12336"}],"wp:featuredmedia":[{"embeddable":true,"href":"https:\/\/butikhome.pl\/index.php\/wp-json\/wp\/v2\/media\/15094"}],"wp:attachment":[{"href":"https:\/\/butikhome.pl\/index.php\/wp-json\/wp\/v2\/media?parent=12336"}],"wp:term":[{"taxonomy":"product_brand","embeddable":true,"href":"https:\/\/butikhome.pl\/index.php\/wp-json\/wp\/v2\/product_brand?post=12336"},{"taxonomy":"product_cat","embeddable":true,"href":"https:\/\/butikhome.pl\/index.php\/wp-json\/wp\/v2\/product_cat?post=12336"},{"taxonomy":"product_tag","embeddable":true,"href":"https:\/\/butikhome.pl\/index.php\/wp-json\/wp\/v2\/product_tag?post=12336"}],"curies":[{"name":"wp","href":"https:\/\/api.w.org\/{rel}","templated":true}]}}