{"id":12376,"date":"2023-03-29T16:51:01","date_gmt":"2023-03-29T14:51:01","guid":{"rendered":"https:\/\/butikhome.pl\/index.php\/produkt\/rajstopy-gatta-holly-8-den\/"},"modified":"2023-04-25T12:39:32","modified_gmt":"2023-04-25T10:39:32","slug":"rajstopy-gatta-holly-8-den","status":"publish","type":"product","link":"https:\/\/butikhome.pl\/index.php\/produkt\/rajstopy-gatta-holly-8-den\/","title":{"rendered":"Rajstopy Gatta Holly 8 den"},"content":{"rendered":"<p>Zaakcentuj swoje wielkie, wieczorowe wyj\u015bcie tak ma\u0142ym, lecz jak\u017ce wa\u017cnym szczeg\u00f3\u0142em! Podstawowa rzecz, o kt\u00f3rej wprost\u00a0nie mo\u017cna\u00a0zapomnie\u0107, czyli strechowe rajstopy damskie! G\u0142adkie i elastyczne, dopieszczone w ka\u017cdym szczeg\u00f3le, zgrabnie podkre\u015blaj\u0105ce nogi. Grubo\u015b\u0107 8 DEN, idealna na lato.<\/p>\n","protected":false},"excerpt":{"rendered":"<p>Zaakcentuj swoje wielkie, wieczorowe wyj\u015bcie tak ma\u0142ym, lecz jak\u017ce wa\u017cnym szczeg\u00f3\u0142em! Podstawowa rzecz, o kt\u00f3rej wprost\u00a0nie mo\u017cna\u00a0zapomnie\u0107, czyli strechowe rajstopy damskie! G\u0142adkie i elastyczne, dopieszczone w ka\u017cdym szczeg\u00f3le, zgrabnie podkre\u015blaj\u0105ce nogi. Grubo\u015b\u0107 8 DEN, idealna na lato.<\/p>\n","protected":false},"featured_media":15092,"comment_status":"open","ping_status":"closed","template":"","meta":[],"product_brand":[],"product_cat":[24,628,40,39],"product_tag":[708,709,767,791,289,370,796,51,792,793,81,794,769],"class_list":{"0":"post-12376","1":"product","2":"type-product","3":"status-publish","4":"has-post-thumbnail","6":"product_cat-produkty","7":"product_cat-rajstopy-podkategoria-do-bielizny","8":"product_cat-m","9":"product_cat-s","10":"product_tag-2-s","11":"product_tag-3-m","12":"product_tag-bez-zaznaczonej-czesci-majteczkowej","13":"product_tag-cienkie","14":"product_tag-delikatne","15":"product_tag-elastyczne","16":"product_tag-gatta-holly-8","17":"product_tag-gladkie","18":"product_tag-grubosc-8-den","19":"product_tag-idealne-na-lato","20":"product_tag-kobiece","21":"product_tag-podkreslajace-nogi","22":"product_tag-rajstopy-damskie","24":"first","25":"instock","26":"taxable","27":"shipping-taxable","28":"purchasable","29":"product-type-simple"},"_links":{"self":[{"href":"https:\/\/butikhome.pl\/index.php\/wp-json\/wp\/v2\/product\/12376","targetHints":{"allow":["GET"]}}],"collection":[{"href":"https:\/\/butikhome.pl\/index.php\/wp-json\/wp\/v2\/product"}],"about":[{"href":"https:\/\/butikhome.pl\/index.php\/wp-json\/wp\/v2\/types\/product"}],"replies":[{"embeddable":true,"href":"https:\/\/butikhome.pl\/index.php\/wp-json\/wp\/v2\/comments?post=12376"}],"wp:featuredmedia":[{"embeddable":true,"href":"https:\/\/butikhome.pl\/index.php\/wp-json\/wp\/v2\/media\/15092"}],"wp:attachment":[{"href":"https:\/\/butikhome.pl\/index.php\/wp-json\/wp\/v2\/media?parent=12376"}],"wp:term":[{"taxonomy":"product_brand","embeddable":true,"href":"https:\/\/butikhome.pl\/index.php\/wp-json\/wp\/v2\/product_brand?post=12376"},{"taxonomy":"product_cat","embeddable":true,"href":"https:\/\/butikhome.pl\/index.php\/wp-json\/wp\/v2\/product_cat?post=12376"},{"taxonomy":"product_tag","embeddable":true,"href":"https:\/\/butikhome.pl\/index.php\/wp-json\/wp\/v2\/product_tag?post=12376"}],"curies":[{"name":"wp","href":"https:\/\/api.w.org\/{rel}","templated":true}]}}