{"id":12387,"date":"2023-03-29T16:51:18","date_gmt":"2023-03-29T14:51:18","guid":{"rendered":"https:\/\/butikhome.pl\/index.php\/produkt\/rajstopy-gatta-julia\/"},"modified":"2023-04-25T12:21:58","modified_gmt":"2023-04-25T10:21:58","slug":"rajstopy-gatta-julia","status":"publish","type":"product","link":"https:\/\/butikhome.pl\/index.php\/produkt\/rajstopy-gatta-julia\/","title":{"rendered":"Rajstopy Gatta Julia"},"content":{"rendered":"<p>P\u00f3\u0142matowe, cieniutkie, doskonale dopasowane do cia\u0142a rajstopy damskie o wzmocnionej cz\u0119\u015bci majteczkowej. Wygodne i\u00a0lekko elastyczne. Niezr\u00f3wnany dodatek do niemal\u017ce ka\u017cdego, kobiecego\u00a0stroju. Du\u017cy wyb\u00f3r kolor\u00f3w to kolejny atut. Grubo\u015b\u0107 15 den.<\/p>\n","protected":false},"excerpt":{"rendered":"<p>P\u00f3\u0142matowe, cieniutkie, doskonale dopasowane do cia\u0142a rajstopy damskie o wzmocnionej cz\u0119\u015bci majteczkowej. Wygodne i\u00a0lekko elastyczne. Niezr\u00f3wnany dodatek do niemal\u017ce ka\u017cdego, kobiecego\u00a0stroju. Du\u017cy wyb\u00f3r kolor\u00f3w to kolejny atut. Grubo\u015b\u0107 15 den.<\/p>\n","protected":false},"featured_media":15091,"comment_status":"open","ping_status":"closed","template":"","meta":[],"product_brand":[],"product_cat":[24,628,41,40,39],"product_tag":[708,709,710,785,788,787,735,782,789,769,120,786],"class_list":{"0":"post-12387","1":"product","2":"type-product","3":"status-publish","4":"has-post-thumbnail","6":"product_cat-produkty","7":"product_cat-rajstopy-podkategoria-do-bielizny","8":"product_cat-l","9":"product_cat-m","10":"product_cat-s","11":"product_tag-2-s","12":"product_tag-3-m","13":"product_tag-4-l","14":"product_tag-dopasowane","15":"product_tag-duzy-wybor-kolorow","16":"product_tag-gatta-laura-15","17":"product_tag-grubosc-15-den","18":"product_tag-polmatowe","19":"product_tag-przesroczyste","20":"product_tag-rajstopy-damskie","21":"product_tag-wygodne","22":"product_tag-wzmocniona-czesc-majteczkowa","24":"first","25":"instock","26":"sale","27":"taxable","28":"shipping-taxable","29":"purchasable","30":"product-type-simple"},"_links":{"self":[{"href":"https:\/\/butikhome.pl\/index.php\/wp-json\/wp\/v2\/product\/12387","targetHints":{"allow":["GET"]}}],"collection":[{"href":"https:\/\/butikhome.pl\/index.php\/wp-json\/wp\/v2\/product"}],"about":[{"href":"https:\/\/butikhome.pl\/index.php\/wp-json\/wp\/v2\/types\/product"}],"replies":[{"embeddable":true,"href":"https:\/\/butikhome.pl\/index.php\/wp-json\/wp\/v2\/comments?post=12387"}],"wp:featuredmedia":[{"embeddable":true,"href":"https:\/\/butikhome.pl\/index.php\/wp-json\/wp\/v2\/media\/15091"}],"wp:attachment":[{"href":"https:\/\/butikhome.pl\/index.php\/wp-json\/wp\/v2\/media?parent=12387"}],"wp:term":[{"taxonomy":"product_brand","embeddable":true,"href":"https:\/\/butikhome.pl\/index.php\/wp-json\/wp\/v2\/product_brand?post=12387"},{"taxonomy":"product_cat","embeddable":true,"href":"https:\/\/butikhome.pl\/index.php\/wp-json\/wp\/v2\/product_cat?post=12387"},{"taxonomy":"product_tag","embeddable":true,"href":"https:\/\/butikhome.pl\/index.php\/wp-json\/wp\/v2\/product_tag?post=12387"}],"curies":[{"name":"wp","href":"https:\/\/api.w.org\/{rel}","templated":true}]}}