{"id":12443,"date":"2023-03-29T16:53:14","date_gmt":"2023-03-29T14:53:14","guid":{"rendered":"https:\/\/butikhome.pl\/index.php\/produkt\/rajstopy-gatta-laura-20\/"},"modified":"2023-04-25T12:07:16","modified_gmt":"2023-04-25T10:07:16","slug":"rajstopy-gatta-laura-20","status":"publish","type":"product","link":"https:\/\/butikhome.pl\/index.php\/produkt\/rajstopy-gatta-laura-20\/","title":{"rendered":"Rajstopy Gatta Laura 20"},"content":{"rendered":"<p>Klasyczne\u00a0rajstopy marki Gatta o grubo\u015bci 20DEN, obowi\u0105zkowy dodatek do ka\u017cdej, udanej stylizacji. Elastyczne, delikatne, otrzyma\u0142y wyr\u00f3\u017cnienie Laur konsumenta 2008.<\/p>\n<p>Obja\u015bnienie odcieni:<\/p>\n<p>Grupa subtelnych,\u00a0bardzo\u00a0jasnych be\u017cy to kolory rajstop: Panna, Natural, Sabia.<\/p>\n<p>Grupa be\u017cy (\u015brednio opalonych) to kolory rajstop: Dune, Antilope, Daino, Golden, Beige, Visione, Claro, Nocciola, Glace, Gold Yellow (musztardowy).<\/p>\n<p>Grupa be\u017cy (ciemnych, mocno opalonych) to kolory rajstop: Playa, Sierra, Bronzo, Inka, Walnut.<\/p>\n<p>Bardzo ciemne br\u0105zy: Moka, Caffe2, Coffee Bean.<\/p>\n<p>Odcienie zieleni (butelkowej): Camp, Olivo, Lyon, Castoro, Avocado (\u015bredni), English Ivy (\u015bredni), Fumo (bardzo ciemny), Piniato (bardzo ciemny).<\/p>\n<p>Odcienie popielu: Perla (jasny),\u00a0Dapple Gray (jasny),\u00a0Grigio (\u015bredni), Mid Night (\u015bredni-niebieski),\u00a0Topino (ciemny), Mood Indygo (ciemny), Grafit (bardzo ciemny), Blue Jeans (bardzo ciemny).<\/p>\n<p>Odcienie r\u00f3\u017cu: Misty Rose (jasny), Azalea (fuksja), Chryzanthemum (\u015bredni).<\/p>\n<p>Odcienie fioletu: Lawenda2 (\u015bredni), Purple (\u015bredni), Deep Purple (ciemny), Violet2 (bardzo ciemny).<\/p>\n<p>Turkus: Enamel Blue.<\/p>\n<p>Czarny: Nero.<\/p>\n<p>Bia\u0142y: Bianco.<\/p>\n","protected":false},"excerpt":{"rendered":"<p>Klasyczne\u00a0rajstopy marki Gatta o grubo\u015bci 20DEN, obowi\u0105zkowy dodatek do ka\u017cdej, udanej stylizacji. Elastyczne, delikatne, otrzyma\u0142y wyr\u00f3\u017cnienie Laur konsumenta 2008. Obja\u015bnienie odcieni: Grupa subtelnych,\u00a0bardzo\u00a0jasnych be\u017cy to kolory rajstop: Panna, Natural, Sabia. Grupa be\u017cy (\u015brednio opalonych) to kolory rajstop: Dune, Antilope, Daino, Golden, Beige, Visione, Claro, Nocciola, Glace, Gold Yellow (musztardowy). Grupa be\u017cy (ciemnych, mocno opalonych) to &hellip; <\/p>\n","protected":false},"featured_media":15090,"comment_status":"open","ping_status":"closed","template":"","meta":[],"product_brand":[],"product_cat":[24,628,41,40,39,42,43],"product_tag":[708,781,709,710,736,768,289,370,780,51,274,782,784,772,783],"class_list":{"0":"post-12443","1":"product","2":"type-product","3":"status-publish","4":"has-post-thumbnail","6":"product_cat-produkty","7":"product_cat-rajstopy-podkategoria-do-bielizny","8":"product_cat-l","9":"product_cat-m","10":"product_cat-s","11":"product_cat-xl","12":"product_cat-2xl","13":"product_tag-2-s","14":"product_tag-20-den","15":"product_tag-3-m","16":"product_tag-4-l","17":"product_tag-5-xl","18":"product_tag-6-xxl","19":"product_tag-delikatne","20":"product_tag-elastyczne","21":"product_tag-gatta-laura-20","22":"product_tag-gladkie","23":"product_tag-klasyczne","24":"product_tag-polmatowe","25":"product_tag-szeroka-gama-kolorystyczna","26":"product_tag-wlokna-lycra","27":"product_tag-wzmocnienie-w-strefie-majteczkowej-oraz-na-palcach","29":"first","30":"instock","31":"sale","32":"taxable","33":"shipping-taxable","34":"purchasable","35":"product-type-simple"},"_links":{"self":[{"href":"https:\/\/butikhome.pl\/index.php\/wp-json\/wp\/v2\/product\/12443","targetHints":{"allow":["GET"]}}],"collection":[{"href":"https:\/\/butikhome.pl\/index.php\/wp-json\/wp\/v2\/product"}],"about":[{"href":"https:\/\/butikhome.pl\/index.php\/wp-json\/wp\/v2\/types\/product"}],"replies":[{"embeddable":true,"href":"https:\/\/butikhome.pl\/index.php\/wp-json\/wp\/v2\/comments?post=12443"}],"wp:featuredmedia":[{"embeddable":true,"href":"https:\/\/butikhome.pl\/index.php\/wp-json\/wp\/v2\/media\/15090"}],"wp:attachment":[{"href":"https:\/\/butikhome.pl\/index.php\/wp-json\/wp\/v2\/media?parent=12443"}],"wp:term":[{"taxonomy":"product_brand","embeddable":true,"href":"https:\/\/butikhome.pl\/index.php\/wp-json\/wp\/v2\/product_brand?post=12443"},{"taxonomy":"product_cat","embeddable":true,"href":"https:\/\/butikhome.pl\/index.php\/wp-json\/wp\/v2\/product_cat?post=12443"},{"taxonomy":"product_tag","embeddable":true,"href":"https:\/\/butikhome.pl\/index.php\/wp-json\/wp\/v2\/product_tag?post=12443"}],"curies":[{"name":"wp","href":"https:\/\/api.w.org\/{rel}","templated":true}]}}