{"id":12522,"date":"2023-03-29T16:55:37","date_gmt":"2023-03-29T14:55:37","guid":{"rendered":"https:\/\/butikhome.pl\/index.php\/produkt\/rajstopy-gatta-rosalia-100-den\/"},"modified":"2023-04-24T14:59:28","modified_gmt":"2023-04-24T12:59:28","slug":"rajstopy-gatta-rosalia-100-den","status":"publish","type":"product","link":"https:\/\/butikhome.pl\/index.php\/produkt\/rajstopy-gatta-rosalia-100-den\/","title":{"rendered":"Rajstopy Gatta Rosalia 100 den"},"content":{"rendered":"<p>G\u0142adkie i elastyczne rajstopy\u00a0zainspirowane tajemniczym, bardzo zmys\u0142owym wizerunkiem. Eleganckie i klasycznie zgrabne, doskonale dopasowane do cia\u0142a. Stworzone by dodawa\u0107 wdzi\u0119ku.<\/p>\n","protected":false},"excerpt":{"rendered":"<p>G\u0142adkie i elastyczne rajstopy\u00a0zainspirowane tajemniczym, bardzo zmys\u0142owym wizerunkiem. Eleganckie i klasycznie zgrabne, doskonale dopasowane do cia\u0142a. Stworzone by dodawa\u0107 wdzi\u0119ku.<\/p>\n","protected":false},"featured_media":15087,"comment_status":"open","ping_status":"closed","template":"","meta":[],"product_brand":[],"product_cat":[24,628,39],"product_tag":[774,708,767,773,370,348,776,770,775,725,772,771],"class_list":{"0":"post-12522","1":"product","2":"type-product","3":"status-publish","4":"has-post-thumbnail","6":"product_cat-produkty","7":"product_cat-rajstopy-podkategoria-do-bielizny","8":"product_cat-s","9":"product_tag-100-den","10":"product_tag-2-s","11":"product_tag-bez-zaznaczonej-czesci-majteczkowej","12":"product_tag-dobrze-przylegajace-do-nogi","13":"product_tag-elastyczne","14":"product_tag-eleganckie","15":"product_tag-gatta-rosalia","16":"product_tag-gladkie-rajstopy-damskie-calkowicie-kryjace","17":"product_tag-iedealne-na-chlodne-dni","18":"product_tag-matowe","19":"product_tag-wlokna-lycra","20":"product_tag-wykonane-z-mikrofibry","22":"first","23":"instock","24":"sale","25":"taxable","26":"shipping-taxable","27":"purchasable","28":"product-type-simple"},"_links":{"self":[{"href":"https:\/\/butikhome.pl\/index.php\/wp-json\/wp\/v2\/product\/12522","targetHints":{"allow":["GET"]}}],"collection":[{"href":"https:\/\/butikhome.pl\/index.php\/wp-json\/wp\/v2\/product"}],"about":[{"href":"https:\/\/butikhome.pl\/index.php\/wp-json\/wp\/v2\/types\/product"}],"replies":[{"embeddable":true,"href":"https:\/\/butikhome.pl\/index.php\/wp-json\/wp\/v2\/comments?post=12522"}],"wp:featuredmedia":[{"embeddable":true,"href":"https:\/\/butikhome.pl\/index.php\/wp-json\/wp\/v2\/media\/15087"}],"wp:attachment":[{"href":"https:\/\/butikhome.pl\/index.php\/wp-json\/wp\/v2\/media?parent=12522"}],"wp:term":[{"taxonomy":"product_brand","embeddable":true,"href":"https:\/\/butikhome.pl\/index.php\/wp-json\/wp\/v2\/product_brand?post=12522"},{"taxonomy":"product_cat","embeddable":true,"href":"https:\/\/butikhome.pl\/index.php\/wp-json\/wp\/v2\/product_cat?post=12522"},{"taxonomy":"product_tag","embeddable":true,"href":"https:\/\/butikhome.pl\/index.php\/wp-json\/wp\/v2\/product_tag?post=12522"}],"curies":[{"name":"wp","href":"https:\/\/api.w.org\/{rel}","templated":true}]}}