{"id":12530,"date":"2023-03-29T16:55:51","date_gmt":"2023-03-29T14:55:51","guid":{"rendered":"https:\/\/butikhome.pl\/index.php\/produkt\/rajstopy-gatta-rosalia-40\/"},"modified":"2023-04-24T14:43:50","modified_gmt":"2023-04-24T12:43:50","slug":"rajstopy-gatta-rosalia-40","status":"publish","type":"product","link":"https:\/\/butikhome.pl\/index.php\/produkt\/rajstopy-gatta-rosalia-40\/","title":{"rendered":"Rajstopy Gatta Rosalia 40"},"content":{"rendered":"<p>Eleganckie, g\u0142adkie rajstopy b\u0119d\u0105ce niezast\u0105pionym atutem ka\u017cdej stylizacji.\u00a0Mi\u0119kkie, przyjemne w dotyku, wytrzyma\u0142e\u00a0i elastyczne.\u00a0Grubo\u015b\u0107 40 DEN.<\/p>\n<p>Obja\u015bnienie odcieni:<\/p>\n<p>Grupa subtelnych,\u00a0bardzo\u00a0jasnych be\u017cy to kolory rajstop: Panna, Natural, Sabia.<\/p>\n<p>Grupa be\u017cy (\u015brednio opalonych) to kolory rajstop: Dune, Antilope, Daino, Golden, Beige, Visione, Claro, Nocciola, Glace, Gold Yellow (musztardowy).<\/p>\n<p>Grupa be\u017cy (ciemnych, mocno opalonych) to kolory rajstop: Playa, Sierra, Bronzo, Inka, Walnut.<\/p>\n<p>Bardzo ciemne br\u0105zy: Moka, Caffe2, Coffee Bean.<\/p>\n<p>Odcienie zieleni (butelkowej): Camp, Olivo, Lyon, Castoro, Avocado (\u015bredni), English Ivy (\u015bredni), Fumo (bardzo ciemny), Piniato (bardzo ciemny).<\/p>\n<p>Odcienie popielu: Perla (jasny),\u00a0Dapple Gray (jasny),\u00a0Grigio (\u015bredni), Mid Night (\u015bredni-niebieski),\u00a0Topino (ciemny), Mood Indygo (ciemny), Grafit (bardzo ciemny), Blue Jeans (bardzo ciemny).<\/p>\n<p>Odcienie r\u00f3\u017cu: Misty Rose (jasny), Azalea (fuksja), Chryzanthemum (\u015bredni).<\/p>\n<p>Odcienie fioletu: Lawenda2 (\u015bredni), Purple (\u015bredni), Deep Purple (ciemny), Violet2 (bardzo ciemny).<\/p>\n<p>Turkus: Enamel Blue.<\/p>\n<p>Czarny: Nero.<\/p>\n<p>Bia\u0142y: Bianco.<\/p>\n","protected":false},"excerpt":{"rendered":"<p>Eleganckie, g\u0142adkie rajstopy b\u0119d\u0105ce niezast\u0105pionym atutem ka\u017cdej stylizacji.\u00a0Mi\u0119kkie, przyjemne w dotyku, wytrzyma\u0142e\u00a0i elastyczne.\u00a0Grubo\u015b\u0107 40 DEN. Obja\u015bnienie odcieni: Grupa subtelnych,\u00a0bardzo\u00a0jasnych be\u017cy to kolory rajstop: Panna, Natural, Sabia. Grupa be\u017cy (\u015brednio opalonych) to kolory rajstop: Dune, Antilope, Daino, Golden, Beige, Visione, Claro, Nocciola, Glace, Gold Yellow (musztardowy). Grupa be\u017cy (ciemnych, mocno opalonych) to kolory rajstop: Playa, Sierra, &hellip; <\/p>\n","protected":false},"featured_media":15085,"comment_status":"open","ping_status":"closed","template":"","meta":[],"product_brand":[],"product_cat":[24,628,41,40,39,42,43],"product_tag":[708,709,710,736,768,767,370,348,699,706,725,72,764,769,730],"class_list":{"0":"post-12530","1":"product","2":"type-product","3":"status-publish","4":"has-post-thumbnail","6":"product_cat-produkty","7":"product_cat-rajstopy-podkategoria-do-bielizny","8":"product_cat-l","9":"product_cat-m","10":"product_cat-s","11":"product_cat-xl","12":"product_cat-2xl","13":"product_tag-2-s","14":"product_tag-3-m","15":"product_tag-4-l","16":"product_tag-5-xl","17":"product_tag-6-xxl","18":"product_tag-bez-zaznaczonej-czesci-majteczkowej","19":"product_tag-elastyczne","20":"product_tag-eleganckie","21":"product_tag-gatta","22":"product_tag-grubosc-40-den","23":"product_tag-matowe","24":"product_tag-miekkie","25":"product_tag-przyjemne-w-dotyku","26":"product_tag-rajstopy-damskie","27":"product_tag-wytrzymale","29":"first","30":"instock","31":"sale","32":"taxable","33":"shipping-taxable","34":"purchasable","35":"product-type-simple"},"_links":{"self":[{"href":"https:\/\/butikhome.pl\/index.php\/wp-json\/wp\/v2\/product\/12530","targetHints":{"allow":["GET"]}}],"collection":[{"href":"https:\/\/butikhome.pl\/index.php\/wp-json\/wp\/v2\/product"}],"about":[{"href":"https:\/\/butikhome.pl\/index.php\/wp-json\/wp\/v2\/types\/product"}],"replies":[{"embeddable":true,"href":"https:\/\/butikhome.pl\/index.php\/wp-json\/wp\/v2\/comments?post=12530"}],"wp:featuredmedia":[{"embeddable":true,"href":"https:\/\/butikhome.pl\/index.php\/wp-json\/wp\/v2\/media\/15085"}],"wp:attachment":[{"href":"https:\/\/butikhome.pl\/index.php\/wp-json\/wp\/v2\/media?parent=12530"}],"wp:term":[{"taxonomy":"product_brand","embeddable":true,"href":"https:\/\/butikhome.pl\/index.php\/wp-json\/wp\/v2\/product_brand?post=12530"},{"taxonomy":"product_cat","embeddable":true,"href":"https:\/\/butikhome.pl\/index.php\/wp-json\/wp\/v2\/product_cat?post=12530"},{"taxonomy":"product_tag","embeddable":true,"href":"https:\/\/butikhome.pl\/index.php\/wp-json\/wp\/v2\/product_tag?post=12530"}],"curies":[{"name":"wp","href":"https:\/\/api.w.org\/{rel}","templated":true}]}}