{"id":12564,"date":"2023-03-29T16:56:59","date_gmt":"2023-03-29T14:56:59","guid":{"rendered":"https:\/\/butikhome.pl\/index.php\/produkt\/rajstopy-gatta-rosalia-60\/"},"modified":"2023-04-24T14:29:45","modified_gmt":"2023-04-24T12:29:45","slug":"rajstopy-gatta-rosalia-60","status":"publish","type":"product","link":"https:\/\/butikhome.pl\/index.php\/produkt\/rajstopy-gatta-rosalia-60\/","title":{"rendered":"Rajstopy Gatta Rosalia 60"},"content":{"rendered":"<p>Eleganckie, g\u0142adkie rajstopy b\u0119d\u0105ce niezast\u0105pionym atutem ka\u017cdej stylizacji.\u00a0Mi\u0119kkie, przyjemne w dotyku, wytrzyma\u0142e\u00a0i elastyczne.\u00a0Grubo\u015b\u0107 60 DEN.<\/p>\n<p>Obja\u015bnienie odcieni:<\/p>\n<p>Grupa subtelnych,\u00a0bardzo\u00a0jasnych be\u017cy to kolory rajstop: Panna, Natural, Sabia.<\/p>\n<p>Grupa be\u017cy (\u015brednio opalonych) to kolory rajstop: Dune, Antilope, Daino, Golden, Beige, Visione, Claro, Nocciola, Glace, Gold Yellow (musztardowy).<\/p>\n<p>Grupa be\u017cy (ciemnych, mocno opalonych) to kolory rajstop: Playa, Sierra, Bronzo, Inka, Walnut.<\/p>\n<p>Bardzo ciemne br\u0105zy: Moka, Caffe2, Coffee Bean.<\/p>\n<p>Odcienie zieleni (butelkowej): Camp, Olivo, Lyon, Castoro, Avocado (\u015bredni), English Ivy (\u015bredni), Fumo (bardzo ciemny), Piniato (bardzo ciemny).<\/p>\n<p>Odcienie popielu: Perla (jasny),\u00a0Dapple Gray (jasny),\u00a0Grigio (\u015bredni), Mid Night (\u015bredni-niebieski),\u00a0Topino (ciemny), Mood Indygo (ciemny), Grafit (bardzo ciemny), Blue Jeans (bardzo ciemny).<\/p>\n<p>Odcienie r\u00f3\u017cu: Misty Rose (jasny), Azalea (fuksja), Chryzanthemum (\u015bredni).<\/p>\n<p>Odcienie fioletu: Lawenda2 (\u015bredni), Purple (\u015bredni), Deep Purple (ciemny), Violet2 (bardzo ciemny).<\/p>\n<p>Turkus: Enamel Blue.<\/p>\n<p>Czarny: Nero.<\/p>\n<p>Bia\u0142y: Bianco.<\/p>\n","protected":false},"excerpt":{"rendered":"<p>Eleganckie, g\u0142adkie rajstopy b\u0119d\u0105ce niezast\u0105pionym atutem ka\u017cdej stylizacji.\u00a0Mi\u0119kkie, przyjemne w dotyku, wytrzyma\u0142e\u00a0i elastyczne.\u00a0Grubo\u015b\u0107 60 DEN. Obja\u015bnienie odcieni: Grupa subtelnych,\u00a0bardzo\u00a0jasnych be\u017cy to kolory rajstop: Panna, Natural, Sabia. Grupa be\u017cy (\u015brednio opalonych) to kolory rajstop: Dune, Antilope, Daino, Golden, Beige, Visione, Claro, Nocciola, Glace, Gold Yellow (musztardowy). Grupa be\u017cy (ciemnych, mocno opalonych) to kolory rajstop: Playa, Sierra, &hellip; <\/p>\n","protected":false},"featured_media":15084,"comment_status":"open","ping_status":"closed","template":"","meta":[],"product_brand":[],"product_cat":[24,628,39],"product_tag":[708,767,370,348,51,765,725,72,722,766,764,730],"class_list":{"0":"post-12564","1":"product","2":"type-product","3":"status-publish","4":"has-post-thumbnail","6":"product_cat-produkty","7":"product_cat-rajstopy-podkategoria-do-bielizny","8":"product_cat-s","9":"product_tag-2-s","10":"product_tag-bez-zaznaczonej-czesci-majteczkowej","11":"product_tag-elastyczne","12":"product_tag-eleganckie","13":"product_tag-gladkie","14":"product_tag-grubosc-60-den","15":"product_tag-matowe","16":"product_tag-miekkie","17":"product_tag-mikrofibra","18":"product_tag-nieprzezroczyste","19":"product_tag-przyjemne-w-dotyku","20":"product_tag-wytrzymale","22":"first","23":"instock","24":"sale","25":"taxable","26":"shipping-taxable","27":"purchasable","28":"product-type-simple"},"_links":{"self":[{"href":"https:\/\/butikhome.pl\/index.php\/wp-json\/wp\/v2\/product\/12564","targetHints":{"allow":["GET"]}}],"collection":[{"href":"https:\/\/butikhome.pl\/index.php\/wp-json\/wp\/v2\/product"}],"about":[{"href":"https:\/\/butikhome.pl\/index.php\/wp-json\/wp\/v2\/types\/product"}],"replies":[{"embeddable":true,"href":"https:\/\/butikhome.pl\/index.php\/wp-json\/wp\/v2\/comments?post=12564"}],"wp:featuredmedia":[{"embeddable":true,"href":"https:\/\/butikhome.pl\/index.php\/wp-json\/wp\/v2\/media\/15084"}],"wp:attachment":[{"href":"https:\/\/butikhome.pl\/index.php\/wp-json\/wp\/v2\/media?parent=12564"}],"wp:term":[{"taxonomy":"product_brand","embeddable":true,"href":"https:\/\/butikhome.pl\/index.php\/wp-json\/wp\/v2\/product_brand?post=12564"},{"taxonomy":"product_cat","embeddable":true,"href":"https:\/\/butikhome.pl\/index.php\/wp-json\/wp\/v2\/product_cat?post=12564"},{"taxonomy":"product_tag","embeddable":true,"href":"https:\/\/butikhome.pl\/index.php\/wp-json\/wp\/v2\/product_tag?post=12564"}],"curies":[{"name":"wp","href":"https:\/\/api.w.org\/{rel}","templated":true}]}}