{"id":12578,"date":"2023-03-29T16:57:24","date_gmt":"2023-03-29T14:57:24","guid":{"rendered":"https:\/\/butikhome.pl\/index.php\/produkt\/rajstopy-gatta-sofia\/"},"modified":"2023-04-24T13:45:18","modified_gmt":"2023-04-24T11:45:18","slug":"rajstopy-gatta-sofia","status":"publish","type":"product","link":"https:\/\/butikhome.pl\/index.php\/produkt\/rajstopy-gatta-sofia\/","title":{"rendered":"Rajstopy Gatta Sofia"},"content":{"rendered":"<p>Sofia, czyli zupe\u0142nie g\u0142adkie, elastyczne rajstopy, b\u0119d\u0105ce podstawowym wyznacznikiem kobieco\u015bci. Praktyczne i niezast\u0105pione, niezb\u0119dne na co dzie\u0144, pasuj\u0105ce niemal\u017ce do wszystkiego. Doskonale dopasowane do cia\u0142a, staj\u0105 si\u0119 niezast\u0105pionym dodatkiem\u00a0ka\u017cdej, kobiecej garderoby.<\/p>\n","protected":false},"excerpt":{"rendered":"<p>Sofia, czyli zupe\u0142nie g\u0142adkie, elastyczne rajstopy, b\u0119d\u0105ce podstawowym wyznacznikiem kobieco\u015bci. Praktyczne i niezast\u0105pione, niezb\u0119dne na co dzie\u0144, pasuj\u0105ce niemal\u017ce do wszystkiego. Doskonale dopasowane do cia\u0142a, staj\u0105 si\u0119 niezast\u0105pionym dodatkiem\u00a0ka\u017cdej, kobiecej garderoby.<\/p>\n","protected":false},"featured_media":15083,"comment_status":"open","ping_status":"closed","template":"","meta":[],"product_brand":[],"product_cat":[24,628,39],"product_tag":[708,758,759,760,763,725,761,715,762],"class_list":{"0":"post-12578","1":"product","2":"type-product","3":"status-publish","4":"has-post-thumbnail","6":"product_cat-produkty","7":"product_cat-rajstopy-podkategoria-do-bielizny","8":"product_cat-s","9":"product_tag-2-s","10":"product_tag-gatta-sofia","11":"product_tag-gladkie-praktyczne","12":"product_tag-idealne-na-codzien-i-wieczor","13":"product_tag-maly-klin","14":"product_tag-matowe","15":"product_tag-polprzezroczyste","16":"product_tag-rajstopy","17":"product_tag-wzmocnione-czesc-majteczkowa","19":"first","20":"instock","21":"sale","22":"taxable","23":"shipping-taxable","24":"purchasable","25":"product-type-simple"},"_links":{"self":[{"href":"https:\/\/butikhome.pl\/index.php\/wp-json\/wp\/v2\/product\/12578","targetHints":{"allow":["GET"]}}],"collection":[{"href":"https:\/\/butikhome.pl\/index.php\/wp-json\/wp\/v2\/product"}],"about":[{"href":"https:\/\/butikhome.pl\/index.php\/wp-json\/wp\/v2\/types\/product"}],"replies":[{"embeddable":true,"href":"https:\/\/butikhome.pl\/index.php\/wp-json\/wp\/v2\/comments?post=12578"}],"wp:featuredmedia":[{"embeddable":true,"href":"https:\/\/butikhome.pl\/index.php\/wp-json\/wp\/v2\/media\/15083"}],"wp:attachment":[{"href":"https:\/\/butikhome.pl\/index.php\/wp-json\/wp\/v2\/media?parent=12578"}],"wp:term":[{"taxonomy":"product_brand","embeddable":true,"href":"https:\/\/butikhome.pl\/index.php\/wp-json\/wp\/v2\/product_brand?post=12578"},{"taxonomy":"product_cat","embeddable":true,"href":"https:\/\/butikhome.pl\/index.php\/wp-json\/wp\/v2\/product_cat?post=12578"},{"taxonomy":"product_tag","embeddable":true,"href":"https:\/\/butikhome.pl\/index.php\/wp-json\/wp\/v2\/product_tag?post=12578"}],"curies":[{"name":"wp","href":"https:\/\/api.w.org\/{rel}","templated":true}]}}