{"id":12624,"date":"2023-03-29T16:58:56","date_gmt":"2023-03-29T14:58:56","guid":{"rendered":"https:\/\/butikhome.pl\/index.php\/produkt\/rajstopy-girl-up-01\/"},"modified":"2023-04-24T12:36:37","modified_gmt":"2023-04-24T10:36:37","slug":"rajstopy-girl-up-01","status":"publish","type":"product","link":"https:\/\/butikhome.pl\/index.php\/produkt\/rajstopy-girl-up-01\/","title":{"rendered":"Rajstopy Girl Up 01"},"content":{"rendered":"<p>Girl Up 01 to rajstopy dla kobiet, kt\u00f3re kochaj\u0105 mod\u0119. I mimo ch\u0142odniejszych dni, wci\u0105\u017c dbaj\u0105 o szczeg\u00f3\u0142y swoich stylizacji. Grubsze na dole (40DEN), cie\u0144sze u g\u00f3ry (20DEN), gdzie pierwsze\u0144stwo wiedzie intryguj\u0105ca, bardzo seksowna aran\u017cacja, kt\u00f3ra mo\u017ce sugerowa\u0107, \u017ce zamiast rajstop nosimy kusz\u0105ce po\u0144czochy dopi\u0119te do po\u0144czoszniczego paska&#8230; Renomowany producent Gatta.<\/p>\n","protected":false},"excerpt":{"rendered":"<p>Girl Up 01 to rajstopy dla kobiet, kt\u00f3re kochaj\u0105 mod\u0119. I mimo ch\u0142odniejszych dni, wci\u0105\u017c dbaj\u0105 o szczeg\u00f3\u0142y swoich stylizacji. Grubsze na dole (40DEN), cie\u0144sze u g\u00f3ry (20DEN), gdzie pierwsze\u0144stwo wiedzie intryguj\u0105ca, bardzo seksowna aran\u017cacja, kt\u00f3ra mo\u017ce sugerowa\u0107, \u017ce zamiast rajstop nosimy kusz\u0105ce po\u0144czochy dopi\u0119te do po\u0144czoszniczego paska&#8230; Renomowany producent Gatta.<\/p>\n","protected":false},"featured_media":15082,"comment_status":"open","ping_status":"closed","template":"","meta":[],"product_brand":[],"product_cat":[24,628,41,40,39],"product_tag":[708,709,710,755,699,757,753,754,756,715],"class_list":{"0":"post-12624","1":"product","2":"type-product","3":"status-publish","4":"has-post-thumbnail","6":"product_cat-produkty","7":"product_cat-rajstopy-podkategoria-do-bielizny","8":"product_cat-l","9":"product_cat-m","10":"product_cat-s","11":"product_tag-2-s","12":"product_tag-3-m","13":"product_tag-4-l","14":"product_tag-efekt-ponczoch","15":"product_tag-gatta","16":"product_tag-girl-up-01","17":"product_tag-grubsze-na-dole-20-den","18":"product_tag-iensze-u-gory-20-den","19":"product_tag-niezwykle-seksowne","20":"product_tag-rajstopy","22":"first","23":"instock","24":"taxable","25":"shipping-taxable","26":"purchasable","27":"product-type-simple"},"_links":{"self":[{"href":"https:\/\/butikhome.pl\/index.php\/wp-json\/wp\/v2\/product\/12624","targetHints":{"allow":["GET"]}}],"collection":[{"href":"https:\/\/butikhome.pl\/index.php\/wp-json\/wp\/v2\/product"}],"about":[{"href":"https:\/\/butikhome.pl\/index.php\/wp-json\/wp\/v2\/types\/product"}],"replies":[{"embeddable":true,"href":"https:\/\/butikhome.pl\/index.php\/wp-json\/wp\/v2\/comments?post=12624"}],"wp:featuredmedia":[{"embeddable":true,"href":"https:\/\/butikhome.pl\/index.php\/wp-json\/wp\/v2\/media\/15082"}],"wp:attachment":[{"href":"https:\/\/butikhome.pl\/index.php\/wp-json\/wp\/v2\/media?parent=12624"}],"wp:term":[{"taxonomy":"product_brand","embeddable":true,"href":"https:\/\/butikhome.pl\/index.php\/wp-json\/wp\/v2\/product_brand?post=12624"},{"taxonomy":"product_cat","embeddable":true,"href":"https:\/\/butikhome.pl\/index.php\/wp-json\/wp\/v2\/product_cat?post=12624"},{"taxonomy":"product_tag","embeddable":true,"href":"https:\/\/butikhome.pl\/index.php\/wp-json\/wp\/v2\/product_tag?post=12624"}],"curies":[{"name":"wp","href":"https:\/\/api.w.org\/{rel}","templated":true}]}}