{"id":12627,"date":"2023-03-29T16:59:00","date_gmt":"2023-03-29T14:59:00","guid":{"rendered":"https:\/\/butikhome.pl\/index.php\/produkt\/rajstopy-korygujace-bye-cellulite-20-den\/"},"modified":"2023-04-24T12:17:37","modified_gmt":"2023-04-24T10:17:37","slug":"rajstopy-korygujace-bye-cellulite-20-den","status":"publish","type":"product","link":"https:\/\/butikhome.pl\/index.php\/produkt\/rajstopy-korygujace-bye-cellulite-20-den\/","title":{"rendered":"Rajstopy koryguj\u0105ce Bye Cellulite 20 DEN"},"content":{"rendered":"<ul style=\"margin-top: 0:margin-bottom:0:;\">\n<li>Matowe, antycellulitowe i wyszczuplaj\u0105ce, kryj\u0105ce rajstopy z innowacyjnej linii Gatta Revolution!<\/li>\n<li>Grubo\u015b\u0107 20 DEN (klasyczna grubo\u015b\u0107, idealna na co dzie\u0144)<\/li>\n<li>Zawieraj\u0105 mineralne substancje aktywne.<\/li>\n<li>Wykonane ze specjalistycznej prz\u0119dzy NILIT.<\/li>\n<li>Absorbuj\u0105 ciep\u0142o cia\u0142a i zmieniaj\u0105 je w g\u0142\u0119bokie promienie podczerwone. Promienie wnikaj\u0105c w g\u0142\u0105b tkanki sk\u00f3rnej delikatnie i nieodczuwalnie ogrzewaj\u0105 kom\u00f3rki, co stymuluje przemian\u0119 materii, poprawia ukrwienie sk\u00f3ry i jej og\u00f3lny wygl\u0105d. Efekt? Likwidacja niechcianej, pomara\u0144czowej sk\u00f3rki czyli cellulitu!<\/li>\n<li>Rajstopy polepszaj\u0105 przep\u0142yw krwi, co wzmaga efekt wyszczuplaj\u0105cy. Pierwsze efekty widoczne s\u0105 w okolicach bioder, ud i po\u015bladk\u00f3w (po ok. 4 tygodniach).<\/li>\n<li>Efektywno\u015b\u0107 rajstop nie zmniejsza si\u0119 pomimo wielokrotnego prania &#8211; jest to produkt innowacyjny, wykonany w najwy\u017cszej technologii. Sk\u0142ad: 85% poliamid, 14% elastan, 1% bawe\u0142na<\/li>\n<li>Kolory: fumo\u00a0&#8211; odcie\u0144 ciemnego grafitu,\u00a0grafit &#8211; grafitowy, nero &#8211; czarny, sierra &#8211; odcie\u0144 kawy z mlekiem, Beige(2) &#8211; be\u017c.<\/li>\n<\/ul>\n<p>&nbsp;<\/p>\n<p>&nbsp;<\/p>\n","protected":false},"excerpt":{"rendered":"<p>Matowe, antycellulitowe i wyszczuplaj\u0105ce, kryj\u0105ce rajstopy z innowacyjnej linii Gatta Revolution! Grubo\u015b\u0107 20 DEN (klasyczna grubo\u015b\u0107, idealna na co dzie\u0144) Zawieraj\u0105 mineralne substancje aktywne. Wykonane ze specjalistycznej prz\u0119dzy NILIT. Absorbuj\u0105 ciep\u0142o cia\u0142a i zmieniaj\u0105 je w g\u0142\u0119bokie promienie podczerwone. Promienie wnikaj\u0105c w g\u0142\u0105b tkanki sk\u00f3rnej delikatnie i nieodczuwalnie ogrzewaj\u0105 kom\u00f3rki, co stymuluje przemian\u0119 materii, poprawia &hellip; <\/p>\n","protected":false},"featured_media":15081,"comment_status":"open","ping_status":"closed","template":"","meta":[],"product_brand":[],"product_cat":[24,628,39],"product_tag":[708,752,751,699,700,749,750,745,743,741,85],"class_list":{"0":"post-12627","1":"product","2":"type-product","3":"status-publish","4":"has-post-thumbnail","6":"product_cat-produkty","7":"product_cat-rajstopy-podkategoria-do-bielizny","8":"product_cat-s","9":"product_tag-2-s","10":"product_tag-cieliste","11":"product_tag-efekt-wyszczuplajacy","12":"product_tag-gatta","13":"product_tag-grubosc-20-den","14":"product_tag-kryjace","15":"product_tag-poprawiaja-przemiane-materii","16":"product_tag-poprawiaja-ukrwienie-skory","17":"product_tag-przedza-nilit","18":"product_tag-rajstopy-antycellulitowe","19":"product_tag-wyszczuplajace","21":"first","22":"instock","23":"sale","24":"taxable","25":"shipping-taxable","26":"purchasable","27":"product-type-simple"},"_links":{"self":[{"href":"https:\/\/butikhome.pl\/index.php\/wp-json\/wp\/v2\/product\/12627","targetHints":{"allow":["GET"]}}],"collection":[{"href":"https:\/\/butikhome.pl\/index.php\/wp-json\/wp\/v2\/product"}],"about":[{"href":"https:\/\/butikhome.pl\/index.php\/wp-json\/wp\/v2\/types\/product"}],"replies":[{"embeddable":true,"href":"https:\/\/butikhome.pl\/index.php\/wp-json\/wp\/v2\/comments?post=12627"}],"wp:featuredmedia":[{"embeddable":true,"href":"https:\/\/butikhome.pl\/index.php\/wp-json\/wp\/v2\/media\/15081"}],"wp:attachment":[{"href":"https:\/\/butikhome.pl\/index.php\/wp-json\/wp\/v2\/media?parent=12627"}],"wp:term":[{"taxonomy":"product_brand","embeddable":true,"href":"https:\/\/butikhome.pl\/index.php\/wp-json\/wp\/v2\/product_brand?post=12627"},{"taxonomy":"product_cat","embeddable":true,"href":"https:\/\/butikhome.pl\/index.php\/wp-json\/wp\/v2\/product_cat?post=12627"},{"taxonomy":"product_tag","embeddable":true,"href":"https:\/\/butikhome.pl\/index.php\/wp-json\/wp\/v2\/product_tag?post=12627"}],"curies":[{"name":"wp","href":"https:\/\/api.w.org\/{rel}","templated":true}]}}