{"id":12654,"date":"2023-03-29T16:59:48","date_gmt":"2023-03-29T14:59:48","guid":{"rendered":"https:\/\/butikhome.pl\/index.php\/produkt\/rajstopy-laura-15\/"},"modified":"2023-04-21T14:06:21","modified_gmt":"2023-04-21T12:06:21","slug":"rajstopy-laura-15","status":"publish","type":"product","link":"https:\/\/butikhome.pl\/index.php\/produkt\/rajstopy-laura-15\/","title":{"rendered":"Rajstopy Laura 15"},"content":{"rendered":"<p>Klasyczne\u00a0rajstopy marki Gatta o grubo\u015bci 15DEN, obowi\u0105zkowy dodatek do ka\u017cdej, udanej stylizacji. Elastyczne, delikatne, otrzyma\u0142y wyr\u00f3\u017cnienie Laur konsumenta 2008.<\/p>\n<p>Obja\u015bnienie odcieni:<\/p>\n<p>Grupa subtelnych,\u00a0bardzo\u00a0jasnych be\u017cy to kolory rajstop: Panna, Natural, Sabia.<\/p>\n<p>Grupa be\u017cy (\u015brednio opalonych) to kolory rajstop: Dune, Antilope, Daino, Golden, Beige, Visione, Claro, Nocciola, Glace, Gold Yellow (musztardowy).<\/p>\n<p>Grupa be\u017cy (ciemnych, mocno opalonych) to kolory rajstop: Playa, Sierra, Bronzo, Inka, Walnut.<\/p>\n<p>Bardzo ciemne br\u0105zy: Moka, Caffe2, Coffee Bean.<\/p>\n<p>Odcienie zieleni (butelkowej): Camp, Olivo, Lyon, Castoro, Avocado (\u015bredni), English Ivy (\u015bredni), Fumo (bardzo ciemny), Piniato (bardzo ciemny).<\/p>\n<p>Odcienie popielu: Perla (jasny),\u00a0Dapple Gray (jasny),\u00a0Grigio (\u015bredni), Mid Night (\u015bredni-niebieski),\u00a0Topino (ciemny), Mood Indygo (ciemny), Grafit (bardzo ciemny), Blue Jeans (bardzo ciemny).<\/p>\n<p>Odcienie r\u00f3\u017cu: Misty Rose (jasny), Azalea (fuksja), Chryzanthemum (\u015bredni).<\/p>\n<p>Odcienie fioletu: Lawenda2 (\u015bredni), Purple (\u015bredni), Deep Purple (ciemny), Violet2 (bardzo ciemny).<\/p>\n<p>Turkus: Enamel Blue.<\/p>\n<p>Czarny: Nero.<\/p>\n<p>Bia\u0142y: Bianco.<\/p>\n","protected":false},"excerpt":{"rendered":"<p>Klasyczne\u00a0rajstopy marki Gatta o grubo\u015bci 15DEN, obowi\u0105zkowy dodatek do ka\u017cdej, udanej stylizacji. Elastyczne, delikatne, otrzyma\u0142y wyr\u00f3\u017cnienie Laur konsumenta 2008. Obja\u015bnienie odcieni: Grupa subtelnych,\u00a0bardzo\u00a0jasnych be\u017cy to kolory rajstop: Panna, Natural, Sabia. Grupa be\u017cy (\u015brednio opalonych) to kolory rajstop: Dune, Antilope, Daino, Golden, Beige, Visione, Claro, Nocciola, Glace, Gold Yellow (musztardowy). Grupa be\u017cy (ciemnych, mocno opalonych) to &hellip; <\/p>\n","protected":false},"featured_media":15054,"comment_status":"open","ping_status":"closed","template":"","meta":[],"product_brand":[],"product_cat":[24,628,39],"product_tag":[708,289,370,699,735,274,715],"class_list":{"0":"post-12654","1":"product","2":"type-product","3":"status-publish","4":"has-post-thumbnail","6":"product_cat-produkty","7":"product_cat-rajstopy-podkategoria-do-bielizny","8":"product_cat-s","9":"product_tag-2-s","10":"product_tag-delikatne","11":"product_tag-elastyczne","12":"product_tag-gatta","13":"product_tag-grubosc-15-den","14":"product_tag-klasyczne","15":"product_tag-rajstopy","17":"first","18":"instock","19":"sale","20":"taxable","21":"shipping-taxable","22":"purchasable","23":"product-type-simple"},"_links":{"self":[{"href":"https:\/\/butikhome.pl\/index.php\/wp-json\/wp\/v2\/product\/12654","targetHints":{"allow":["GET"]}}],"collection":[{"href":"https:\/\/butikhome.pl\/index.php\/wp-json\/wp\/v2\/product"}],"about":[{"href":"https:\/\/butikhome.pl\/index.php\/wp-json\/wp\/v2\/types\/product"}],"replies":[{"embeddable":true,"href":"https:\/\/butikhome.pl\/index.php\/wp-json\/wp\/v2\/comments?post=12654"}],"wp:featuredmedia":[{"embeddable":true,"href":"https:\/\/butikhome.pl\/index.php\/wp-json\/wp\/v2\/media\/15054"}],"wp:attachment":[{"href":"https:\/\/butikhome.pl\/index.php\/wp-json\/wp\/v2\/media?parent=12654"}],"wp:term":[{"taxonomy":"product_brand","embeddable":true,"href":"https:\/\/butikhome.pl\/index.php\/wp-json\/wp\/v2\/product_brand?post=12654"},{"taxonomy":"product_cat","embeddable":true,"href":"https:\/\/butikhome.pl\/index.php\/wp-json\/wp\/v2\/product_cat?post=12654"},{"taxonomy":"product_tag","embeddable":true,"href":"https:\/\/butikhome.pl\/index.php\/wp-json\/wp\/v2\/product_tag?post=12654"}],"curies":[{"name":"wp","href":"https:\/\/api.w.org\/{rel}","templated":true}]}}