{"id":12755,"date":"2023-03-29T17:03:29","date_gmt":"2023-03-29T15:03:29","guid":{"rendered":"https:\/\/butikhome.pl\/index.php\/produkt\/rajstopy-loretta-132-50-den\/"},"modified":"2023-04-21T13:54:46","modified_gmt":"2023-04-21T11:54:46","slug":"rajstopy-loretta-132-50-den","status":"publish","type":"product","link":"https:\/\/butikhome.pl\/index.php\/produkt\/rajstopy-loretta-132-50-den\/","title":{"rendered":"Rajstopy Loretta 132 50 DEN"},"content":{"rendered":"<p>Ciep\u0142e, wytrzyma\u0142e i wyj\u0105tkowo stylowe rajstopy, kt\u00f3re dodadz\u0105 charakteru Twojej stylizacji. \u015amia\u0142o si\u0119gnij po to co najmodniejsze. Motyw kocich c\u0119tek w czarnym, eleganckim wydaniu. Marka Gatta. Grubo\u015b\u0107 50 DEN. Sk\u0142ad: 97% poliamid, 3% elastan.<\/p>\n","protected":false},"excerpt":{"rendered":"<p>Ciep\u0142e, wytrzyma\u0142e i wyj\u0105tkowo stylowe rajstopy, kt\u00f3re dodadz\u0105 charakteru Twojej stylizacji. \u015amia\u0142o si\u0119gnij po to co najmodniejsze. Motyw kocich c\u0119tek w czarnym, eleganckim wydaniu. Marka Gatta. Grubo\u015b\u0107 50 DEN. Sk\u0142ad: 97% poliamid, 3% elastan.<\/p>\n","protected":false},"featured_media":15052,"comment_status":"open","ping_status":"closed","template":"","meta":[],"product_brand":[],"product_cat":[24,628,39],"product_tag":[708,714,732,733,699,734,713,730,731],"class_list":{"0":"post-12755","1":"product","2":"type-product","3":"status-publish","4":"has-post-thumbnail","6":"product_cat-produkty","7":"product_cat-rajstopy-podkategoria-do-bielizny","8":"product_cat-s","9":"product_tag-2-s","10":"product_tag-cieple","11":"product_tag-czarne-wydanie","12":"product_tag-dodadza-charakturu-stylizacji","13":"product_tag-gatta","14":"product_tag-grubosc-50-den","15":"product_tag-stylowe","16":"product_tag-wytrzymale","17":"product_tag-wzor-kocich-cetek","19":"first","20":"instock","21":"taxable","22":"shipping-taxable","23":"purchasable","24":"product-type-simple"},"_links":{"self":[{"href":"https:\/\/butikhome.pl\/index.php\/wp-json\/wp\/v2\/product\/12755","targetHints":{"allow":["GET"]}}],"collection":[{"href":"https:\/\/butikhome.pl\/index.php\/wp-json\/wp\/v2\/product"}],"about":[{"href":"https:\/\/butikhome.pl\/index.php\/wp-json\/wp\/v2\/types\/product"}],"replies":[{"embeddable":true,"href":"https:\/\/butikhome.pl\/index.php\/wp-json\/wp\/v2\/comments?post=12755"}],"wp:featuredmedia":[{"embeddable":true,"href":"https:\/\/butikhome.pl\/index.php\/wp-json\/wp\/v2\/media\/15052"}],"wp:attachment":[{"href":"https:\/\/butikhome.pl\/index.php\/wp-json\/wp\/v2\/media?parent=12755"}],"wp:term":[{"taxonomy":"product_brand","embeddable":true,"href":"https:\/\/butikhome.pl\/index.php\/wp-json\/wp\/v2\/product_brand?post=12755"},{"taxonomy":"product_cat","embeddable":true,"href":"https:\/\/butikhome.pl\/index.php\/wp-json\/wp\/v2\/product_cat?post=12755"},{"taxonomy":"product_tag","embeddable":true,"href":"https:\/\/butikhome.pl\/index.php\/wp-json\/wp\/v2\/product_tag?post=12755"}],"curies":[{"name":"wp","href":"https:\/\/api.w.org\/{rel}","templated":true}]}}