{"id":12756,"date":"2023-03-29T17:03:29","date_gmt":"2023-03-29T15:03:29","guid":{"rendered":"https:\/\/butikhome.pl\/index.php\/produkt\/rajstopy-monica-20den\/"},"modified":"2023-04-21T13:46:13","modified_gmt":"2023-04-21T11:46:13","slug":"rajstopy-monica-20den","status":"publish","type":"product","link":"https:\/\/butikhome.pl\/index.php\/produkt\/rajstopy-monica-20den\/","title":{"rendered":"Rajstopy Monica 20DEN"},"content":{"rendered":"<p>Seksowne, g\u0142adkie rajstopy z ozdobn\u0105 cz\u0119\u015bci\u0105 majteczkow\u0105. Wykonane z delikatnej mikrofibry, bez zaznaczonej cz\u0119\u015bci palcowej. Bardzo kobiece. Grubo\u015b\u0107 20DEN.<\/p>\n<p>&nbsp;<\/p>\n","protected":false},"excerpt":{"rendered":"<p>Seksowne, g\u0142adkie rajstopy z ozdobn\u0105 cz\u0119\u015bci\u0105 majteczkow\u0105. Wykonane z delikatnej mikrofibry, bez zaznaczonej cz\u0119\u015bci palcowej. Bardzo kobiece. Grubo\u015b\u0107 20DEN. &nbsp;<\/p>\n","protected":false},"featured_media":15051,"comment_status":"open","ping_status":"closed","template":"","meta":[],"product_brand":[],"product_cat":[24,628,41,40,39],"product_tag":[708,709,710,729,728,700,81,727,715,272],"class_list":{"0":"post-12756","1":"product","2":"type-product","3":"status-publish","4":"has-post-thumbnail","6":"product_cat-produkty","7":"product_cat-rajstopy-podkategoria-do-bielizny","8":"product_cat-l","9":"product_cat-m","10":"product_cat-s","11":"product_tag-2-s","12":"product_tag-3-m","13":"product_tag-4-l","14":"product_tag-bez-zaznaczonej-czesci-palcowej","15":"product_tag-delikatna-mikrofibra","16":"product_tag-grubosc-20-den","17":"product_tag-kobiece","18":"product_tag-ozdobna-czesc-majteczkowa","19":"product_tag-rajstopy","20":"product_tag-seksowne","22":"first","23":"instock","24":"sale","25":"taxable","26":"shipping-taxable","27":"purchasable","28":"product-type-simple"},"_links":{"self":[{"href":"https:\/\/butikhome.pl\/index.php\/wp-json\/wp\/v2\/product\/12756","targetHints":{"allow":["GET"]}}],"collection":[{"href":"https:\/\/butikhome.pl\/index.php\/wp-json\/wp\/v2\/product"}],"about":[{"href":"https:\/\/butikhome.pl\/index.php\/wp-json\/wp\/v2\/types\/product"}],"replies":[{"embeddable":true,"href":"https:\/\/butikhome.pl\/index.php\/wp-json\/wp\/v2\/comments?post=12756"}],"wp:featuredmedia":[{"embeddable":true,"href":"https:\/\/butikhome.pl\/index.php\/wp-json\/wp\/v2\/media\/15051"}],"wp:attachment":[{"href":"https:\/\/butikhome.pl\/index.php\/wp-json\/wp\/v2\/media?parent=12756"}],"wp:term":[{"taxonomy":"product_brand","embeddable":true,"href":"https:\/\/butikhome.pl\/index.php\/wp-json\/wp\/v2\/product_brand?post=12756"},{"taxonomy":"product_cat","embeddable":true,"href":"https:\/\/butikhome.pl\/index.php\/wp-json\/wp\/v2\/product_cat?post=12756"},{"taxonomy":"product_tag","embeddable":true,"href":"https:\/\/butikhome.pl\/index.php\/wp-json\/wp\/v2\/product_tag?post=12756"}],"curies":[{"name":"wp","href":"https:\/\/api.w.org\/{rel}","templated":true}]}}