{"id":12766,"date":"2023-03-29T17:03:49","date_gmt":"2023-03-29T15:03:49","guid":{"rendered":"https:\/\/butikhome.pl\/index.php\/produkt\/rajstopy-satti-matti-120\/"},"modified":"2023-04-21T13:41:48","modified_gmt":"2023-04-21T11:41:48","slug":"rajstopy-satti-matti-120","status":"publish","type":"product","link":"https:\/\/butikhome.pl\/index.php\/produkt\/rajstopy-satti-matti-120\/","title":{"rendered":"Rajstopy Satti Matti 120"},"content":{"rendered":"<p>Rajstopy o wyj\u0105tkowym poczuciu komfortu. Mikrofibra o podw\u00f3jnym oplocie i specjalna technologia tkania 3D tworz\u0105 g\u0142adk\u0105 struktur\u0119 oczek. Efekt? Matowe, eleganckie, zmys\u0142owe rajstopy, w kt\u00f3rych mo\u017cna si\u0119 zakocha\u0107&#8230; Grubo\u015b\u0107 120 DEN. Sk\u0142ad: 93% poliamid, 6% elastan, 1% bawe\u0142na.<\/p>\n<p>&nbsp;<\/p>\n","protected":false},"excerpt":{"rendered":"<p>Rajstopy o wyj\u0105tkowym poczuciu komfortu. Mikrofibra o podw\u00f3jnym oplocie i specjalna technologia tkania 3D tworz\u0105 g\u0142adk\u0105 struktur\u0119 oczek. Efekt? Matowe, eleganckie, zmys\u0142owe rajstopy, w kt\u00f3rych mo\u017cna si\u0119 zakocha\u0107&#8230; Grubo\u015b\u0107 120 DEN. Sk\u0142ad: 93% poliamid, 6% elastan, 1% bawe\u0142na. &nbsp;<\/p>\n","protected":false},"featured_media":15050,"comment_status":"open","ping_status":"closed","template":"","meta":[],"product_brand":[],"product_cat":[24,628,41,40,39],"product_tag":[708,709,710,52,348,699,724,726,725,722,723,715],"class_list":{"0":"post-12766","1":"product","2":"type-product","3":"status-publish","4":"has-post-thumbnail","6":"product_cat-produkty","7":"product_cat-rajstopy-podkategoria-do-bielizny","8":"product_cat-l","9":"product_cat-m","10":"product_cat-s","11":"product_tag-2-s","12":"product_tag-3-m","13":"product_tag-4-l","14":"product_tag-czarne","15":"product_tag-eleganckie","16":"product_tag-gatta","17":"product_tag-gladka-struktura-oczek","18":"product_tag-grubosc-120-den","19":"product_tag-matowe","20":"product_tag-mikrofibra","21":"product_tag-podwojny-oplot","22":"product_tag-rajstopy","24":"first","25":"instock","26":"taxable","27":"shipping-taxable","28":"purchasable","29":"product-type-simple"},"_links":{"self":[{"href":"https:\/\/butikhome.pl\/index.php\/wp-json\/wp\/v2\/product\/12766","targetHints":{"allow":["GET"]}}],"collection":[{"href":"https:\/\/butikhome.pl\/index.php\/wp-json\/wp\/v2\/product"}],"about":[{"href":"https:\/\/butikhome.pl\/index.php\/wp-json\/wp\/v2\/types\/product"}],"replies":[{"embeddable":true,"href":"https:\/\/butikhome.pl\/index.php\/wp-json\/wp\/v2\/comments?post=12766"}],"wp:featuredmedia":[{"embeddable":true,"href":"https:\/\/butikhome.pl\/index.php\/wp-json\/wp\/v2\/media\/15050"}],"wp:attachment":[{"href":"https:\/\/butikhome.pl\/index.php\/wp-json\/wp\/v2\/media?parent=12766"}],"wp:term":[{"taxonomy":"product_brand","embeddable":true,"href":"https:\/\/butikhome.pl\/index.php\/wp-json\/wp\/v2\/product_brand?post=12766"},{"taxonomy":"product_cat","embeddable":true,"href":"https:\/\/butikhome.pl\/index.php\/wp-json\/wp\/v2\/product_cat?post=12766"},{"taxonomy":"product_tag","embeddable":true,"href":"https:\/\/butikhome.pl\/index.php\/wp-json\/wp\/v2\/product_tag?post=12766"}],"curies":[{"name":"wp","href":"https:\/\/api.w.org\/{rel}","templated":true}]}}