{"id":12780,"date":"2023-03-29T17:04:20","date_gmt":"2023-03-29T15:04:20","guid":{"rendered":"https:\/\/butikhome.pl\/index.php\/produkt\/rajstopy-snake-01-gatta-40-den-grey-nero\/"},"modified":"2023-04-21T13:30:44","modified_gmt":"2023-04-21T11:30:44","slug":"rajstopy-snake-01-gatta-40-den-grey-nero","status":"publish","type":"product","link":"https:\/\/butikhome.pl\/index.php\/produkt\/rajstopy-snake-01-gatta-40-den-grey-nero\/","title":{"rendered":"Rajstopy Snake 01 Gatta 40 DEN Grey-Nero"},"content":{"rendered":"<p>Srebrzysty kolor i hipnotyzuj\u0105cy, mozaikowy wz\u00f3r &#8211; Snake 01 to naj\u015bwie\u017csza nowo\u015b\u0107 marki Gatta. To stylowe, ciep\u0142e rajstopy z niesamowitym efektem. Marzysz o nieziemskiej stylizacji? &#8211; \u015bmia\u0142o! Z mark\u0105 Gatta to Ci si\u0119 uda! Grubo\u015b\u0107 40DEN. Sk\u0142ad: Sk\u0142ad: 71% poliamid, 23% poliester, 6% elastan.<\/p>\n<p>&nbsp;<\/p>\n","protected":false},"excerpt":{"rendered":"<p>Srebrzysty kolor i hipnotyzuj\u0105cy, mozaikowy wz\u00f3r &#8211; Snake 01 to naj\u015bwie\u017csza nowo\u015b\u0107 marki Gatta. To stylowe, ciep\u0142e rajstopy z niesamowitym efektem. Marzysz o nieziemskiej stylizacji? &#8211; \u015bmia\u0142o! Z mark\u0105 Gatta to Ci si\u0119 uda! Grubo\u015b\u0107 40DEN. Sk\u0142ad: Sk\u0142ad: 71% poliamid, 23% poliester, 6% elastan. &nbsp;<\/p>\n","protected":false},"featured_media":15048,"comment_status":"open","ping_status":"closed","template":"","meta":[],"product_brand":[],"product_cat":[24,628,41,40,39],"product_tag":[708,709,710,714,699,706,712,715,711,713],"class_list":{"0":"post-12780","1":"product","2":"type-product","3":"status-publish","4":"has-post-thumbnail","6":"product_cat-produkty","7":"product_cat-rajstopy-podkategoria-do-bielizny","8":"product_cat-l","9":"product_cat-m","10":"product_cat-s","11":"product_tag-2-s","12":"product_tag-3-m","13":"product_tag-4-l","14":"product_tag-cieple","15":"product_tag-gatta","16":"product_tag-grubosc-40-den","17":"product_tag-mozaikowy-wzor-snake-01","18":"product_tag-rajstopy","19":"product_tag-srebrzyste","20":"product_tag-stylowe","22":"first","23":"instock","24":"taxable","25":"shipping-taxable","26":"purchasable","27":"product-type-simple"},"_links":{"self":[{"href":"https:\/\/butikhome.pl\/index.php\/wp-json\/wp\/v2\/product\/12780","targetHints":{"allow":["GET"]}}],"collection":[{"href":"https:\/\/butikhome.pl\/index.php\/wp-json\/wp\/v2\/product"}],"about":[{"href":"https:\/\/butikhome.pl\/index.php\/wp-json\/wp\/v2\/types\/product"}],"replies":[{"embeddable":true,"href":"https:\/\/butikhome.pl\/index.php\/wp-json\/wp\/v2\/comments?post=12780"}],"wp:featuredmedia":[{"embeddable":true,"href":"https:\/\/butikhome.pl\/index.php\/wp-json\/wp\/v2\/media\/15048"}],"wp:attachment":[{"href":"https:\/\/butikhome.pl\/index.php\/wp-json\/wp\/v2\/media?parent=12780"}],"wp:term":[{"taxonomy":"product_brand","embeddable":true,"href":"https:\/\/butikhome.pl\/index.php\/wp-json\/wp\/v2\/product_brand?post=12780"},{"taxonomy":"product_cat","embeddable":true,"href":"https:\/\/butikhome.pl\/index.php\/wp-json\/wp\/v2\/product_cat?post=12780"},{"taxonomy":"product_tag","embeddable":true,"href":"https:\/\/butikhome.pl\/index.php\/wp-json\/wp\/v2\/product_tag?post=12780"}],"curies":[{"name":"wp","href":"https:\/\/api.w.org\/{rel}","templated":true}]}}