{"id":12783,"date":"2023-03-29T17:04:25","date_gmt":"2023-03-29T15:04:25","guid":{"rendered":"https:\/\/butikhome.pl\/index.php\/produkt\/skarpetki-fay-40-den\/"},"modified":"2023-04-21T13:25:29","modified_gmt":"2023-04-21T11:25:29","slug":"skarpetki-fay-40-den","status":"publish","type":"product","link":"https:\/\/butikhome.pl\/index.php\/produkt\/skarpetki-fay-40-den\/","title":{"rendered":"Skarpetki Fay 40 DEN"},"content":{"rendered":"<p>Delikatne, g\u0142adkie skarpetki wykonane z mi\u0119ciutkiej mikrofibry.\u00a0Pozytywnie zaskocz\u0105 Ci\u0119 ju\u017c od pierwszej chwili. Elastyczne, polecane na co dzie\u0144. Wspania\u0142a alternatywa dla podkolan\u00f3wek. Grubo\u015b\u0107 40 DEN, idealna na jesie\u0144.<\/p>\n","protected":false},"excerpt":{"rendered":"<p>Delikatne, g\u0142adkie skarpetki wykonane z mi\u0119ciutkiej mikrofibry.\u00a0Pozytywnie zaskocz\u0105 Ci\u0119 ju\u017c od pierwszej chwili. Elastyczne, polecane na co dzie\u0144. Wspania\u0142a alternatywa dla podkolan\u00f3wek. Grubo\u015b\u0107 40 DEN, idealna na jesie\u0144.<\/p>\n","protected":false},"featured_media":15047,"comment_status":"open","ping_status":"closed","template":"","meta":[],"product_brand":[],"product_cat":[24,628,626],"product_tag":[289,370,51,706,705,707,697,704],"class_list":{"0":"post-12783","1":"product","2":"type-product","3":"status-publish","4":"has-post-thumbnail","6":"product_cat-produkty","7":"product_cat-rajstopy-podkategoria-do-bielizny","8":"product_cat-skarpety-podkategoria-do-bielizny","9":"product_tag-delikatne","10":"product_tag-elastyczne","11":"product_tag-gladkie","12":"product_tag-grubosc-40-den","13":"product_tag-idealne-na-codzien","14":"product_tag-idealne-na-jesien","15":"product_tag-skarpetki-rajstopowe","16":"product_tag-z-mieciutkiej-mikrofibry","18":"first","19":"instock","20":"taxable","21":"shipping-taxable","22":"purchasable","23":"product-type-simple"},"_links":{"self":[{"href":"https:\/\/butikhome.pl\/index.php\/wp-json\/wp\/v2\/product\/12783","targetHints":{"allow":["GET"]}}],"collection":[{"href":"https:\/\/butikhome.pl\/index.php\/wp-json\/wp\/v2\/product"}],"about":[{"href":"https:\/\/butikhome.pl\/index.php\/wp-json\/wp\/v2\/types\/product"}],"replies":[{"embeddable":true,"href":"https:\/\/butikhome.pl\/index.php\/wp-json\/wp\/v2\/comments?post=12783"}],"wp:featuredmedia":[{"embeddable":true,"href":"https:\/\/butikhome.pl\/index.php\/wp-json\/wp\/v2\/media\/15047"}],"wp:attachment":[{"href":"https:\/\/butikhome.pl\/index.php\/wp-json\/wp\/v2\/media?parent=12783"}],"wp:term":[{"taxonomy":"product_brand","embeddable":true,"href":"https:\/\/butikhome.pl\/index.php\/wp-json\/wp\/v2\/product_brand?post=12783"},{"taxonomy":"product_cat","embeddable":true,"href":"https:\/\/butikhome.pl\/index.php\/wp-json\/wp\/v2\/product_cat?post=12783"},{"taxonomy":"product_tag","embeddable":true,"href":"https:\/\/butikhome.pl\/index.php\/wp-json\/wp\/v2\/product_tag?post=12783"}],"curies":[{"name":"wp","href":"https:\/\/api.w.org\/{rel}","templated":true}]}}