{"id":12785,"date":"2023-03-29T17:04:27","date_gmt":"2023-03-29T15:04:27","guid":{"rendered":"https:\/\/butikhome.pl\/index.php\/produkt\/skarpetki-gatta-lar\/"},"modified":"2023-04-21T13:20:17","modified_gmt":"2023-04-21T11:20:17","slug":"skarpetki-gatta-lar","status":"publish","type":"product","link":"https:\/\/butikhome.pl\/index.php\/produkt\/skarpetki-gatta-lar\/","title":{"rendered":"Skarpetki Gatta Lar"},"content":{"rendered":"<p>Wygodne i niezast\u0105pione skarpetki damskie wykonane z delikatnej dzianiny po\u0144czoszniczej. Niezb\u0119dny dodatek do naszej, kobiecej garderoby. G\u0142adkie i elastyczne. Doskona\u0142e na co dzie\u0144.<\/p>\n<p>W komplecie dwie pary.<\/p>\n","protected":false},"excerpt":{"rendered":"<p>Wygodne i niezast\u0105pione skarpetki damskie wykonane z delikatnej dzianiny po\u0144czoszniczej. Niezb\u0119dny dodatek do naszej, kobiecej garderoby. G\u0142adkie i elastyczne. Doskona\u0142e na co dzie\u0144. W komplecie dwie pary.<\/p>\n","protected":false},"featured_media":15046,"comment_status":"open","ping_status":"closed","template":"","meta":[],"product_brand":[],"product_cat":[24,628,626],"product_tag":[701,289,370,699,51,702,697,703,120],"class_list":{"0":"post-12785","1":"product","2":"type-product","3":"status-publish","4":"has-post-thumbnail","6":"product_cat-produkty","7":"product_cat-rajstopy-podkategoria-do-bielizny","8":"product_cat-skarpety-podkategoria-do-bielizny","9":"product_tag-damskie","10":"product_tag-delikatne","11":"product_tag-elastyczne","12":"product_tag-gatta","13":"product_tag-gladkie","14":"product_tag-niezbedny-dodatek-kobiecej-garderoby","15":"product_tag-skarpetki-rajstopowe","16":"product_tag-w-komplecie-2-pary","17":"product_tag-wygodne","19":"first","20":"instock","21":"taxable","22":"shipping-taxable","23":"purchasable","24":"product-type-simple"},"_links":{"self":[{"href":"https:\/\/butikhome.pl\/index.php\/wp-json\/wp\/v2\/product\/12785","targetHints":{"allow":["GET"]}}],"collection":[{"href":"https:\/\/butikhome.pl\/index.php\/wp-json\/wp\/v2\/product"}],"about":[{"href":"https:\/\/butikhome.pl\/index.php\/wp-json\/wp\/v2\/types\/product"}],"replies":[{"embeddable":true,"href":"https:\/\/butikhome.pl\/index.php\/wp-json\/wp\/v2\/comments?post=12785"}],"wp:featuredmedia":[{"embeddable":true,"href":"https:\/\/butikhome.pl\/index.php\/wp-json\/wp\/v2\/media\/15046"}],"wp:attachment":[{"href":"https:\/\/butikhome.pl\/index.php\/wp-json\/wp\/v2\/media?parent=12785"}],"wp:term":[{"taxonomy":"product_brand","embeddable":true,"href":"https:\/\/butikhome.pl\/index.php\/wp-json\/wp\/v2\/product_brand?post=12785"},{"taxonomy":"product_cat","embeddable":true,"href":"https:\/\/butikhome.pl\/index.php\/wp-json\/wp\/v2\/product_cat?post=12785"},{"taxonomy":"product_tag","embeddable":true,"href":"https:\/\/butikhome.pl\/index.php\/wp-json\/wp\/v2\/product_tag?post=12785"}],"curies":[{"name":"wp","href":"https:\/\/api.w.org\/{rel}","templated":true}]}}