{"id":12801,"date":"2023-03-29T17:05:03","date_gmt":"2023-03-29T15:05:03","guid":{"rendered":"https:\/\/butikhome.pl\/index.php\/produkt\/skarpetki-vee-20-den\/"},"modified":"2023-04-21T13:16:13","modified_gmt":"2023-04-21T11:16:13","slug":"skarpetki-vee-20-den","status":"publish","type":"product","link":"https:\/\/butikhome.pl\/index.php\/produkt\/skarpetki-vee-20-den\/","title":{"rendered":"Skarpetki Vee 20 DEN"},"content":{"rendered":"<p>Klasyczne, po\u0144czosznicze skarpetki. G\u0142adkie, elastyczne, mi\u0119kkie. Sygnowane logo producenta Gatta. Grubo\u015b\u0107 20 DEN.<\/p>\n","protected":false},"excerpt":{"rendered":"<p>Klasyczne, po\u0144czosznicze skarpetki. G\u0142adkie, elastyczne, mi\u0119kkie. Sygnowane logo producenta Gatta. Grubo\u015b\u0107 20 DEN.<\/p>\n","protected":false},"featured_media":15045,"comment_status":"open","ping_status":"closed","template":"","meta":[],"product_brand":[],"product_cat":[24],"product_tag":[370,699,51,700,274,72,698,697],"class_list":{"0":"post-12801","1":"product","2":"type-product","3":"status-publish","4":"has-post-thumbnail","6":"product_cat-produkty","7":"product_tag-elastyczne","8":"product_tag-gatta","9":"product_tag-gladkie","10":"product_tag-grubosc-20-den","11":"product_tag-klasyczne","12":"product_tag-miekkie","13":"product_tag-rozmiar-uniwersalny","14":"product_tag-skarpetki-rajstopowe","16":"first","17":"instock","18":"taxable","19":"shipping-taxable","20":"purchasable","21":"product-type-simple"},"_links":{"self":[{"href":"https:\/\/butikhome.pl\/index.php\/wp-json\/wp\/v2\/product\/12801","targetHints":{"allow":["GET"]}}],"collection":[{"href":"https:\/\/butikhome.pl\/index.php\/wp-json\/wp\/v2\/product"}],"about":[{"href":"https:\/\/butikhome.pl\/index.php\/wp-json\/wp\/v2\/types\/product"}],"replies":[{"embeddable":true,"href":"https:\/\/butikhome.pl\/index.php\/wp-json\/wp\/v2\/comments?post=12801"}],"wp:featuredmedia":[{"embeddable":true,"href":"https:\/\/butikhome.pl\/index.php\/wp-json\/wp\/v2\/media\/15045"}],"wp:attachment":[{"href":"https:\/\/butikhome.pl\/index.php\/wp-json\/wp\/v2\/media?parent=12801"}],"wp:term":[{"taxonomy":"product_brand","embeddable":true,"href":"https:\/\/butikhome.pl\/index.php\/wp-json\/wp\/v2\/product_brand?post=12801"},{"taxonomy":"product_cat","embeddable":true,"href":"https:\/\/butikhome.pl\/index.php\/wp-json\/wp\/v2\/product_cat?post=12801"},{"taxonomy":"product_tag","embeddable":true,"href":"https:\/\/butikhome.pl\/index.php\/wp-json\/wp\/v2\/product_tag?post=12801"}],"curies":[{"name":"wp","href":"https:\/\/api.w.org\/{rel}","templated":true}]}}