{"id":12805,"date":"2023-03-29T17:05:17","date_gmt":"2023-03-29T15:05:17","guid":{"rendered":"https:\/\/butikhome.pl\/index.php\/produkt\/stopki-gatta-27-nero\/"},"modified":"2023-04-21T13:07:57","modified_gmt":"2023-04-21T11:07:57","slug":"stopki-gatta-27-nero","status":"publish","type":"product","link":"https:\/\/butikhome.pl\/index.php\/produkt\/stopki-gatta-27-nero\/","title":{"rendered":"Stopki Gatta 27 Nero"},"content":{"rendered":"<p>Koronkowe stopki do balerinek, marki Gatta. Wyko\u0144czone silikonem. Podeszwa z bawe\u0142ny. Sk\u0142ad: 90% poliamid, 10% elastan. Podeszwa: 95% bawe\u0142na, 5% elastan.<\/p>\n<p>&nbsp;<\/p>\n","protected":false},"excerpt":{"rendered":"<p>Koronkowe stopki do balerinek, marki Gatta. Wyko\u0144czone silikonem. Podeszwa z bawe\u0142ny. Sk\u0142ad: 90% poliamid, 10% elastan. Podeszwa: 95% bawe\u0142na, 5% elastan. &nbsp;<\/p>\n","protected":false},"featured_media":15043,"comment_status":"open","ping_status":"closed","template":"","meta":[],"product_brand":[],"product_cat":[24,626],"product_tag":[692,693,691,686,690],"class_list":{"0":"post-12805","1":"product","2":"type-product","3":"status-publish","4":"has-post-thumbnail","6":"product_cat-produkty","7":"product_cat-skarpety-podkategoria-do-bielizny","8":"product_tag-idealne-do-balerinek","9":"product_tag-marka-gatta","10":"product_tag-podeszwa-z-bawelny","11":"product_tag-stopki","12":"product_tag-wykonczone-silikonem","14":"first","15":"instock","16":"taxable","17":"shipping-taxable","18":"purchasable","19":"product-type-simple"},"_links":{"self":[{"href":"https:\/\/butikhome.pl\/index.php\/wp-json\/wp\/v2\/product\/12805","targetHints":{"allow":["GET"]}}],"collection":[{"href":"https:\/\/butikhome.pl\/index.php\/wp-json\/wp\/v2\/product"}],"about":[{"href":"https:\/\/butikhome.pl\/index.php\/wp-json\/wp\/v2\/types\/product"}],"replies":[{"embeddable":true,"href":"https:\/\/butikhome.pl\/index.php\/wp-json\/wp\/v2\/comments?post=12805"}],"wp:featuredmedia":[{"embeddable":true,"href":"https:\/\/butikhome.pl\/index.php\/wp-json\/wp\/v2\/media\/15043"}],"wp:attachment":[{"href":"https:\/\/butikhome.pl\/index.php\/wp-json\/wp\/v2\/media?parent=12805"}],"wp:term":[{"taxonomy":"product_brand","embeddable":true,"href":"https:\/\/butikhome.pl\/index.php\/wp-json\/wp\/v2\/product_brand?post=12805"},{"taxonomy":"product_cat","embeddable":true,"href":"https:\/\/butikhome.pl\/index.php\/wp-json\/wp\/v2\/product_cat?post=12805"},{"taxonomy":"product_tag","embeddable":true,"href":"https:\/\/butikhome.pl\/index.php\/wp-json\/wp\/v2\/product_tag?post=12805"}],"curies":[{"name":"wp","href":"https:\/\/api.w.org\/{rel}","templated":true}]}}