{"id":12807,"date":"2023-03-29T17:05:17","date_gmt":"2023-03-29T15:05:17","guid":{"rendered":"https:\/\/butikhome.pl\/index.php\/produkt\/zakolanowki-parigina-300-den\/"},"modified":"2023-04-21T13:21:02","modified_gmt":"2023-04-21T11:21:02","slug":"zakolanowki-parigina-300-den","status":"publish","type":"product","link":"https:\/\/butikhome.pl\/index.php\/produkt\/zakolanowki-parigina-300-den\/","title":{"rendered":"Zakolan\u00f3wki Parigina 300 den"},"content":{"rendered":"<p>G\u0142adkie, czarne zakolan\u00f3wki, kt\u00f3re podkre\u015bl\u0105 Twoje nogi w wyj\u0105tkowy spos\u00f3b. Grubo\u015b\u0107 300 DEN.<\/p>\n","protected":false},"excerpt":{"rendered":"<p>G\u0142adkie, czarne zakolan\u00f3wki, kt\u00f3re podkre\u015bl\u0105 Twoje nogi w wyj\u0105tkowy spos\u00f3b. Grubo\u015b\u0107 300 DEN.<\/p>\n","protected":false},"featured_media":15044,"comment_status":"open","ping_status":"closed","template":"","meta":[],"product_brand":[],"product_cat":[24,628,626],"product_tag":[52,51,696,693,694,695],"class_list":{"0":"post-12807","1":"product","2":"type-product","3":"status-publish","4":"has-post-thumbnail","6":"product_cat-produkty","7":"product_cat-rajstopy-podkategoria-do-bielizny","8":"product_cat-skarpety-podkategoria-do-bielizny","9":"product_tag-czarne","10":"product_tag-gladkie","11":"product_tag-grubosc-300-den","12":"product_tag-marka-gatta","13":"product_tag-podkolanowki","14":"product_tag-podkreslaja-nogi","16":"first","17":"instock","18":"taxable","19":"shipping-taxable","20":"purchasable","21":"product-type-simple"},"_links":{"self":[{"href":"https:\/\/butikhome.pl\/index.php\/wp-json\/wp\/v2\/product\/12807","targetHints":{"allow":["GET"]}}],"collection":[{"href":"https:\/\/butikhome.pl\/index.php\/wp-json\/wp\/v2\/product"}],"about":[{"href":"https:\/\/butikhome.pl\/index.php\/wp-json\/wp\/v2\/types\/product"}],"replies":[{"embeddable":true,"href":"https:\/\/butikhome.pl\/index.php\/wp-json\/wp\/v2\/comments?post=12807"}],"wp:featuredmedia":[{"embeddable":true,"href":"https:\/\/butikhome.pl\/index.php\/wp-json\/wp\/v2\/media\/15044"}],"wp:attachment":[{"href":"https:\/\/butikhome.pl\/index.php\/wp-json\/wp\/v2\/media?parent=12807"}],"wp:term":[{"taxonomy":"product_brand","embeddable":true,"href":"https:\/\/butikhome.pl\/index.php\/wp-json\/wp\/v2\/product_brand?post=12807"},{"taxonomy":"product_cat","embeddable":true,"href":"https:\/\/butikhome.pl\/index.php\/wp-json\/wp\/v2\/product_cat?post=12807"},{"taxonomy":"product_tag","embeddable":true,"href":"https:\/\/butikhome.pl\/index.php\/wp-json\/wp\/v2\/product_tag?post=12807"}],"curies":[{"name":"wp","href":"https:\/\/api.w.org\/{rel}","templated":true}]}}