{"id":12821,"date":"2023-03-29T17:05:51","date_gmt":"2023-03-29T15:05:51","guid":{"rendered":"https:\/\/butikhome.pl\/index.php\/produkt\/biustonosz-adrianna-933-bezowy\/"},"modified":"2023-06-19T12:58:24","modified_gmt":"2023-06-19T10:58:24","slug":"biustonosz-adrianna-933-bezowy","status":"publish","type":"product","link":"https:\/\/butikhome.pl\/index.php\/produkt\/biustonosz-adrianna-933-bezowy\/","title":{"rendered":"Biustonosz Adrianna 933 Be\u017cowy"},"content":{"rendered":"<p><span>Adrianna 933 to elegancki, be\u017cowy biustonosz w konstrukcji semi-soft, marki Gaia. Propozycja dla pa\u0144, kt\u00f3re poszukuj\u0105 wygody i subtelnego, naturalnego pi\u0119kna. Dekolt transparentny, wzbogacony misternym haftem pod kolor bielizny. Dolna cz\u0119\u015b\u0107 miseczek usztywniona. Konstrukcja na fiszbinach, dobrze zbiera, unosi i modeluje piersi. Rami\u0105czka z malutkimi kokardkami. Sk\u0142ad: 43% poliamid, 30% poliester, 16% bawe\u0142na, 7% elastan, 4% poliuretan. <\/span><\/p>\n<p><span>\u00a0<\/span><\/p>\n","protected":false},"excerpt":{"rendered":"<p>Adrianna 933 to elegancki, be\u017cowy biustonosz w konstrukcji semi-soft, marki Gaia. Propozycja dla pa\u0144, kt\u00f3re poszukuj\u0105 wygody i subtelnego, naturalnego pi\u0119kna. Dekolt transparentny, wzbogacony misternym haftem pod kolor bielizny. Dolna cz\u0119\u015b\u0107 miseczek usztywniona. Konstrukcja na fiszbinach, dobrze zbiera, unosi i modeluje piersi. Rami\u0105czka z malutkimi kokardkami. Sk\u0142ad: 43% poliamid, 30% poliester, 16% bawe\u0142na, 7% elastan, &hellip; <\/p>\n","protected":false},"featured_media":15600,"comment_status":"open","ping_status":"closed","template":"","meta":[],"product_brand":[],"product_cat":[1548,1549,1550,1551,1556,1557,1558,1562,1564,1565,1566,1567,1568,1569,1573,1576,1577,1578,1585,1586,629,24],"product_tag":[1605,1606,1610,1793,1599,1482,1483,1487,1488,1489,1490,1492,1493,1495,1498,1499,1500,1504,1505,1615,1907,1965,1960,1963,1769,1603,1962,1961,1938,1297,1078,1959,1958],"class_list":{"0":"post-12821","1":"product","2":"type-product","3":"status-publish","4":"has-post-thumbnail","6":"product_cat-70-d","7":"product_cat-70-e","8":"product_cat-70-f","9":"product_cat-70-g","10":"product_cat-75-c","11":"product_cat-75-d","12":"product_cat-75-e","13":"product_cat-75-i","14":"product_cat-80-b","15":"product_cat-80-c","16":"product_cat-80-d","17":"product_cat-80-e","18":"product_cat-80-f","19":"product_cat-80-g","20":"product_cat-85-b","21":"product_cat-85-e","22":"product_cat-85-f","23":"product_cat-85-g","24":"product_cat-90-e","25":"product_cat-90-f","26":"product_cat-biustonosze-podkategoria-do-bielizny","27":"product_cat-produkty","28":"product_tag-70-e","29":"product_tag-70-f","30":"product_tag-70-g","31":"product_tag-70-j","32":"product_tag-75-c","33":"product_tag-75-d","34":"product_tag-75-e","35":"product_tag-75-i","36":"product_tag-80-b","37":"product_tag-80-c","38":"product_tag-80-d","39":"product_tag-80-f","40":"product_tag-80-g","41":"product_tag-85-b","42":"product_tag-85-e","43":"product_tag-85-f","44":"product_tag-85-g","45":"product_tag-90-e","46":"product_tag-90-f","47":"product_tag-bezowy","48":"product_tag-bezowy-70-d","49":"product_tag-biustonosz-adrianna-933-bezowy","50":"product_tag-dekolt-transparentny","51":"product_tag-dobrze-zbiera-unosi-i-modeluje-piersi","52":"product_tag-dolna-czesc-biustonosza-usztywniona","53":"product_tag-gaia","54":"product_tag-konstrukcja-na-fiszbinach","55":"product_tag-misterny-haft","56":"product_tag-model-w-konstrukcji-semi-soft","57":"product_tag-pakowane-w-pudelko","58":"product_tag-polski-produkt","59":"product_tag-subtelny","60":"product_tag-wygodny","62":"first","63":"instock","64":"taxable","65":"shipping-taxable","66":"purchasable","67":"product-type-simple"},"_links":{"self":[{"href":"https:\/\/butikhome.pl\/index.php\/wp-json\/wp\/v2\/product\/12821","targetHints":{"allow":["GET"]}}],"collection":[{"href":"https:\/\/butikhome.pl\/index.php\/wp-json\/wp\/v2\/product"}],"about":[{"href":"https:\/\/butikhome.pl\/index.php\/wp-json\/wp\/v2\/types\/product"}],"replies":[{"embeddable":true,"href":"https:\/\/butikhome.pl\/index.php\/wp-json\/wp\/v2\/comments?post=12821"}],"wp:featuredmedia":[{"embeddable":true,"href":"https:\/\/butikhome.pl\/index.php\/wp-json\/wp\/v2\/media\/15600"}],"wp:attachment":[{"href":"https:\/\/butikhome.pl\/index.php\/wp-json\/wp\/v2\/media?parent=12821"}],"wp:term":[{"taxonomy":"product_brand","embeddable":true,"href":"https:\/\/butikhome.pl\/index.php\/wp-json\/wp\/v2\/product_brand?post=12821"},{"taxonomy":"product_cat","embeddable":true,"href":"https:\/\/butikhome.pl\/index.php\/wp-json\/wp\/v2\/product_cat?post=12821"},{"taxonomy":"product_tag","embeddable":true,"href":"https:\/\/butikhome.pl\/index.php\/wp-json\/wp\/v2\/product_tag?post=12821"}],"curies":[{"name":"wp","href":"https:\/\/api.w.org\/{rel}","templated":true}]}}