{"id":12851,"date":"2023-03-29T17:06:59","date_gmt":"2023-03-29T15:06:59","guid":{"rendered":"https:\/\/butikhome.pl\/index.php\/produkt\/biustonosz-aleksandra-930-bezowy\/"},"modified":"2023-06-19T11:52:56","modified_gmt":"2023-06-19T09:52:56","slug":"biustonosz-aleksandra-930-bezowy","status":"publish","type":"product","link":"https:\/\/butikhome.pl\/index.php\/produkt\/biustonosz-aleksandra-930-bezowy\/","title":{"rendered":"Biustonosz Aleksandra 930 Be\u017cowy"},"content":{"rendered":"<p><span>Niezwykle kobiecy, koronkowy biustonosz w konstrukcji soft, na fiszbinach, do wyboru w bieli lub w czerni. Model elegancko zdobiony wzd\u0142u\u017c dekoltu, wyko\u0144czony w g\u00f3rnej cz\u0119\u015bci transparentnym tiulem. Miseczki o odpowiednich ci\u0119ciach, z boczn\u0105 cz\u0119\u015bci\u0105 w formie stabilnej dzianiny pe\u0142ni\u0105cej funkcj\u0105 podtrzymuj\u0105c\u0105 i zbieraj\u0105c\u0105 biust do \u015brodka. Pi\u0119kna, komfortowa bielizna. Rami\u0105czka z kokardkami. Sk\u0142ad: 48% poliamid, 40% poliester, 12% elastan. <\/span><\/p>\n<p><span>\u00a0<\/span><\/p>\n","protected":false},"excerpt":{"rendered":"<p>Niezwykle kobiecy, koronkowy biustonosz w konstrukcji soft, na fiszbinach, do wyboru w bieli lub w czerni. Model elegancko zdobiony wzd\u0142u\u017c dekoltu, wyko\u0144czony w g\u00f3rnej cz\u0119\u015bci transparentnym tiulem. Miseczki o odpowiednich ci\u0119ciach, z boczn\u0105 cz\u0119\u015bci\u0105 w formie stabilnej dzianiny pe\u0142ni\u0105cej funkcj\u0105 podtrzymuj\u0105c\u0105 i zbieraj\u0105c\u0105 biust do \u015brodka. Pi\u0119kna, komfortowa bielizna. Rami\u0105czka z kokardkami. Sk\u0142ad: 48% poliamid, &hellip; <\/p>\n","protected":false},"featured_media":15595,"comment_status":"open","ping_status":"closed","template":"","meta":[],"product_brand":[],"product_cat":[1561,629,24],"product_tag":[1947,1615,1945,1946,1950,1603,1949,1948,1952,1664,1297,1955,1954,644,1956,1951,1953],"class_list":{"0":"post-12851","1":"product","2":"type-product","3":"status-publish","4":"has-post-thumbnail","6":"product_cat-75-h","7":"product_cat-biustonosze-podkategoria-do-bielizny","8":"product_cat-produkty","9":"product_tag-bardzo-kobiecy","10":"product_tag-bezowy","11":"product_tag-bezowy-75-h","12":"product_tag-biustonosz-aleksandra-930-bezowy","13":"product_tag-biustonosz-elegancko-zdobiony-wzdluz-dekoltu","14":"product_tag-gaia","15":"product_tag-konstrukcja-soft","16":"product_tag-koronkowy-biustonosz","17":"product_tag-miseczki-wygodne","18":"product_tag-na-fiszbinach","19":"product_tag-pakowane-w-pudelko","20":"product_tag-piekna-i-komfortowa-bielizna","21":"product_tag-podtrzymuje-i-zbiera-biust-do-srodka","22":"product_tag-polski-producent","23":"product_tag-ramiaczka-z-kokardkami","24":"product_tag-w-gornej-czesci-transparentny-tiul","25":"product_tag-z-boczna-czescia-stabilnej-dzianiny","27":"first","28":"instock","29":"taxable","30":"shipping-taxable","31":"purchasable","32":"product-type-simple"},"_links":{"self":[{"href":"https:\/\/butikhome.pl\/index.php\/wp-json\/wp\/v2\/product\/12851","targetHints":{"allow":["GET"]}}],"collection":[{"href":"https:\/\/butikhome.pl\/index.php\/wp-json\/wp\/v2\/product"}],"about":[{"href":"https:\/\/butikhome.pl\/index.php\/wp-json\/wp\/v2\/types\/product"}],"replies":[{"embeddable":true,"href":"https:\/\/butikhome.pl\/index.php\/wp-json\/wp\/v2\/comments?post=12851"}],"wp:featuredmedia":[{"embeddable":true,"href":"https:\/\/butikhome.pl\/index.php\/wp-json\/wp\/v2\/media\/15595"}],"wp:attachment":[{"href":"https:\/\/butikhome.pl\/index.php\/wp-json\/wp\/v2\/media?parent=12851"}],"wp:term":[{"taxonomy":"product_brand","embeddable":true,"href":"https:\/\/butikhome.pl\/index.php\/wp-json\/wp\/v2\/product_brand?post=12851"},{"taxonomy":"product_cat","embeddable":true,"href":"https:\/\/butikhome.pl\/index.php\/wp-json\/wp\/v2\/product_cat?post=12851"},{"taxonomy":"product_tag","embeddable":true,"href":"https:\/\/butikhome.pl\/index.php\/wp-json\/wp\/v2\/product_tag?post=12851"}],"curies":[{"name":"wp","href":"https:\/\/api.w.org\/{rel}","templated":true}]}}