{"id":12855,"date":"2023-03-29T17:07:03","date_gmt":"2023-03-29T15:07:03","guid":{"rendered":"https:\/\/butikhome.pl\/index.php\/produkt\/biustonosz-angelina-881-bialy\/"},"modified":"2023-06-16T15:26:07","modified_gmt":"2023-06-16T13:26:07","slug":"biustonosz-angelina-881-bialy","status":"publish","type":"product","link":"https:\/\/butikhome.pl\/index.php\/produkt\/biustonosz-angelina-881-bialy\/","title":{"rendered":"Biustonosz Angelina 881 Bia\u0142y"},"content":{"rendered":"<ul>\n<li>Fiszbiny dolne<\/li>\n<li>G\u0142\u0119bokie, wygodne miseczki<\/li>\n<li>Miseczki usztywniane<\/li>\n<li>Nieodpinane rami\u0105czka<\/li>\n<li>Obw\u00f3d biustonosza regulowany<\/li>\n<li>Odpinana ozdoba<\/li>\n<li>Ozdobna kokarda<\/li>\n<li>Pakowany w pude\u0142ko<\/li>\n<li>Produkt polski<\/li>\n<li>Przyjemna w dotyku, mi\u0119kka dzianina\/tkanina<\/li>\n<li>Rami\u0105czka regulowane<\/li>\n<li>Wewn\u0119trzna cz\u0119\u015b\u0107 miseczek pokryta bawe\u0142n\u0105<\/li>\n<li>Wysoka jako\u015b\u0107<\/li>\n<li>Bawe\u0142na: 18%<\/li>\n<li>Elastan: 12%<\/li>\n<li>Poliamid: 64%<\/li>\n<li>Polipropylen: 6%<\/li>\n<\/ul>\n","protected":false},"excerpt":{"rendered":"<p>Fiszbiny dolne G\u0142\u0119bokie, wygodne miseczki Miseczki usztywniane Nieodpinane rami\u0105czka Obw\u00f3d biustonosza regulowany Odpinana ozdoba Ozdobna kokarda Pakowany w pude\u0142ko Produkt polski Przyjemna w dotyku, mi\u0119kka dzianina\/tkanina Rami\u0105czka regulowane Wewn\u0119trzna cz\u0119\u015b\u0107 miseczek pokryta bawe\u0142n\u0105 Wysoka jako\u015b\u0107 Bawe\u0142na: 18% Elastan: 12% Poliamid: 64% Polipropylen: 6%<\/p>\n","protected":false},"featured_media":15592,"comment_status":"open","ping_status":"closed","template":"","meta":[],"product_brand":[],"product_cat":[1547,1548,1549,1551,1552,1553,1560,1561,1562,1569,1576,29,24],"product_tag":[1604,1605,1610,1611,1792,1793,1485,1486,1487,1493,1498,672,1931,1932,681,1603,1618,663,1934,660,1480,1759,678,1297,1078,1404,664,1933,1622,301],"class_list":{"0":"post-12855","1":"product","2":"type-product","3":"status-publish","4":"has-post-thumbnail","6":"product_cat-70-c","7":"product_cat-70-d","8":"product_cat-70-e","9":"product_cat-70-g","10":"product_cat-70-h","11":"product_cat-70-i","12":"product_cat-75-g","13":"product_cat-75-h","14":"product_cat-75-i","15":"product_cat-80-g","16":"product_cat-85-e","17":"product_cat-bielizna","18":"product_cat-produkty","19":"product_tag-70-d","20":"product_tag-70-e","21":"product_tag-70-g","22":"product_tag-70-h","23":"product_tag-70-i","24":"product_tag-70-j","25":"product_tag-75-g","26":"product_tag-75-h","27":"product_tag-75-i","28":"product_tag-80-g","29":"product_tag-85-e","30":"product_tag-bialy","31":"product_tag-bialy-70-c","32":"product_tag-biustonosz-angelina-881-bialy","33":"product_tag-fiszbiny-dolne","34":"product_tag-gaia","35":"product_tag-glebokie-wygodne-miseczki","36":"product_tag-miekka-dzianina","37":"product_tag-modeluja-biust","38":"product_tag-na-wiekszy-biust","39":"product_tag-nieodpinane-ramiaczka","40":"product_tag-odpinana-ozdoba","41":"product_tag-odwod-biustonosza-regulowany","42":"product_tag-pakowane-w-pudelko","43":"product_tag-polski-produkt","44":"product_tag-przyjemna-tkanina-w-dotyku","45":"product_tag-ramiaczka-regulowane","46":"product_tag-usztywniane-miseczki","47":"product_tag-wewnetrzna-czesc-miseczek-pokryta-bawelna","48":"product_tag-wysoka-jakosc","50":"first","51":"instock","52":"taxable","53":"shipping-taxable","54":"purchasable","55":"product-type-simple"},"_links":{"self":[{"href":"https:\/\/butikhome.pl\/index.php\/wp-json\/wp\/v2\/product\/12855","targetHints":{"allow":["GET"]}}],"collection":[{"href":"https:\/\/butikhome.pl\/index.php\/wp-json\/wp\/v2\/product"}],"about":[{"href":"https:\/\/butikhome.pl\/index.php\/wp-json\/wp\/v2\/types\/product"}],"replies":[{"embeddable":true,"href":"https:\/\/butikhome.pl\/index.php\/wp-json\/wp\/v2\/comments?post=12855"}],"wp:featuredmedia":[{"embeddable":true,"href":"https:\/\/butikhome.pl\/index.php\/wp-json\/wp\/v2\/media\/15592"}],"wp:attachment":[{"href":"https:\/\/butikhome.pl\/index.php\/wp-json\/wp\/v2\/media?parent=12855"}],"wp:term":[{"taxonomy":"product_brand","embeddable":true,"href":"https:\/\/butikhome.pl\/index.php\/wp-json\/wp\/v2\/product_brand?post=12855"},{"taxonomy":"product_cat","embeddable":true,"href":"https:\/\/butikhome.pl\/index.php\/wp-json\/wp\/v2\/product_cat?post=12855"},{"taxonomy":"product_tag","embeddable":true,"href":"https:\/\/butikhome.pl\/index.php\/wp-json\/wp\/v2\/product_tag?post=12855"}],"curies":[{"name":"wp","href":"https:\/\/api.w.org\/{rel}","templated":true}]}}