{"id":12939,"date":"2023-03-29T17:10:21","date_gmt":"2023-03-29T15:10:21","guid":{"rendered":"https:\/\/butikhome.pl\/index.php\/produkt\/biustonosz-constanza-759\/"},"modified":"2023-06-16T14:35:52","modified_gmt":"2023-06-16T12:35:52","slug":"biustonosz-constanza-759","status":"publish","type":"product","link":"https:\/\/butikhome.pl\/index.php\/produkt\/biustonosz-constanza-759\/","title":{"rendered":"Biustonosz Constanza 759"},"content":{"rendered":"<p><span>Elegancki biustonosz w kolorze stylowego antracytu. \u015awietna alternatywa dla codziennej bielizny w czarnym kolorze. \u00a0Dekolt odrobin\u0119 ja\u015bniejszy, wyko\u0144czony kwiecistym haftem. D\u00f3\u0142 miseczek udekorowany ma\u0142ymi, uroczymi kropeczkami. Fason \u0142adnie przylega do mostka, konstrukcja usztywniana, z fiszbinami, doskonale zbiera i modeluje biust. Rami\u0105czka z mini-kokardkami. Marka Gaia.<\/span><\/p>\n","protected":false},"excerpt":{"rendered":"<p>Elegancki biustonosz w kolorze stylowego antracytu. \u015awietna alternatywa dla codziennej bielizny w czarnym kolorze. \u00a0Dekolt odrobin\u0119 ja\u015bniejszy, wyko\u0144czony kwiecistym haftem. D\u00f3\u0142 miseczek udekorowany ma\u0142ymi, uroczymi kropeczkami. Fason \u0142adnie przylega do mostka, konstrukcja usztywniana, z fiszbinami, doskonale zbiera i modeluje biust. Rami\u0105czka z mini-kokardkami. Marka Gaia.<\/p>\n","protected":false},"featured_media":15588,"comment_status":"open","ping_status":"closed","template":"","meta":[],"product_brand":[],"product_cat":[1553,629,24],"product_tag":[1916,1919,1915,1917,1734,1603,199,1449,676,1918,1390,1078,1914,1920,1825,1899],"class_list":{"0":"post-12939","1":"product","2":"type-product","3":"status-publish","4":"has-post-thumbnail","6":"product_cat-70-i","7":"product_cat-biustonosze-podkategoria-do-bielizny","8":"product_cat-produkty","9":"product_tag-antracyt","10":"product_tag-bardzo-stabilnie-utrzymuje-piersi","11":"product_tag-biustonosz-constanza-759","12":"product_tag-dziewczecy-pelen-uroku","13":"product_tag-elegancki","14":"product_tag-gaia","15":"product_tag-koronkowe-wstawki","16":"product_tag-kwiecisty-haft","17":"product_tag-modeluje-biust","18":"product_tag-na-dole-miseczek-male-kropeczki","19":"product_tag-pakowany-w-pudelko","20":"product_tag-polski-produkt","21":"product_tag-stylowy-antracyt-75-i","22":"product_tag-usztywniony-biustonosz","23":"product_tag-z-fiszbinami","24":"product_tag-zbiera-piersi-i-dobrze-je-trzyma","26":"first","27":"instock","28":"taxable","29":"shipping-taxable","30":"purchasable","31":"product-type-simple"},"_links":{"self":[{"href":"https:\/\/butikhome.pl\/index.php\/wp-json\/wp\/v2\/product\/12939","targetHints":{"allow":["GET"]}}],"collection":[{"href":"https:\/\/butikhome.pl\/index.php\/wp-json\/wp\/v2\/product"}],"about":[{"href":"https:\/\/butikhome.pl\/index.php\/wp-json\/wp\/v2\/types\/product"}],"replies":[{"embeddable":true,"href":"https:\/\/butikhome.pl\/index.php\/wp-json\/wp\/v2\/comments?post=12939"}],"wp:featuredmedia":[{"embeddable":true,"href":"https:\/\/butikhome.pl\/index.php\/wp-json\/wp\/v2\/media\/15588"}],"wp:attachment":[{"href":"https:\/\/butikhome.pl\/index.php\/wp-json\/wp\/v2\/media?parent=12939"}],"wp:term":[{"taxonomy":"product_brand","embeddable":true,"href":"https:\/\/butikhome.pl\/index.php\/wp-json\/wp\/v2\/product_brand?post=12939"},{"taxonomy":"product_cat","embeddable":true,"href":"https:\/\/butikhome.pl\/index.php\/wp-json\/wp\/v2\/product_cat?post=12939"},{"taxonomy":"product_tag","embeddable":true,"href":"https:\/\/butikhome.pl\/index.php\/wp-json\/wp\/v2\/product_tag?post=12939"}],"curies":[{"name":"wp","href":"https:\/\/api.w.org\/{rel}","templated":true}]}}