{"id":12951,"date":"2023-03-29T17:10:45","date_gmt":"2023-03-29T15:10:45","guid":{"rendered":"https:\/\/butikhome.pl\/index.php\/produkt\/biustonosz-filipa-1130\/"},"modified":"2023-06-16T11:41:21","modified_gmt":"2023-06-16T09:41:21","slug":"biustonosz-filipa-1130","status":"publish","type":"product","link":"https:\/\/butikhome.pl\/index.php\/produkt\/biustonosz-filipa-1130\/","title":{"rendered":"Biustonosz Filipa 1130"},"content":{"rendered":"<ul>\n<li>Biustonosz p\u00f3\u0142usztywniany<\/li>\n<li>Fiszbiny boczne<\/li>\n<li>Fiszbiny dolne<\/li>\n<li>G\u0142\u0119bokie, wygodne miseczki<\/li>\n<li>Koronkowe zdobienia<\/li>\n<li>Kr\u00f3j, kt\u00f3ry podkre\u015bla sylwetk\u0119<\/li>\n<li>Na wi\u0119ksze biusty<\/li>\n<li>Nieodpinane rami\u0105czka<\/li>\n<li>Produkt polski<\/li>\n<li>Przy rami\u0105czkach ozdobne kokardki<\/li>\n<li>Rami\u0105czka regulowane<\/li>\n<li>Unosi i powi\u0119ksza piersi<\/li>\n<li>Wysoka jako\u015b\u0107<\/li>\n<li>Bawe\u0142na: 14%<\/li>\n<li>Elastan: 10%<\/li>\n<li>Poliamid: 53%<\/li>\n<li>Poliester: 20%<\/li>\n<li>Polipropylen: 3%<\/li>\n<\/ul>\n","protected":false},"excerpt":{"rendered":"<p>Biustonosz p\u00f3\u0142usztywniany Fiszbiny boczne Fiszbiny dolne G\u0142\u0119bokie, wygodne miseczki Koronkowe zdobienia Kr\u00f3j, kt\u00f3ry podkre\u015bla sylwetk\u0119 Na wi\u0119ksze biusty Nieodpinane rami\u0105czka Produkt polski Przy rami\u0105czkach ozdobne kokardki Rami\u0105czka regulowane Unosi i powi\u0119ksza piersi Wysoka jako\u015b\u0107 Bawe\u0142na: 14% Elastan: 10% Poliamid: 53% Poliester: 20% Polipropylen: 3%<\/p>\n","protected":false},"featured_media":15585,"comment_status":"open","ping_status":"closed","template":"","meta":[],"product_brand":[],"product_cat":[629,24],"product_tag":[1706,1708,1709,1482,1483,1485,1486,1487,1488,1489,1491,1492,1493,1495,1496,1497,1498,1499,1909,667,1910,1908,1875,1618,206,659,1854,660,1480,1078,664,301],"class_list":{"0":"post-12951","1":"product","2":"type-product","3":"status-publish","4":"has-post-thumbnail","6":"product_cat-biustonosze-podkategoria-do-bielizny","7":"product_cat-produkty","8":"product_tag-100-b","9":"product_tag-100-d","10":"product_tag-105-b","11":"product_tag-75-d","12":"product_tag-75-e","13":"product_tag-75-g","14":"product_tag-75-h","15":"product_tag-75-i","16":"product_tag-80-b","17":"product_tag-80-c","18":"product_tag-80-e","19":"product_tag-80-f","20":"product_tag-80-g","21":"product_tag-85-b","22":"product_tag-85-c","23":"product_tag-85-d","24":"product_tag-85-e","25":"product_tag-85-f","26":"product_tag-biustonosz-filipa-1130","27":"product_tag-biustonosz-polusztywniany","28":"product_tag-czarno-rozowy","29":"product_tag-czarno-rozowy-75-c","30":"product_tag-fiszbiny-boczne-i-dolne","31":"product_tag-glebokie-wygodne-miseczki","32":"product_tag-koronkowe-zdobienia","33":"product_tag-kroj-podkreslajacy-sylwetke","34":"product_tag-modeluje-i-unosi-piersi","35":"product_tag-na-wiekszy-biust","36":"product_tag-nieodpinane-ramiaczka","37":"product_tag-polski-produkt","38":"product_tag-ramiaczka-regulowane","39":"product_tag-wysoka-jakosc","41":"first","42":"instock","43":"taxable","44":"shipping-taxable","45":"purchasable","46":"product-type-simple"},"_links":{"self":[{"href":"https:\/\/butikhome.pl\/index.php\/wp-json\/wp\/v2\/product\/12951","targetHints":{"allow":["GET"]}}],"collection":[{"href":"https:\/\/butikhome.pl\/index.php\/wp-json\/wp\/v2\/product"}],"about":[{"href":"https:\/\/butikhome.pl\/index.php\/wp-json\/wp\/v2\/types\/product"}],"replies":[{"embeddable":true,"href":"https:\/\/butikhome.pl\/index.php\/wp-json\/wp\/v2\/comments?post=12951"}],"wp:featuredmedia":[{"embeddable":true,"href":"https:\/\/butikhome.pl\/index.php\/wp-json\/wp\/v2\/media\/15585"}],"wp:attachment":[{"href":"https:\/\/butikhome.pl\/index.php\/wp-json\/wp\/v2\/media?parent=12951"}],"wp:term":[{"taxonomy":"product_brand","embeddable":true,"href":"https:\/\/butikhome.pl\/index.php\/wp-json\/wp\/v2\/product_brand?post=12951"},{"taxonomy":"product_cat","embeddable":true,"href":"https:\/\/butikhome.pl\/index.php\/wp-json\/wp\/v2\/product_cat?post=12951"},{"taxonomy":"product_tag","embeddable":true,"href":"https:\/\/butikhome.pl\/index.php\/wp-json\/wp\/v2\/product_tag?post=12951"}],"curies":[{"name":"wp","href":"https:\/\/api.w.org\/{rel}","templated":true}]}}