{"id":12976,"date":"2023-03-29T17:11:30","date_gmt":"2023-03-29T15:11:30","guid":{"rendered":"https:\/\/butikhome.pl\/index.php\/produkt\/biustonosz-goldie-899-bialy\/"},"modified":"2023-06-16T11:23:04","modified_gmt":"2023-06-16T09:23:04","slug":"biustonosz-goldie-899-bialy","status":"publish","type":"product","link":"https:\/\/butikhome.pl\/index.php\/produkt\/biustonosz-goldie-899-bialy\/","title":{"rendered":"Biustonosz Goldie 899 Bia\u0142y"},"content":{"rendered":"<p><span>Stylowy, p\u00f3\u0142usztywniany biustonosz o delikatnej, kobiecej stylistyce. Model, kt\u00f3ry oczaruje Ci\u0119 swoim wdzi\u0119kiem i dobr\u0105 konstrukcj\u0105. Idealnie zbiera i unosi piersi, pi\u0119knie zaokr\u0105gla je i kobieco prezentuje w dekolcie. G\u00f3ra z seksownym efektem prze\u015bwitu. Rami\u0105czka z mini kokardkami. Elastyczny obw\u00f3d, kt\u00f3ry dobrze trzyma. Sk\u0142ad: 49% poliamid, 28% poliester, 14% bawe\u0142na, 9% elastan.<\/span><\/p>\n<p><span>\u00a0<\/span><\/p>\n","protected":false},"excerpt":{"rendered":"<p>Stylowy, p\u00f3\u0142usztywniany biustonosz o delikatnej, kobiecej stylistyce. Model, kt\u00f3ry oczaruje Ci\u0119 swoim wdzi\u0119kiem i dobr\u0105 konstrukcj\u0105. Idealnie zbiera i unosi piersi, pi\u0119knie zaokr\u0105gla je i kobieco prezentuje w dekolcie. G\u00f3ra z seksownym efektem prze\u015bwitu. Rami\u0105czka z mini kokardkami. Elastyczny obw\u00f3d, kt\u00f3ry dobrze trzyma. Sk\u0142ad: 49% poliamid, 28% poliester, 14% bawe\u0142na, 9% elastan. \u00a0<\/p>\n","protected":false},"featured_media":15582,"comment_status":"open","ping_status":"closed","template":"","meta":[],"product_brand":[],"product_cat":[1548,1553,1556,1557,1558,1561,1575,629,24],"product_tag":[1792,1599,1482,1483,1486,1500,672,1903,1902,667,1904,1603,1618,1479,1619,1901,1078,1733,301,1900,1905,1468,1899],"class_list":{"0":"post-12976","1":"product","2":"type-product","3":"status-publish","4":"has-post-thumbnail","6":"product_cat-70-d","7":"product_cat-70-i","8":"product_cat-75-c","9":"product_cat-75-d","10":"product_cat-75-e","11":"product_cat-75-h","12":"product_cat-85-d","13":"product_cat-biustonosze-podkategoria-do-bielizny","14":"product_cat-produkty","15":"product_tag-70-i","16":"product_tag-75-c","17":"product_tag-75-d","18":"product_tag-75-e","19":"product_tag-75-h","20":"product_tag-85-g","21":"product_tag-bialy","22":"product_tag-bialy-70-d","23":"product_tag-biustonosz-goldie-899-bialy","24":"product_tag-biustonosz-polusztywniany","25":"product_tag-elastyczny-obwod-ktory-dobrze-trzyma","26":"product_tag-gaia","27":"product_tag-glebokie-wygodne-miseczki","28":"product_tag-kobieca-stylistyka","29":"product_tag-niedpinane-ramiaczka","30":"product_tag-pakowany","31":"product_tag-polski-produkt","32":"product_tag-stylowy","33":"product_tag-wysoka-jakosc","34":"product_tag-zakardowe-aplikacje","35":"product_tag-zaokragla-piersi","36":"product_tag-zapinany-na-plecach","37":"product_tag-zbiera-piersi-i-dobrze-je-trzyma","39":"first","40":"instock","41":"taxable","42":"shipping-taxable","43":"purchasable","44":"product-type-simple"},"_links":{"self":[{"href":"https:\/\/butikhome.pl\/index.php\/wp-json\/wp\/v2\/product\/12976","targetHints":{"allow":["GET"]}}],"collection":[{"href":"https:\/\/butikhome.pl\/index.php\/wp-json\/wp\/v2\/product"}],"about":[{"href":"https:\/\/butikhome.pl\/index.php\/wp-json\/wp\/v2\/types\/product"}],"replies":[{"embeddable":true,"href":"https:\/\/butikhome.pl\/index.php\/wp-json\/wp\/v2\/comments?post=12976"}],"wp:featuredmedia":[{"embeddable":true,"href":"https:\/\/butikhome.pl\/index.php\/wp-json\/wp\/v2\/media\/15582"}],"wp:attachment":[{"href":"https:\/\/butikhome.pl\/index.php\/wp-json\/wp\/v2\/media?parent=12976"}],"wp:term":[{"taxonomy":"product_brand","embeddable":true,"href":"https:\/\/butikhome.pl\/index.php\/wp-json\/wp\/v2\/product_brand?post=12976"},{"taxonomy":"product_cat","embeddable":true,"href":"https:\/\/butikhome.pl\/index.php\/wp-json\/wp\/v2\/product_cat?post=12976"},{"taxonomy":"product_tag","embeddable":true,"href":"https:\/\/butikhome.pl\/index.php\/wp-json\/wp\/v2\/product_tag?post=12976"}],"curies":[{"name":"wp","href":"https:\/\/api.w.org\/{rel}","templated":true}]}}