{"id":12996,"date":"2023-03-29T17:12:03","date_gmt":"2023-03-29T15:12:03","guid":{"rendered":"https:\/\/butikhome.pl\/index.php\/produkt\/biustonosz-goldie-899m-maxi-bialy\/"},"modified":"2023-06-15T15:45:25","modified_gmt":"2023-06-15T13:45:25","slug":"biustonosz-goldie-899m-maxi-bialy","status":"publish","type":"product","link":"https:\/\/butikhome.pl\/index.php\/produkt\/biustonosz-goldie-899m-maxi-bialy\/","title":{"rendered":"Biustonosz Goldie 899M Maxi Bia\u0142y"},"content":{"rendered":"<p><span>Stylowy, p\u00f3\u0142usztywniany biustonosz w delikatnej, kobiecej stylistyce. Model, kt\u00f3ry oczaruje Ci\u0119 swoim wdzi\u0119kiem i dobr\u0105 konstrukcj\u0105. Idealnie zbiera i unosi piersi, pi\u0119knie zaokr\u0105gla je i kobieco prezentuje w dekolcie. G\u00f3ra z seksownym efektem prze\u015bwitu. Rami\u0105czka z mini kokardkami. Elastyczny obw\u00f3d, kt\u00f3ry dobrze trzyma. Sk\u0142ad: 49% poliamid, 28% poliester, 14% bawe\u0142na, 9% elastan.<\/span><\/p>\n<p><span>\u00a0<\/span><\/p>\n","protected":false},"excerpt":{"rendered":"<p>Stylowy, p\u00f3\u0142usztywniany biustonosz w delikatnej, kobiecej stylistyce. Model, kt\u00f3ry oczaruje Ci\u0119 swoim wdzi\u0119kiem i dobr\u0105 konstrukcj\u0105. Idealnie zbiera i unosi piersi, pi\u0119knie zaokr\u0105gla je i kobieco prezentuje w dekolcie. G\u00f3ra z seksownym efektem prze\u015bwitu. Rami\u0105czka z mini kokardkami. Elastyczny obw\u00f3d, kt\u00f3ry dobrze trzyma. Sk\u0142ad: 49% poliamid, 28% poliester, 14% bawe\u0142na, 9% elastan. \u00a0<\/p>\n","protected":false},"featured_media":15577,"comment_status":"open","ping_status":"closed","template":"","meta":[],"product_brand":[],"product_cat":[629,24],"product_tag":[1648,1628,1882,1883,1635,672,1881,1884,667,1885,1886,1891,1603,1890,1889,1733,1888,1887],"class_list":{"0":"post-12996","1":"product","2":"type-product","3":"status-publish","4":"has-post-thumbnail","6":"product_cat-biustonosze-podkategoria-do-bielizny","7":"product_cat-produkty","8":"product_tag-105-g","9":"product_tag-80-j","10":"product_tag-80-l","11":"product_tag-85-k","12":"product_tag-90-i","13":"product_tag-bialy","14":"product_tag-bialy-75-k","15":"product_tag-biustonosz-goldie-899m-bialy","16":"product_tag-biustonosz-polusztywniany","17":"product_tag-delikatna-kobieca-stylistyka","18":"product_tag-dobra-konstrukcja","19":"product_tag-elastyczny-obwod","20":"product_tag-gaia","21":"product_tag-na-gorze-seksowny-efekt-przeswitu","22":"product_tag-piekny-dekolt","23":"product_tag-stylowy","24":"product_tag-zaokragla","25":"product_tag-zbiera-i-unosi-piersi","27":"first","28":"instock","29":"taxable","30":"shipping-taxable","31":"purchasable","32":"product-type-simple"},"_links":{"self":[{"href":"https:\/\/butikhome.pl\/index.php\/wp-json\/wp\/v2\/product\/12996","targetHints":{"allow":["GET"]}}],"collection":[{"href":"https:\/\/butikhome.pl\/index.php\/wp-json\/wp\/v2\/product"}],"about":[{"href":"https:\/\/butikhome.pl\/index.php\/wp-json\/wp\/v2\/types\/product"}],"replies":[{"embeddable":true,"href":"https:\/\/butikhome.pl\/index.php\/wp-json\/wp\/v2\/comments?post=12996"}],"wp:featuredmedia":[{"embeddable":true,"href":"https:\/\/butikhome.pl\/index.php\/wp-json\/wp\/v2\/media\/15577"}],"wp:attachment":[{"href":"https:\/\/butikhome.pl\/index.php\/wp-json\/wp\/v2\/media?parent=12996"}],"wp:term":[{"taxonomy":"product_brand","embeddable":true,"href":"https:\/\/butikhome.pl\/index.php\/wp-json\/wp\/v2\/product_brand?post=12996"},{"taxonomy":"product_cat","embeddable":true,"href":"https:\/\/butikhome.pl\/index.php\/wp-json\/wp\/v2\/product_cat?post=12996"},{"taxonomy":"product_tag","embeddable":true,"href":"https:\/\/butikhome.pl\/index.php\/wp-json\/wp\/v2\/product_tag?post=12996"}],"curies":[{"name":"wp","href":"https:\/\/api.w.org\/{rel}","templated":true}]}}