{"id":13005,"date":"2023-03-29T17:12:22","date_gmt":"2023-03-29T15:12:22","guid":{"rendered":"https:\/\/butikhome.pl\/index.php\/produkt\/biustonosz-harmonia-1142\/"},"modified":"2023-06-15T15:26:56","modified_gmt":"2023-06-15T13:26:56","slug":"biustonosz-harmonia-1142","status":"publish","type":"product","link":"https:\/\/butikhome.pl\/index.php\/produkt\/biustonosz-harmonia-1142\/","title":{"rendered":"Biustonosz Harmonia 1142"},"content":{"rendered":"<ul>\n<li>Biustonosz zapinany na plecach<\/li>\n<li>Brak usztywnienia w miseczkach<\/li>\n<li>Fiszbiny dolne<\/li>\n<li>Kr\u00f3j, kt\u00f3ry podkre\u015bla sylwetk\u0119<\/li>\n<li>Na wi\u0119ksze biusty<\/li>\n<li>Nieodpinane rami\u0105czka<\/li>\n<li>Obw\u00f3d biustonosza regulowany<\/li>\n<li>Ozdobna kokarda<\/li>\n<li>Pakowany w pude\u0142ko<\/li>\n<li>Produkt polski<\/li>\n<li>Przy rami\u0105czkach ozdobne kokardki<\/li>\n<li>Rami\u0105czka regulowane<\/li>\n<li>Siateczkowe zdobienia<\/li>\n<li>Wysoka jako\u015b\u0107<\/li>\n<li>Elastan: 18%<\/li>\n<li>Poliamid: 72%<\/li>\n<li>Poliester: 10%<\/li>\n<\/ul>\n","protected":false},"excerpt":{"rendered":"<p>Biustonosz zapinany na plecach Brak usztywnienia w miseczkach Fiszbiny dolne Kr\u00f3j, kt\u00f3ry podkre\u015bla sylwetk\u0119 Na wi\u0119ksze biusty Nieodpinane rami\u0105czka Obw\u00f3d biustonosza regulowany Ozdobna kokarda Pakowany w pude\u0142ko Produkt polski Przy rami\u0105czkach ozdobne kokardki Rami\u0105czka regulowane Siateczkowe zdobienia Wysoka jako\u015b\u0107 Elastan: 18% Poliamid: 72% Poliester: 10%<\/p>\n","protected":false},"featured_media":15574,"comment_status":"open","ping_status":"closed","template":"","meta":[],"product_brand":[],"product_cat":[1548,1549,1556,1564,1568,1573,1574,1582,1586,1593,629,24],"product_tag":[1605,1599,1488,1492,1495,1496,1501,1505,1508,1880,1089,1876,681,1603,660,661,1390,1078,1878,664,665,479,301,1471],"class_list":{"0":"post-13005","1":"product","2":"type-product","3":"status-publish","4":"has-post-thumbnail","6":"product_cat-70-d","7":"product_cat-70-e","8":"product_cat-75-c","9":"product_cat-80-b","10":"product_cat-80-f","11":"product_cat-85-b","12":"product_cat-85-c","13":"product_cat-90-b","14":"product_cat-90-f","15":"product_cat-95-d","16":"product_cat-biustonosze-podkategoria-do-bielizny","17":"product_cat-produkty","18":"product_tag-70-e","19":"product_tag-75-c","20":"product_tag-80-b","21":"product_tag-80-f","22":"product_tag-85-b","23":"product_tag-85-c","24":"product_tag-90-b","25":"product_tag-90-f","26":"product_tag-95-d","27":"product_tag-biustonosz-harmonia-1142-czarny","28":"product_tag-czarny","29":"product_tag-czarny-70-d","30":"product_tag-fiszbiny-dolne","31":"product_tag-gaia","32":"product_tag-na-wiekszy-biust","33":"product_tag-obwod-biustonosza-regulowany","34":"product_tag-pakowany-w-pudelko","35":"product_tag-polski-produkt","36":"product_tag-polyskujaca-tkanina","37":"product_tag-ramiaczka-regulowane","38":"product_tag-siateczkowe-zdobienia","39":"product_tag-transparentne-przeswity","40":"product_tag-wysoka-jakosc","41":"product_tag-zbiera-piersi-z-bokow-do-srodka-dekoltu","43":"first","44":"instock","45":"taxable","46":"shipping-taxable","47":"purchasable","48":"product-type-simple"},"_links":{"self":[{"href":"https:\/\/butikhome.pl\/index.php\/wp-json\/wp\/v2\/product\/13005","targetHints":{"allow":["GET"]}}],"collection":[{"href":"https:\/\/butikhome.pl\/index.php\/wp-json\/wp\/v2\/product"}],"about":[{"href":"https:\/\/butikhome.pl\/index.php\/wp-json\/wp\/v2\/types\/product"}],"replies":[{"embeddable":true,"href":"https:\/\/butikhome.pl\/index.php\/wp-json\/wp\/v2\/comments?post=13005"}],"wp:featuredmedia":[{"embeddable":true,"href":"https:\/\/butikhome.pl\/index.php\/wp-json\/wp\/v2\/media\/15574"}],"wp:attachment":[{"href":"https:\/\/butikhome.pl\/index.php\/wp-json\/wp\/v2\/media?parent=13005"}],"wp:term":[{"taxonomy":"product_brand","embeddable":true,"href":"https:\/\/butikhome.pl\/index.php\/wp-json\/wp\/v2\/product_brand?post=13005"},{"taxonomy":"product_cat","embeddable":true,"href":"https:\/\/butikhome.pl\/index.php\/wp-json\/wp\/v2\/product_cat?post=13005"},{"taxonomy":"product_tag","embeddable":true,"href":"https:\/\/butikhome.pl\/index.php\/wp-json\/wp\/v2\/product_tag?post=13005"}],"curies":[{"name":"wp","href":"https:\/\/api.w.org\/{rel}","templated":true}]}}