{"id":13021,"date":"2023-03-29T17:12:53","date_gmt":"2023-03-29T15:12:53","guid":{"rendered":"https:\/\/butikhome.pl\/index.php\/produkt\/biustonosz-harmonia-1142m\/"},"modified":"2023-06-15T15:23:30","modified_gmt":"2023-06-15T13:23:30","slug":"biustonosz-harmonia-1142m","status":"publish","type":"product","link":"https:\/\/butikhome.pl\/index.php\/produkt\/biustonosz-harmonia-1142m\/","title":{"rendered":"Biustonosz Harmonia 1142M"},"content":{"rendered":"<ul>\n<li>Fiszbiny dolne<\/li>\n<li>Na wi\u0119ksze biusty<\/li>\n<li>Obw\u00f3d biustonosza regulowany<\/li>\n<li>Pakowany w pude\u0142ko<\/li>\n<li>Po\u0142yskuj\u0105ca dzianina<\/li>\n<li>Produkt polski<\/li>\n<li>Przyjemna w dotyku, mi\u0119kka dzianina\/tkanina<\/li>\n<li>Rami\u0105czka regulowane<\/li>\n<li>Siateczkowe zdobienia<\/li>\n<li>Stonowana kolorystyka<\/li>\n<li>Wysoka jako\u015b\u0107<\/li>\n<li>Zbiera piersi z bok\u00f3w do \u015brodka dekoltu<\/li>\n<li>Elastan: 18%<\/li>\n<li>Poliamid: 72%<\/li>\n<li>Poliester: 10%<\/li>\n<\/ul>\n","protected":false},"excerpt":{"rendered":"<p>Fiszbiny dolne Na wi\u0119ksze biusty Obw\u00f3d biustonosza regulowany Pakowany w pude\u0142ko Po\u0142yskuj\u0105ca dzianina Produkt polski Przyjemna w dotyku, mi\u0119kka dzianina\/tkanina Rami\u0105czka regulowane Siateczkowe zdobienia Stonowana kolorystyka Wysoka jako\u015b\u0107 Zbiera piersi z bok\u00f3w do \u015brodka dekoltu Elastan: 18% Poliamid: 72% Poliester: 10%<\/p>\n","protected":false},"featured_media":15576,"comment_status":"open","ping_status":"closed","template":"","meta":[],"product_brand":[],"product_cat":[629,24],"product_tag":[1641,1645,1646,1626,1628,1629,1631,1632,1877,1089,1879,681,1603,660,661,1390,1078,1878,664,665,479,301,1471],"class_list":{"0":"post-13021","1":"product","2":"type-product","3":"status-publish","4":"has-post-thumbnail","6":"product_cat-biustonosze-podkategoria-do-bielizny","7":"product_cat-produkty","8":"product_tag-100-f","9":"product_tag-105-d","10":"product_tag-105-e","11":"product_tag-75-k","12":"product_tag-80-j","13":"product_tag-80-k","14":"product_tag-85-i","15":"product_tag-85-j","16":"product_tag-biustonosz-harmonia-1142m-czarny","17":"product_tag-czarny","18":"product_tag-czarny-75-j","19":"product_tag-fiszbiny-dolne","20":"product_tag-gaia","21":"product_tag-na-wiekszy-biust","22":"product_tag-obwod-biustonosza-regulowany","23":"product_tag-pakowany-w-pudelko","24":"product_tag-polski-produkt","25":"product_tag-polyskujaca-tkanina","26":"product_tag-ramiaczka-regulowane","27":"product_tag-siateczkowe-zdobienia","28":"product_tag-transparentne-przeswity","29":"product_tag-wysoka-jakosc","30":"product_tag-zbiera-piersi-z-bokow-do-srodka-dekoltu","32":"first","33":"instock","34":"taxable","35":"shipping-taxable","36":"purchasable","37":"product-type-simple"},"_links":{"self":[{"href":"https:\/\/butikhome.pl\/index.php\/wp-json\/wp\/v2\/product\/13021","targetHints":{"allow":["GET"]}}],"collection":[{"href":"https:\/\/butikhome.pl\/index.php\/wp-json\/wp\/v2\/product"}],"about":[{"href":"https:\/\/butikhome.pl\/index.php\/wp-json\/wp\/v2\/types\/product"}],"replies":[{"embeddable":true,"href":"https:\/\/butikhome.pl\/index.php\/wp-json\/wp\/v2\/comments?post=13021"}],"wp:featuredmedia":[{"embeddable":true,"href":"https:\/\/butikhome.pl\/index.php\/wp-json\/wp\/v2\/media\/15576"}],"wp:attachment":[{"href":"https:\/\/butikhome.pl\/index.php\/wp-json\/wp\/v2\/media?parent=13021"}],"wp:term":[{"taxonomy":"product_brand","embeddable":true,"href":"https:\/\/butikhome.pl\/index.php\/wp-json\/wp\/v2\/product_brand?post=13021"},{"taxonomy":"product_cat","embeddable":true,"href":"https:\/\/butikhome.pl\/index.php\/wp-json\/wp\/v2\/product_cat?post=13021"},{"taxonomy":"product_tag","embeddable":true,"href":"https:\/\/butikhome.pl\/index.php\/wp-json\/wp\/v2\/product_tag?post=13021"}],"curies":[{"name":"wp","href":"https:\/\/api.w.org\/{rel}","templated":true}]}}