{"id":13046,"date":"2023-03-29T17:13:39","date_gmt":"2023-03-29T15:13:39","guid":{"rendered":"https:\/\/butikhome.pl\/index.php\/produkt\/biustonosz-idalia-art-1144\/"},"modified":"2023-06-15T14:40:33","modified_gmt":"2023-06-15T12:40:33","slug":"biustonosz-idalia-art-1144","status":"publish","type":"product","link":"https:\/\/butikhome.pl\/index.php\/produkt\/biustonosz-idalia-art-1144\/","title":{"rendered":"Biustonosz Idalia Art.1144"},"content":{"rendered":"<ul>\n<li>Biustonosz p\u00f3\u0142usztywniany<\/li>\n<li>Biustonosz zapinany na plecach<\/li>\n<li>Dekolt g\u0142\u0119boki<\/li>\n<li>Dolna cz\u0119\u015b\u0107 biustonosza usztywniona<\/li>\n<li>Fiszbiny boczne<\/li>\n<li>Fiszbiny dolne<\/li>\n<li>G\u0142\u0119bokie, wygodne miseczki<\/li>\n<li>Idealna tak\u017ce na prezent<\/li>\n<li>Kobieca stylistyka<\/li>\n<li>Koronkowe zdobienia<\/li>\n<li>Kr\u00f3j, kt\u00f3ry podkre\u015bla sylwetk\u0119<\/li>\n<li>Na wi\u0119ksze biusty<\/li>\n<li>Nieodpinane rami\u0105czka<\/li>\n<li>Obw\u00f3d biustonosza regulowany<\/li>\n<li>Pakowany w pude\u0142ko<\/li>\n<li>Produkt polski<\/li>\n<li>Przyjemna w dotyku, mi\u0119kka dzianina\/tkanina<\/li>\n<li>Rami\u0105czka regulowane<\/li>\n<li>Wewn\u0119trzna cz\u0119\u015b\u0107 miseczek pokryta bawe\u0142n\u0105<\/li>\n<li>Wysoka jako\u015b\u0107<\/li>\n<li>Zbiera piersi z bok\u00f3w do \u015brodka dekoltu<\/li>\n<li>Bawe\u0142na: 18%<\/li>\n<li>Elastan: 8%<\/li>\n<li>Poliamid: 49%<\/li>\n<li>Poliester: 20%<\/li>\n<li>Polipropylen: 5%<\/li>\n<\/ul>\n","protected":false},"excerpt":{"rendered":"<p>Biustonosz p\u00f3\u0142usztywniany Biustonosz zapinany na plecach Dekolt g\u0142\u0119boki Dolna cz\u0119\u015b\u0107 biustonosza usztywniona Fiszbiny boczne Fiszbiny dolne G\u0142\u0119bokie, wygodne miseczki Idealna tak\u017ce na prezent Kobieca stylistyka Koronkowe zdobienia Kr\u00f3j, kt\u00f3ry podkre\u015bla sylwetk\u0119 Na wi\u0119ksze biusty Nieodpinane rami\u0105czka Obw\u00f3d biustonosza regulowany Pakowany w pude\u0142ko Produkt polski Przyjemna w dotyku, mi\u0119kka dzianina\/tkanina Rami\u0105czka regulowane Wewn\u0119trzna cz\u0119\u015b\u0107 miseczek pokryta &hellip; <\/p>\n","protected":false},"featured_media":15571,"comment_status":"open","ping_status":"closed","template":"","meta":[],"product_brand":[],"product_cat":[1556,1557,1558,1561,1565,1566,1569,1570,629,24],"product_tag":[1482,1483,1486,1489,1490,1493,1494,1874,667,1617,1769,1673,1873,1875,1603,1618,1700,1652,1479,206,659,1480,1390,1078,1410,664,656,1622,301,1468,1471],"class_list":{"0":"post-13046","1":"product","2":"type-product","3":"status-publish","4":"has-post-thumbnail","6":"product_cat-75-c","7":"product_cat-75-d","8":"product_cat-75-e","9":"product_cat-75-h","10":"product_cat-80-c","11":"product_cat-80-d","12":"product_cat-80-g","13":"product_cat-80-h","14":"product_cat-biustonosze-podkategoria-do-bielizny","15":"product_cat-produkty","16":"product_tag-75-d","17":"product_tag-75-e","18":"product_tag-75-h","19":"product_tag-80-c","20":"product_tag-80-d","21":"product_tag-80-g","22":"product_tag-80-h","23":"product_tag-biustonosz-idalia-art-1144-fioletowy","24":"product_tag-biustonosz-polusztywniany","25":"product_tag-dekolt-gleboki","26":"product_tag-dolna-czesc-biustonosza-usztywniona","27":"product_tag-fioletowy","28":"product_tag-fioletowy-75-c","29":"product_tag-fiszbiny-boczne-i-dolne","30":"product_tag-gaia","31":"product_tag-glebokie-wygodne-miseczki","32":"product_tag-idealne-na-prezent","33":"product_tag-idealny-na-wieksze-piersi","34":"product_tag-kobieca-stylistyka","35":"product_tag-koronkowe-zdobienia","36":"product_tag-kroj-podkreslajacy-sylwetke","37":"product_tag-nieodpinane-ramiaczka","38":"product_tag-pakowany-w-pudelko","39":"product_tag-polski-produkt","40":"product_tag-przyjemna-i-miekka-tkanina","41":"product_tag-ramiaczka-regulowane","42":"product_tag-regulowany-obwod-biutonosza","43":"product_tag-wewnetrzna-czesc-miseczek-pokryta-bawelna","44":"product_tag-wysoka-jakosc","45":"product_tag-zapinany-na-plecach","46":"product_tag-zbiera-piersi-z-bokow-do-srodka-dekoltu","48":"first","49":"instock","50":"taxable","51":"shipping-taxable","52":"purchasable","53":"product-type-simple"},"_links":{"self":[{"href":"https:\/\/butikhome.pl\/index.php\/wp-json\/wp\/v2\/product\/13046","targetHints":{"allow":["GET"]}}],"collection":[{"href":"https:\/\/butikhome.pl\/index.php\/wp-json\/wp\/v2\/product"}],"about":[{"href":"https:\/\/butikhome.pl\/index.php\/wp-json\/wp\/v2\/types\/product"}],"replies":[{"embeddable":true,"href":"https:\/\/butikhome.pl\/index.php\/wp-json\/wp\/v2\/comments?post=13046"}],"wp:featuredmedia":[{"embeddable":true,"href":"https:\/\/butikhome.pl\/index.php\/wp-json\/wp\/v2\/media\/15571"}],"wp:attachment":[{"href":"https:\/\/butikhome.pl\/index.php\/wp-json\/wp\/v2\/media?parent=13046"}],"wp:term":[{"taxonomy":"product_brand","embeddable":true,"href":"https:\/\/butikhome.pl\/index.php\/wp-json\/wp\/v2\/product_brand?post=13046"},{"taxonomy":"product_cat","embeddable":true,"href":"https:\/\/butikhome.pl\/index.php\/wp-json\/wp\/v2\/product_cat?post=13046"},{"taxonomy":"product_tag","embeddable":true,"href":"https:\/\/butikhome.pl\/index.php\/wp-json\/wp\/v2\/product_tag?post=13046"}],"curies":[{"name":"wp","href":"https:\/\/api.w.org\/{rel}","templated":true}]}}