{"id":13055,"date":"2023-03-29T17:13:57","date_gmt":"2023-03-29T15:13:57","guid":{"rendered":"https:\/\/butikhome.pl\/index.php\/produkt\/biustonosz-idealia-410m\/"},"modified":"2023-06-15T14:20:57","modified_gmt":"2023-06-15T12:20:57","slug":"biustonosz-idealia-410m","status":"publish","type":"product","link":"https:\/\/butikhome.pl\/index.php\/produkt\/biustonosz-idealia-410m\/","title":{"rendered":"Biustonosz Idealia 410M"},"content":{"rendered":"<p><span>P\u00f3\u0142usztywniany biustonosz, wyko\u0144czony tiulem przy dekolcie, podszyty od wewn\u0105trz bawe\u0142n\u0105. Profilowane ci\u0119cia na miseczkach oraz fiszbiny dbaj\u0105 o odpowiednie uniesienie biustu, jego wymodelowanie i utrzymanie na w\u0142a\u015bciwym miejscu. Konstrukcja nadaje piersiom, \u0142adny naturalny kszta\u0142t. Klasyczne, szersze rami\u0105czka. Boki ze spr\u0119\u017cystej dzianiny, o podwy\u017cszonej odporno\u015bci na rozci\u0105ganie. <\/span><\/p>\n","protected":false},"excerpt":{"rendered":"<p>P\u00f3\u0142usztywniany biustonosz, wyko\u0144czony tiulem przy dekolcie, podszyty od wewn\u0105trz bawe\u0142n\u0105. Profilowane ci\u0119cia na miseczkach oraz fiszbiny dbaj\u0105 o odpowiednie uniesienie biustu, jego wymodelowanie i utrzymanie na w\u0142a\u015bciwym miejscu. Konstrukcja nadaje piersiom, \u0142adny naturalny kszta\u0142t. Klasyczne, szersze rami\u0105czka. Boki ze spr\u0119\u017cystej dzianiny, o podwy\u017cszonej odporno\u015bci na rozci\u0105ganie.<\/p>\n","protected":false},"featured_media":15570,"comment_status":"open","ping_status":"closed","template":"","meta":[],"product_brand":[],"product_cat":[629,24],"product_tag":[672,1864,1865,667,1872,654,1603,1867,676,1871,1390,1078,1868,1697,1866,1869,1870,301],"class_list":{"0":"post-13055","1":"product","2":"type-product","3":"status-publish","4":"has-post-thumbnail","6":"product_cat-biustonosze-podkategoria-do-bielizny","7":"product_cat-produkty","8":"product_tag-bialy","9":"product_tag-bialy-105-f","10":"product_tag-biustonosz-idealia-410m-bialy","11":"product_tag-biustonosz-polusztywniany","12":"product_tag-boki-ze-sprezystej-dzianiny-odporne-na-rozciaganie","13":"product_tag-fiszbiny","14":"product_tag-gaia","15":"product_tag-miseczki-wyscielane-bawelna","16":"product_tag-modeluje-biust","17":"product_tag-nadaje-naturalny-ksztalt","18":"product_tag-pakowany-w-pudelko","19":"product_tag-polski-produkt","20":"product_tag-profilowane-ciecia-na-miseczkach","21":"product_tag-szersze-ramiaczka","22":"product_tag-tiul-przy-dekolcie","23":"product_tag-unosi-biust","24":"product_tag-utrzymuje-biust-na-wlasciwym-miejscu","25":"product_tag-wysoka-jakosc","27":"first","28":"instock","29":"taxable","30":"shipping-taxable","31":"purchasable","32":"product-type-simple"},"_links":{"self":[{"href":"https:\/\/butikhome.pl\/index.php\/wp-json\/wp\/v2\/product\/13055","targetHints":{"allow":["GET"]}}],"collection":[{"href":"https:\/\/butikhome.pl\/index.php\/wp-json\/wp\/v2\/product"}],"about":[{"href":"https:\/\/butikhome.pl\/index.php\/wp-json\/wp\/v2\/types\/product"}],"replies":[{"embeddable":true,"href":"https:\/\/butikhome.pl\/index.php\/wp-json\/wp\/v2\/comments?post=13055"}],"wp:featuredmedia":[{"embeddable":true,"href":"https:\/\/butikhome.pl\/index.php\/wp-json\/wp\/v2\/media\/15570"}],"wp:attachment":[{"href":"https:\/\/butikhome.pl\/index.php\/wp-json\/wp\/v2\/media?parent=13055"}],"wp:term":[{"taxonomy":"product_brand","embeddable":true,"href":"https:\/\/butikhome.pl\/index.php\/wp-json\/wp\/v2\/product_brand?post=13055"},{"taxonomy":"product_cat","embeddable":true,"href":"https:\/\/butikhome.pl\/index.php\/wp-json\/wp\/v2\/product_cat?post=13055"},{"taxonomy":"product_tag","embeddable":true,"href":"https:\/\/butikhome.pl\/index.php\/wp-json\/wp\/v2\/product_tag?post=13055"}],"curies":[{"name":"wp","href":"https:\/\/api.w.org\/{rel}","templated":true}]}}