{"id":13057,"date":"2023-03-29T17:13:59","date_gmt":"2023-03-29T15:13:59","guid":{"rendered":"https:\/\/butikhome.pl\/index.php\/produkt\/biustonosz-irene-1183\/"},"modified":"2023-06-15T14:02:53","modified_gmt":"2023-06-15T12:02:53","slug":"biustonosz-irene-1183","status":"publish","type":"product","link":"https:\/\/butikhome.pl\/index.php\/produkt\/biustonosz-irene-1183\/","title":{"rendered":"Biustonosz Irene 1183"},"content":{"rendered":"<ul>\n<li>Biustonosz push-up<\/li>\n<li>Biustonosz zapinany na plecach<\/li>\n<li>Fiszbiny dolne<\/li>\n<li>Koronkowy ty\u0142<\/li>\n<li>Kr\u00f3j, kt\u00f3ry podkre\u015bla sylwetk\u0119<\/li>\n<li>Nieodpinane rami\u0105czka<\/li>\n<li>Obw\u00f3d biustonosza regulowany<\/li>\n<li>Ozdobna kokarda<\/li>\n<li>Pakowany w pude\u0142ko<\/li>\n<li>Produkt polski<\/li>\n<li>Rami\u0105czka regulowane<\/li>\n<li>Wyjmowane wk\u0142adki biustonosza<\/li>\n<li>Wysoka jako\u015b\u0107<\/li>\n<li>Bawe\u0142na: 23%<\/li>\n<li>Elastan: 5%<\/li>\n<li>Poliamid: 41%<\/li>\n<li>Poliester: 25%<\/li>\n<li>Polipropylen: 6%<\/li>\n<\/ul>\n","protected":false},"excerpt":{"rendered":"<p>Biustonosz push-up Biustonosz zapinany na plecach Fiszbiny dolne Koronkowy ty\u0142 Kr\u00f3j, kt\u00f3ry podkre\u015bla sylwetk\u0119 Nieodpinane rami\u0105czka Obw\u00f3d biustonosza regulowany Ozdobna kokarda Pakowany w pude\u0142ko Produkt polski Rami\u0105czka regulowane Wyjmowane wk\u0142adki biustonosza Wysoka jako\u015b\u0107 Bawe\u0142na: 23% Elastan: 5% Poliamid: 41% Poliester: 25% Polipropylen: 6%<\/p>\n","protected":false},"featured_media":15569,"comment_status":"open","ping_status":"closed","template":"","meta":[],"product_brand":[],"product_cat":[629,24],"product_tag":[1808,1750,1604,1605,1606,1809,1751,1599,1482,1483,1861,1488,1489,1490,1495,1496,1862,680,681,1603,442,659,1480,661,1602,1297,1078,664,1863,1860,684,301,1468],"class_list":{"0":"post-13057","1":"product","2":"type-product","3":"status-publish","4":"has-post-thumbnail","6":"product_cat-biustonosze-podkategoria-do-bielizny","7":"product_cat-produkty","8":"product_tag-70-b","9":"product_tag-70-c","10":"product_tag-70-d","11":"product_tag-70-e","12":"product_tag-70-f","13":"product_tag-75-a","14":"product_tag-75-b","15":"product_tag-75-c","16":"product_tag-75-d","17":"product_tag-75-e","18":"product_tag-80-a","19":"product_tag-80-b","20":"product_tag-80-c","21":"product_tag-80-d","22":"product_tag-85-b","23":"product_tag-85-c","24":"product_tag-biustonosz-irene-1183","25":"product_tag-biustonosz-push-up","26":"product_tag-fiszbiny-dolne","27":"product_tag-gaia","28":"product_tag-koronkowy-tyl","29":"product_tag-kroj-podkreslajacy-sylwetke","30":"product_tag-nieodpinane-ramiaczka","31":"product_tag-obwod-biustonosza-regulowany","32":"product_tag-ozdobne-kokardki","33":"product_tag-pakowane-w-pudelko","34":"product_tag-polski-produkt","35":"product_tag-ramiaczka-regulowane","36":"product_tag-szaro-rozowy","37":"product_tag-szary-70-a","38":"product_tag-wyjmowane-wkladki","39":"product_tag-wysoka-jakosc","40":"product_tag-zapinany-na-plecach","42":"first","43":"instock","44":"taxable","45":"shipping-taxable","46":"purchasable","47":"product-type-simple"},"_links":{"self":[{"href":"https:\/\/butikhome.pl\/index.php\/wp-json\/wp\/v2\/product\/13057","targetHints":{"allow":["GET"]}}],"collection":[{"href":"https:\/\/butikhome.pl\/index.php\/wp-json\/wp\/v2\/product"}],"about":[{"href":"https:\/\/butikhome.pl\/index.php\/wp-json\/wp\/v2\/types\/product"}],"replies":[{"embeddable":true,"href":"https:\/\/butikhome.pl\/index.php\/wp-json\/wp\/v2\/comments?post=13057"}],"wp:featuredmedia":[{"embeddable":true,"href":"https:\/\/butikhome.pl\/index.php\/wp-json\/wp\/v2\/media\/15569"}],"wp:attachment":[{"href":"https:\/\/butikhome.pl\/index.php\/wp-json\/wp\/v2\/media?parent=13057"}],"wp:term":[{"taxonomy":"product_brand","embeddable":true,"href":"https:\/\/butikhome.pl\/index.php\/wp-json\/wp\/v2\/product_brand?post=13057"},{"taxonomy":"product_cat","embeddable":true,"href":"https:\/\/butikhome.pl\/index.php\/wp-json\/wp\/v2\/product_cat?post=13057"},{"taxonomy":"product_tag","embeddable":true,"href":"https:\/\/butikhome.pl\/index.php\/wp-json\/wp\/v2\/product_tag?post=13057"}],"curies":[{"name":"wp","href":"https:\/\/api.w.org\/{rel}","templated":true}]}}