{"id":13084,"date":"2023-03-29T17:14:52","date_gmt":"2023-03-29T15:14:52","guid":{"rendered":"https:\/\/butikhome.pl\/index.php\/produkt\/biustonosz-ismena-921\/"},"modified":"2023-06-15T13:41:41","modified_gmt":"2023-06-15T11:41:41","slug":"biustonosz-ismena-921","status":"publish","type":"product","link":"https:\/\/butikhome.pl\/index.php\/produkt\/biustonosz-ismena-921\/","title":{"rendered":"Biustonosz Ismena 921"},"content":{"rendered":"<p><span>Wyj\u0105tkowo kobiecy biustonosz w pi\u0119knym, r\u00f3\u017cowym kolorze. Zdobiony koronk\u0105 na dekolcie, kt\u00f3r\u0105 dodatkowo pokryto haftem w r\u00f3\u017ce. G\u00f3ra z lekkim efektem prze\u015bwitu, d\u00f3\u0142 wzorzysty. Konstrukcja p\u00f3\u0142usztywniana, wzmocniona fiszbinami, kt\u00f3re poprawiaj\u0105 stabilno\u015b\u0107 obwodu i zapobiegaj\u0105 zwijaniu si\u0119 materia\u0142u. Kr\u00f3j podwy\u017cszony, zakrywaj\u0105cy sutki. Biustonosz mocno zbiera piersi i nadaje im zmys\u0142owy, zaokr\u0105glony kszta\u0142t. \u015arodek wy\u015bcielony przyjemn\u0105 bawe\u0142n\u0105. Sk\u0142ad: 43% poliamid, 30% poliester, 16% bawe\u0142na, 7% elastan, 4% poliuretan. <\/span><\/p>\n","protected":false},"excerpt":{"rendered":"<p>Wyj\u0105tkowo kobiecy biustonosz w pi\u0119knym, r\u00f3\u017cowym kolorze. Zdobiony koronk\u0105 na dekolcie, kt\u00f3r\u0105 dodatkowo pokryto haftem w r\u00f3\u017ce. G\u00f3ra z lekkim efektem prze\u015bwitu, d\u00f3\u0142 wzorzysty. Konstrukcja p\u00f3\u0142usztywniana, wzmocniona fiszbinami, kt\u00f3re poprawiaj\u0105 stabilno\u015b\u0107 obwodu i zapobiegaj\u0105 zwijaniu si\u0119 materia\u0142u. Kr\u00f3j podwy\u017cszony, zakrywaj\u0105cy sutki. Biustonosz mocno zbiera piersi i nadaje im zmys\u0142owy, zaokr\u0105glony kszta\u0142t. \u015arodek wy\u015bcielony przyjemn\u0105 bawe\u0142n\u0105. &hellip; <\/p>\n","protected":false},"featured_media":15566,"comment_status":"open","ping_status":"closed","template":"","meta":[],"product_brand":[],"product_cat":[1552,629,24],"product_tag":[1841,1840,667,654,1603,671,1842,1843,1846,1839,1844,1390,1078,1847,1845,1471],"class_list":{"0":"post-13084","1":"product","2":"type-product","3":"status-publish","4":"has-post-thumbnail","6":"product_cat-70-h","7":"product_cat-biustonosze-podkategoria-do-bielizny","8":"product_cat-produkty","9":"product_tag-amarantus","10":"product_tag-biustonosz-ismena-921-amarantus","11":"product_tag-biustonosz-polusztywniany","12":"product_tag-fiszbiny","13":"product_tag-gaia","14":"product_tag-kobiecy","15":"product_tag-koronka-na-dekolcie","16":"product_tag-koronka-z-haftem-w-roze","17":"product_tag-kroj-podwyzszony-zakrywajacy-sutki","18":"product_tag-kwiat-amarantusa-70-h","19":"product_tag-lekki-efekt-przeswitu-na-gorze","20":"product_tag-pakowany-w-pudelko","21":"product_tag-polski-produkt","22":"product_tag-srodek-wyscielany-bawelna","23":"product_tag-wzorzysty-dol","24":"product_tag-zbiera-piersi-z-bokow-do-srodka-dekoltu","26":"first","27":"instock","28":"taxable","29":"shipping-taxable","30":"purchasable","31":"product-type-simple"},"_links":{"self":[{"href":"https:\/\/butikhome.pl\/index.php\/wp-json\/wp\/v2\/product\/13084","targetHints":{"allow":["GET"]}}],"collection":[{"href":"https:\/\/butikhome.pl\/index.php\/wp-json\/wp\/v2\/product"}],"about":[{"href":"https:\/\/butikhome.pl\/index.php\/wp-json\/wp\/v2\/types\/product"}],"replies":[{"embeddable":true,"href":"https:\/\/butikhome.pl\/index.php\/wp-json\/wp\/v2\/comments?post=13084"}],"wp:featuredmedia":[{"embeddable":true,"href":"https:\/\/butikhome.pl\/index.php\/wp-json\/wp\/v2\/media\/15566"}],"wp:attachment":[{"href":"https:\/\/butikhome.pl\/index.php\/wp-json\/wp\/v2\/media?parent=13084"}],"wp:term":[{"taxonomy":"product_brand","embeddable":true,"href":"https:\/\/butikhome.pl\/index.php\/wp-json\/wp\/v2\/product_brand?post=13084"},{"taxonomy":"product_cat","embeddable":true,"href":"https:\/\/butikhome.pl\/index.php\/wp-json\/wp\/v2\/product_cat?post=13084"},{"taxonomy":"product_tag","embeddable":true,"href":"https:\/\/butikhome.pl\/index.php\/wp-json\/wp\/v2\/product_tag?post=13084"}],"curies":[{"name":"wp","href":"https:\/\/api.w.org\/{rel}","templated":true}]}}