{"id":13090,"date":"2023-03-29T17:15:00","date_gmt":"2023-03-29T15:15:00","guid":{"rendered":"https:\/\/butikhome.pl\/index.php\/produkt\/biustonosz-jenny-1032-kuszacy-burgund\/"},"modified":"2023-06-15T13:21:34","modified_gmt":"2023-06-15T11:21:34","slug":"biustonosz-jenny-1032-kuszacy-burgund","status":"publish","type":"product","link":"https:\/\/butikhome.pl\/index.php\/produkt\/biustonosz-jenny-1032-kuszacy-burgund\/","title":{"rendered":"Biustonosz Jenny 1032 Kusz\u0105cy Burgund"},"content":{"rendered":"<ul>\n<li>Biustonosz usztywniany<\/li>\n<li>Biustonosz zapinany na plecach<\/li>\n<li>Dekolt g\u0142\u0119boki<\/li>\n<li>Idealny na ma\u0142e i \u015brednie biusty<\/li>\n<li>Koronkowe zdobienia<\/li>\n<li>Kr\u00f3j, kt\u00f3ry podkre\u015bla sylwetk\u0119<\/li>\n<li>Nieodpinane rami\u0105czka<\/li>\n<li>Obw\u00f3d biustonosza regulowany<\/li>\n<li>Pakowany w pude\u0142ko<\/li>\n<li>Produkt polski<\/li>\n<li>Przyjemna w dotyku, mi\u0119kka dzianina\/tkanina<\/li>\n<li>Rami\u0105czka regulowane<\/li>\n<li>Wykonana z elastycznego materia\u0142u<\/li>\n<li>Wysoka jako\u015b\u0107<\/li>\n<li>Bawe\u0142na: 14%<\/li>\n<li>Elastan: 12%<\/li>\n<li>Poliamid: 56%<\/li>\n<li>Poliester: 15%<\/li>\n<li>Polipropylen: 3%<\/li>\n<\/ul>\n","protected":false},"excerpt":{"rendered":"<p>Biustonosz usztywniany Biustonosz zapinany na plecach Dekolt g\u0142\u0119boki Idealny na ma\u0142e i \u015brednie biusty Koronkowe zdobienia Kr\u00f3j, kt\u00f3ry podkre\u015bla sylwetk\u0119 Nieodpinane rami\u0105czka Obw\u00f3d biustonosza regulowany Pakowany w pude\u0142ko Produkt polski Przyjemna w dotyku, mi\u0119kka dzianina\/tkanina Rami\u0105czka regulowane Wykonana z elastycznego materia\u0142u Wysoka jako\u015b\u0107 Bawe\u0142na: 14% Elastan: 12% Poliamid: 56% Poliester: 15% Polipropylen: 3%<\/p>\n","protected":false},"featured_media":15562,"comment_status":"open","ping_status":"closed","template":"","meta":[],"product_brand":[],"product_cat":[1557,629,24],"product_tag":[658,1834,1835,1819,1617,1603,1836,1682,206,659,1480,661,1297,1078,1679,1658,1623,301,1468],"class_list":{"0":"post-13090","1":"product","2":"type-product","3":"status-publish","4":"has-post-thumbnail","6":"product_cat-75-d","7":"product_cat-biustonosze-podkategoria-do-bielizny","8":"product_cat-produkty","9":"product_tag-75d","10":"product_tag-biustonosz-jenny-1032-burgund","11":"product_tag-biustonosz-usztywniany","12":"product_tag-burgund","13":"product_tag-dekolt-gleboki","14":"product_tag-gaia","15":"product_tag-idealny-na-maly-biust","16":"product_tag-idealny-na-sredni-biust","17":"product_tag-koronkowe-zdobienia","18":"product_tag-kroj-podkreslajacy-sylwetke","19":"product_tag-nieodpinane-ramiaczka","20":"product_tag-obwod-biustonosza-regulowany","21":"product_tag-pakowane-w-pudelko","22":"product_tag-polski-produkt","23":"product_tag-przyjemna-w-dotyku-miekka-dzianina-tkanina","24":"product_tag-regulowane-ramiaczka","25":"product_tag-wykonana-z-elastycznego-materialu","26":"product_tag-wysoka-jakosc","27":"product_tag-zapinany-na-plecach","29":"first","30":"instock","31":"taxable","32":"shipping-taxable","33":"purchasable","34":"product-type-simple"},"_links":{"self":[{"href":"https:\/\/butikhome.pl\/index.php\/wp-json\/wp\/v2\/product\/13090","targetHints":{"allow":["GET"]}}],"collection":[{"href":"https:\/\/butikhome.pl\/index.php\/wp-json\/wp\/v2\/product"}],"about":[{"href":"https:\/\/butikhome.pl\/index.php\/wp-json\/wp\/v2\/types\/product"}],"replies":[{"embeddable":true,"href":"https:\/\/butikhome.pl\/index.php\/wp-json\/wp\/v2\/comments?post=13090"}],"wp:featuredmedia":[{"embeddable":true,"href":"https:\/\/butikhome.pl\/index.php\/wp-json\/wp\/v2\/media\/15562"}],"wp:attachment":[{"href":"https:\/\/butikhome.pl\/index.php\/wp-json\/wp\/v2\/media?parent=13090"}],"wp:term":[{"taxonomy":"product_brand","embeddable":true,"href":"https:\/\/butikhome.pl\/index.php\/wp-json\/wp\/v2\/product_brand?post=13090"},{"taxonomy":"product_cat","embeddable":true,"href":"https:\/\/butikhome.pl\/index.php\/wp-json\/wp\/v2\/product_cat?post=13090"},{"taxonomy":"product_tag","embeddable":true,"href":"https:\/\/butikhome.pl\/index.php\/wp-json\/wp\/v2\/product_tag?post=13090"}],"curies":[{"name":"wp","href":"https:\/\/api.w.org\/{rel}","templated":true}]}}