{"id":13092,"date":"2023-03-29T17:15:02","date_gmt":"2023-03-29T15:15:02","guid":{"rendered":"https:\/\/butikhome.pl\/index.php\/produkt\/biustonosz-jessica-864-perlowa-gwiazda\/"},"modified":"2023-06-15T12:49:42","modified_gmt":"2023-06-15T10:49:42","slug":"biustonosz-jessica-864-perlowa-gwiazda","status":"publish","type":"product","link":"https:\/\/butikhome.pl\/index.php\/produkt\/biustonosz-jessica-864-perlowa-gwiazda\/","title":{"rendered":"Biustonosz Jessica 864 Per\u0142owa Gwiazda"},"content":{"rendered":"<p><span>Stylowy biustonosz Jessica 864 zaprojektowany w wyrafinowanym po\u0142\u0105czeniu be\u017cu i czerni. Model w konstrukcji soft, na fiszbinach, dobrze wygl\u0105da na du\u017cym biu\u015bcie i stabilnie go podtrzymuje. Atrakcyjn\u0105 kolorystyk\u0119 dope\u0142nia delikatny, elegancko haftowany materia\u0142, kt\u00f3ry seksownie prze\u015bwituje. Dekolt z ciemn\u0105 lam\u00f3wk\u0105. Rami\u0105czka zdobione. Sk\u0142ad: 91% poliamid, 9% elastan.<\/span><\/p>\n","protected":false},"excerpt":{"rendered":"<p>Stylowy biustonosz Jessica 864 zaprojektowany w wyrafinowanym po\u0142\u0105czeniu be\u017cu i czerni. Model w konstrukcji soft, na fiszbinach, dobrze wygl\u0105da na du\u017cym biu\u015bcie i stabilnie go podtrzymuje. Atrakcyjn\u0105 kolorystyk\u0119 dope\u0142nia delikatny, elegancko haftowany materia\u0142, kt\u00f3ry seksownie prze\u015bwituje. Dekolt z ciemn\u0105 lam\u00f3wk\u0105. Rami\u0105czka zdobione. Sk\u0142ad: 91% poliamid, 9% elastan.<\/p>\n","protected":false},"featured_media":15559,"comment_status":"open","ping_status":"closed","template":"","meta":[],"product_brand":[],"product_cat":[1569,629,24],"product_tag":[1820,1823,1821,1831,1827,1603,1833,1828,1683,1824,1297,1822,1078,1830,1832,1829,1826,1733,1825,1468],"class_list":{"0":"post-13092","1":"product","2":"type-product","3":"status-publish","4":"has-post-thumbnail","6":"product_cat-80-g","7":"product_cat-biustonosze-podkategoria-do-bielizny","8":"product_cat-produkty","9":"product_tag-80g","10":"product_tag-bez-i-czern","11":"product_tag-biustonosz-jessica-864-perlowa-gwiazda","12":"product_tag-dekolt-z-ciemna-lamowka","13":"product_tag-delikatny-i-elegancki","14":"product_tag-gaia","15":"product_tag-haftowane-ramiaczka","16":"product_tag-haftowany-material","17":"product_tag-idealny-na-duzy-biust","18":"product_tag-model-w-konstrukcji-soft","19":"product_tag-pakowane-w-pudelko","20":"product_tag-perlowe","21":"product_tag-polski-produkt","22":"product_tag-przeswitujacy-material","23":"product_tag-ramiaczka-zdobione","24":"product_tag-seksowny","25":"product_tag-stabilnie-podtrzymuje-biust","26":"product_tag-stylowy","27":"product_tag-z-fiszbinami","28":"product_tag-zapinany-na-plecach","30":"first","31":"instock","32":"taxable","33":"shipping-taxable","34":"purchasable","35":"product-type-simple"},"_links":{"self":[{"href":"https:\/\/butikhome.pl\/index.php\/wp-json\/wp\/v2\/product\/13092","targetHints":{"allow":["GET"]}}],"collection":[{"href":"https:\/\/butikhome.pl\/index.php\/wp-json\/wp\/v2\/product"}],"about":[{"href":"https:\/\/butikhome.pl\/index.php\/wp-json\/wp\/v2\/types\/product"}],"replies":[{"embeddable":true,"href":"https:\/\/butikhome.pl\/index.php\/wp-json\/wp\/v2\/comments?post=13092"}],"wp:featuredmedia":[{"embeddable":true,"href":"https:\/\/butikhome.pl\/index.php\/wp-json\/wp\/v2\/media\/15559"}],"wp:attachment":[{"href":"https:\/\/butikhome.pl\/index.php\/wp-json\/wp\/v2\/media?parent=13092"}],"wp:term":[{"taxonomy":"product_brand","embeddable":true,"href":"https:\/\/butikhome.pl\/index.php\/wp-json\/wp\/v2\/product_brand?post=13092"},{"taxonomy":"product_cat","embeddable":true,"href":"https:\/\/butikhome.pl\/index.php\/wp-json\/wp\/v2\/product_cat?post=13092"},{"taxonomy":"product_tag","embeddable":true,"href":"https:\/\/butikhome.pl\/index.php\/wp-json\/wp\/v2\/product_tag?post=13092"}],"curies":[{"name":"wp","href":"https:\/\/api.w.org\/{rel}","templated":true}]}}