{"id":13094,"date":"2023-03-29T17:15:04","date_gmt":"2023-03-29T15:15:04","guid":{"rendered":"https:\/\/butikhome.pl\/index.php\/produkt\/biustonosz-joy-1037-kuszacy-burgund\/"},"modified":"2023-06-15T12:38:38","modified_gmt":"2023-06-15T10:38:38","slug":"biustonosz-joy-1037-kuszacy-burgund","status":"publish","type":"product","link":"https:\/\/butikhome.pl\/index.php\/produkt\/biustonosz-joy-1037-kuszacy-burgund\/","title":{"rendered":"Biustonosz Joy 1037 Kusz\u0105cy Burgund"},"content":{"rendered":"<ul>\n<li>Biustonosz p\u00f3\u0142usztywniany<\/li>\n<li>Fiszbiny boczne<\/li>\n<li>Fiszbiny dolne<\/li>\n<li>G\u0142\u0119bokie, wygodne miseczki<\/li>\n<li>Koronkowe zdobienia<\/li>\n<li>Na wi\u0119ksze biusty<\/li>\n<li>Pakowany w pude\u0142ko<\/li>\n<li>Produkt polski<\/li>\n<li>Przyjemna w dotyku, mi\u0119kka dzianina\/tkanina<\/li>\n<li>Rami\u0105czka regulowane<\/li>\n<li>Siateczkowe zdobienia<\/li>\n<li>Wykonana z elastycznego materia\u0142u<\/li>\n<li>Wysoka jako\u015b\u0107<\/li>\n<li>Bawe\u0142na: 14%<\/li>\n<li>Elastan: 10%<\/li>\n<li>Poliamid: 53%<\/li>\n<li>Poliester: 20%<\/li>\n<li>Polipropylen: 3%<\/li>\n<\/ul>\n","protected":false},"excerpt":{"rendered":"<p>Biustonosz p\u00f3\u0142usztywniany Fiszbiny boczne Fiszbiny dolne G\u0142\u0119bokie, wygodne miseczki Koronkowe zdobienia Na wi\u0119ksze biusty Pakowany w pude\u0142ko Produkt polski Przyjemna w dotyku, mi\u0119kka dzianina\/tkanina Rami\u0105czka regulowane Siateczkowe zdobienia Wykonana z elastycznego materia\u0142u Wysoka jako\u015b\u0107 Bawe\u0142na: 14% Elastan: 10% Poliamid: 53% Poliester: 20% Polipropylen: 3%<\/p>\n","protected":false},"featured_media":15557,"comment_status":"open","ping_status":"closed","template":"","meta":[],"product_brand":[],"product_cat":[1566,29,24],"product_tag":[1473,1818,667,1819,1469,681,1603,1618,206,660,1297,1078,1679,664,665,301,1339],"class_list":{"0":"post-13094","1":"product","2":"type-product","3":"status-publish","4":"has-post-thumbnail","6":"product_cat-80-d","7":"product_cat-bielizna","8":"product_cat-produkty","9":"product_tag-80d","10":"product_tag-biustonosz-joy-1037-kuszacy-burgund","11":"product_tag-biustonosz-polusztywniany","12":"product_tag-burgund","13":"product_tag-fiszbiny-boczne","14":"product_tag-fiszbiny-dolne","15":"product_tag-gaia","16":"product_tag-glebokie-wygodne-miseczki","17":"product_tag-koronkowe-zdobienia","18":"product_tag-na-wiekszy-biust","19":"product_tag-pakowane-w-pudelko","20":"product_tag-polski-produkt","21":"product_tag-przyjemna-w-dotyku-miekka-dzianina-tkanina","22":"product_tag-ramiaczka-regulowane","23":"product_tag-siateczkowe-zdobienia","24":"product_tag-wysoka-jakosc","25":"product_tag-z-elastycznego-materialu","27":"first","28":"instock","29":"taxable","30":"shipping-taxable","31":"purchasable","32":"product-type-simple"},"_links":{"self":[{"href":"https:\/\/butikhome.pl\/index.php\/wp-json\/wp\/v2\/product\/13094","targetHints":{"allow":["GET"]}}],"collection":[{"href":"https:\/\/butikhome.pl\/index.php\/wp-json\/wp\/v2\/product"}],"about":[{"href":"https:\/\/butikhome.pl\/index.php\/wp-json\/wp\/v2\/types\/product"}],"replies":[{"embeddable":true,"href":"https:\/\/butikhome.pl\/index.php\/wp-json\/wp\/v2\/comments?post=13094"}],"wp:featuredmedia":[{"embeddable":true,"href":"https:\/\/butikhome.pl\/index.php\/wp-json\/wp\/v2\/media\/15557"}],"wp:attachment":[{"href":"https:\/\/butikhome.pl\/index.php\/wp-json\/wp\/v2\/media?parent=13094"}],"wp:term":[{"taxonomy":"product_brand","embeddable":true,"href":"https:\/\/butikhome.pl\/index.php\/wp-json\/wp\/v2\/product_brand?post=13094"},{"taxonomy":"product_cat","embeddable":true,"href":"https:\/\/butikhome.pl\/index.php\/wp-json\/wp\/v2\/product_cat?post=13094"},{"taxonomy":"product_tag","embeddable":true,"href":"https:\/\/butikhome.pl\/index.php\/wp-json\/wp\/v2\/product_tag?post=13094"}],"curies":[{"name":"wp","href":"https:\/\/api.w.org\/{rel}","templated":true}]}}