{"id":13143,"date":"2023-03-29T17:16:54","date_gmt":"2023-03-29T15:16:54","guid":{"rendered":"https:\/\/butikhome.pl\/index.php\/produkt\/biustonosz-kasjana-1161\/"},"modified":"2023-06-14T15:35:00","modified_gmt":"2023-06-14T13:35:00","slug":"biustonosz-kasjana-1161","status":"publish","type":"product","link":"https:\/\/butikhome.pl\/index.php\/produkt\/biustonosz-kasjana-1161\/","title":{"rendered":"Biustonosz Kasjana 1161"},"content":{"rendered":"<ul>\n<li>Biustonosz push-up<\/li>\n<li>Fiszbiny dolne<\/li>\n<li>Koronkowe zdobienia<\/li>\n<li>Koronkowy ty\u0142<\/li>\n<li>Obw\u00f3d biustonosza regulowany<\/li>\n<li>Pakowany w pude\u0142ko<\/li>\n<li>Produkt polski<\/li>\n<li>Push-up wyjmowany z modelu<\/li>\n<li>Rami\u0105czka ozdobne<\/li>\n<li>Rami\u0105czka regulowane<\/li>\n<li>Unosi i powi\u0119ksza piersi<\/li>\n<li>Wysoka jako\u015b\u0107<\/li>\n<li>Bawe\u0142na: 30%<\/li>\n<li>Elastan: 5%<\/li>\n<li>Poliamid: 65%<\/li>\n<\/ul>\n","protected":false},"excerpt":{"rendered":"<p>Biustonosz push-up Fiszbiny dolne Koronkowe zdobienia Koronkowy ty\u0142 Obw\u00f3d biustonosza regulowany Pakowany w pude\u0142ko Produkt polski Push-up wyjmowany z modelu Rami\u0105czka ozdobne Rami\u0105czka regulowane Unosi i powi\u0119ksza piersi Wysoka jako\u015b\u0107 Bawe\u0142na: 30% Elastan: 5% Poliamid: 65%<\/p>\n","protected":false},"featured_media":15551,"comment_status":"open","ping_status":"closed","template":"","meta":[],"product_brand":[],"product_cat":[629,24],"product_tag":[1806,1807,1798,1789,1808,1750,1604,1605,1606,1809,1751,1599,1482,1483,1484,1488,1489,1490,1491,1495,1497,1502,1810,680,681,1603,206,442,661,1390,1078,1811,664,683,301,1775],"class_list":{"0":"post-13143","1":"product","2":"type-product","3":"status-publish","4":"has-post-thumbnail","6":"product_cat-biustonosze-podkategoria-do-bielizny","7":"product_cat-produkty","8":"product_tag-65-b","9":"product_tag-65-c","10":"product_tag-65-e","11":"product_tag-65-f","12":"product_tag-70-b","13":"product_tag-70-c","14":"product_tag-70-d","15":"product_tag-70-e","16":"product_tag-70-f","17":"product_tag-75-a","18":"product_tag-75-b","19":"product_tag-75-c","20":"product_tag-75-d","21":"product_tag-75-e","22":"product_tag-75-f","23":"product_tag-80-b","24":"product_tag-80-c","25":"product_tag-80-d","26":"product_tag-80-e","27":"product_tag-85-b","28":"product_tag-85-d","29":"product_tag-90-c","30":"product_tag-biustonosz-kasjana-1161","31":"product_tag-biustonosz-push-up","32":"product_tag-fiszbiny-dolne","33":"product_tag-gaia","34":"product_tag-koronkowe-zdobienia","35":"product_tag-koronkowy-tyl","36":"product_tag-obwod-biustonosza-regulowany","37":"product_tag-pakowany-w-pudelko","38":"product_tag-polski-produkt","39":"product_tag-ramiaczka-ozdobione","40":"product_tag-ramiaczka-regulowane","41":"product_tag-unosi-i-powieksza-piersi","42":"product_tag-wysoka-jakosc","43":"product_tag-z-wyjmowanymi-wkladkami-push-up","45":"first","46":"instock","47":"taxable","48":"shipping-taxable","49":"purchasable","50":"product-type-simple"},"_links":{"self":[{"href":"https:\/\/butikhome.pl\/index.php\/wp-json\/wp\/v2\/product\/13143","targetHints":{"allow":["GET"]}}],"collection":[{"href":"https:\/\/butikhome.pl\/index.php\/wp-json\/wp\/v2\/product"}],"about":[{"href":"https:\/\/butikhome.pl\/index.php\/wp-json\/wp\/v2\/types\/product"}],"replies":[{"embeddable":true,"href":"https:\/\/butikhome.pl\/index.php\/wp-json\/wp\/v2\/comments?post=13143"}],"wp:featuredmedia":[{"embeddable":true,"href":"https:\/\/butikhome.pl\/index.php\/wp-json\/wp\/v2\/media\/15551"}],"wp:attachment":[{"href":"https:\/\/butikhome.pl\/index.php\/wp-json\/wp\/v2\/media?parent=13143"}],"wp:term":[{"taxonomy":"product_brand","embeddable":true,"href":"https:\/\/butikhome.pl\/index.php\/wp-json\/wp\/v2\/product_brand?post=13143"},{"taxonomy":"product_cat","embeddable":true,"href":"https:\/\/butikhome.pl\/index.php\/wp-json\/wp\/v2\/product_cat?post=13143"},{"taxonomy":"product_tag","embeddable":true,"href":"https:\/\/butikhome.pl\/index.php\/wp-json\/wp\/v2\/product_tag?post=13143"}],"curies":[{"name":"wp","href":"https:\/\/api.w.org\/{rel}","templated":true}]}}