{"id":13167,"date":"2023-03-29T17:17:48","date_gmt":"2023-03-29T15:17:48","guid":{"rendered":"https:\/\/butikhome.pl\/index.php\/produkt\/biustonosz-kate-281\/"},"modified":"2023-06-14T15:22:37","modified_gmt":"2023-06-14T13:22:37","slug":"biustonosz-kate-281","status":"publish","type":"product","link":"https:\/\/butikhome.pl\/index.php\/produkt\/biustonosz-kate-281\/","title":{"rendered":"Biustonosz Kate 281"},"content":{"rendered":"<p><span>Kate 281 to biustonosz, kt\u00f3ry zachwyca swym fasonem. W ca\u0142o\u015bci\u00a0wykonany z wysokogatunkowej mikrofibry, subtelnie zdobionej wiosenno-letnimi kwiatami. Bardzo delikatny i o niebywa\u0142ym wdzi\u0119ku. Biustonosz wspaniale kszta\u0142tuje wygl\u0105d piersi, unosi je i utrzmuje na swoim miejscu. Na boczkach umieszczono dodatkowe, pionowe fiszbiny, kt\u00f3re podnios\u0105 komfort noszenia. Rami\u0105czka nieco szersze.<\/span><\/p>\n","protected":false},"excerpt":{"rendered":"<p>Kate 281 to biustonosz, kt\u00f3ry zachwyca swym fasonem. W ca\u0142o\u015bci\u00a0wykonany z wysokogatunkowej mikrofibry, subtelnie zdobionej wiosenno-letnimi kwiatami. Bardzo delikatny i o niebywa\u0142ym wdzi\u0119ku. Biustonosz wspaniale kszta\u0142tuje wygl\u0105d piersi, unosi je i utrzmuje na swoim miejscu. Na boczkach umieszczono dodatkowe, pionowe fiszbiny, kt\u00f3re podnios\u0105 komfort noszenia. Rami\u0105czka nieco szersze.<\/p>\n","protected":false},"featured_media":15549,"comment_status":"open","ping_status":"closed","template":"","meta":[],"product_brand":[],"product_cat":[629,24],"product_tag":[1797,1798,1789,1605,1606,1610,1611,1751,1599,1482,1483,1484,1485,1486,1488,1489,1490,1491,1492,1493,1495,1496,1497,1498,1499,1501,1502,1503,1504,1506,1507,1799,1803,1800,1686,1804,1697,1805,1801,1802],"class_list":{"0":"post-13167","1":"product","2":"type-product","3":"status-publish","4":"has-post-thumbnail","6":"product_cat-biustonosze-podkategoria-do-bielizny","7":"product_cat-produkty","8":"product_tag-65-d","9":"product_tag-65-e","10":"product_tag-65-f","11":"product_tag-70-e","12":"product_tag-70-f","13":"product_tag-70-g","14":"product_tag-70-h","15":"product_tag-75-b","16":"product_tag-75-c","17":"product_tag-75-d","18":"product_tag-75-e","19":"product_tag-75-f","20":"product_tag-75-g","21":"product_tag-75-h","22":"product_tag-80-b","23":"product_tag-80-c","24":"product_tag-80-d","25":"product_tag-80-e","26":"product_tag-80-f","27":"product_tag-80-g","28":"product_tag-85-b","29":"product_tag-85-c","30":"product_tag-85-d","31":"product_tag-85-e","32":"product_tag-85-f","33":"product_tag-90-b","34":"product_tag-90-c","35":"product_tag-90-d","36":"product_tag-90-e","37":"product_tag-95-b","38":"product_tag-95-c","39":"product_tag-95d","40":"product_tag-bardzo-delikatny","41":"product_tag-biustonosz-kate-281-bezowy","42":"product_tag-modeluje-piersi","43":"product_tag-pionowe-fiszbiny-na-bokach-dla-komfortu-noszenia","44":"product_tag-szersze-ramiaczka","45":"product_tag-unosi-biust-i-utrzymuje-go-na-swoim-miejscu","46":"product_tag-z-wysokiej-jakosci-mikrofibry","47":"product_tag-zdobione-subtelnymi-wiosenno-letnimi-kwiatami","49":"first","50":"instock","51":"taxable","52":"shipping-taxable","53":"purchasable","54":"product-type-simple"},"_links":{"self":[{"href":"https:\/\/butikhome.pl\/index.php\/wp-json\/wp\/v2\/product\/13167","targetHints":{"allow":["GET"]}}],"collection":[{"href":"https:\/\/butikhome.pl\/index.php\/wp-json\/wp\/v2\/product"}],"about":[{"href":"https:\/\/butikhome.pl\/index.php\/wp-json\/wp\/v2\/types\/product"}],"replies":[{"embeddable":true,"href":"https:\/\/butikhome.pl\/index.php\/wp-json\/wp\/v2\/comments?post=13167"}],"wp:featuredmedia":[{"embeddable":true,"href":"https:\/\/butikhome.pl\/index.php\/wp-json\/wp\/v2\/media\/15549"}],"wp:attachment":[{"href":"https:\/\/butikhome.pl\/index.php\/wp-json\/wp\/v2\/media?parent=13167"}],"wp:term":[{"taxonomy":"product_brand","embeddable":true,"href":"https:\/\/butikhome.pl\/index.php\/wp-json\/wp\/v2\/product_brand?post=13167"},{"taxonomy":"product_cat","embeddable":true,"href":"https:\/\/butikhome.pl\/index.php\/wp-json\/wp\/v2\/product_cat?post=13167"},{"taxonomy":"product_tag","embeddable":true,"href":"https:\/\/butikhome.pl\/index.php\/wp-json\/wp\/v2\/product_tag?post=13167"}],"curies":[{"name":"wp","href":"https:\/\/api.w.org\/{rel}","templated":true}]}}