{"id":13271,"date":"2023-03-29T17:21:59","date_gmt":"2023-03-29T15:21:59","guid":{"rendered":"https:\/\/butikhome.pl\/index.php\/produkt\/biustonosz-keto-1134-rozowy\/"},"modified":"2023-06-14T14:21:46","modified_gmt":"2023-06-14T12:21:46","slug":"biustonosz-keto-1134-rozowy","status":"publish","type":"product","link":"https:\/\/butikhome.pl\/index.php\/produkt\/biustonosz-keto-1134-rozowy\/","title":{"rendered":"Biustonosz Keto 1134 R\u00f3\u017cowy"},"content":{"rendered":"<ul>\n<li>Biustonosz p\u00f3\u0142usztywniany<\/li>\n<li>Biustonosz zapinany na plecach<\/li>\n<li>Dolna cz\u0119\u015b\u0107 biustonosza usztywniona<\/li>\n<li>Fiszbiny boczne<\/li>\n<li>Fiszbiny dolne<\/li>\n<li>G\u0142\u0119bokie, wygodne miseczki<\/li>\n<li>Kobieca stylistyka<\/li>\n<li>Koronkowe zdobienia<\/li>\n<li>Na wi\u0119ksze biusty<\/li>\n<li>Obw\u00f3d biustonosza regulowany<\/li>\n<li>Pakowany w pude\u0142ko<\/li>\n<li>Produkt polski<\/li>\n<li>Przy rami\u0105czkach ozdobne kokardki<\/li>\n<li>Przyjemna w dotyku, mi\u0119kka dzianina\/tkanina<\/li>\n<li>Rami\u0105czka regulowane<\/li>\n<li>Wewn\u0119trzna cz\u0119\u015b\u0107 miseczek pokryta bawe\u0142n\u0105<\/li>\n<li>Wysoka jako\u015b\u0107<\/li>\n<li>Zbiera piersi z bok\u00f3w do \u015brodka dekoltu<\/li>\n<li>Bawe\u0142na: 18%<\/li>\n<li>Elastan: 10%<\/li>\n<li>Poliamid: 57%<\/li>\n<li>Poliester: 10%<\/li>\n<li>Polipropylen: 5%<\/li>\n<\/ul>\n","protected":false},"excerpt":{"rendered":"<p>Biustonosz p\u00f3\u0142usztywniany Biustonosz zapinany na plecach Dolna cz\u0119\u015b\u0107 biustonosza usztywniona Fiszbiny boczne Fiszbiny dolne G\u0142\u0119bokie, wygodne miseczki Kobieca stylistyka Koronkowe zdobienia Na wi\u0119ksze biusty Obw\u00f3d biustonosza regulowany Pakowany w pude\u0142ko Produkt polski Przy rami\u0105czkach ozdobne kokardki Przyjemna w dotyku, mi\u0119kka dzianina\/tkanina Rami\u0105czka regulowane Wewn\u0119trzna cz\u0119\u015b\u0107 miseczek pokryta bawe\u0142n\u0105 Wysoka jako\u015b\u0107 Zbiera piersi z bok\u00f3w do &hellip; <\/p>\n","protected":false},"featured_media":15546,"comment_status":"open","ping_status":"closed","template":"","meta":[],"product_brand":[],"product_cat":[629,24],"product_tag":[1794,1789,1790,1791,1610,1611,1792,1793,1599,1482,1487,1488,1489,1491,1492,1495,1497,1501,1502,1504,1505,1506,1507,1508,1509,1795,667,1769,1469,681,1618,1479,206,660,661,1390,1078,1410,664,1696,1622,301,1468,1471],"class_list":{"0":"post-13271","1":"product","2":"type-product","3":"status-publish","4":"has-post-thumbnail","6":"product_cat-biustonosze-podkategoria-do-bielizny","7":"product_cat-produkty","8":"product_tag-185-90","9":"product_tag-65-f","10":"product_tag-65-g","11":"product_tag-65-h","12":"product_tag-70-g","13":"product_tag-70-h","14":"product_tag-70-i","15":"product_tag-70-j","16":"product_tag-75-c","17":"product_tag-75-d","18":"product_tag-75-i","19":"product_tag-80-b","20":"product_tag-80-c","21":"product_tag-80-e","22":"product_tag-80-f","23":"product_tag-85-b","24":"product_tag-85-d","25":"product_tag-90-b","26":"product_tag-90-c","27":"product_tag-90-e","28":"product_tag-90-f","29":"product_tag-95-b","30":"product_tag-95-c","31":"product_tag-95-d","32":"product_tag-95-e","33":"product_tag-biustonosz-keto-1134-rozowy","34":"product_tag-biustonosz-polusztywniany","35":"product_tag-dolna-czesc-biustonosza-usztywniona","36":"product_tag-fiszbiny-boczne","37":"product_tag-fiszbiny-dolne","38":"product_tag-glebokie-wygodne-miseczki","39":"product_tag-kobieca-stylistyka","40":"product_tag-koronkowe-zdobienia","41":"product_tag-na-wiekszy-biust","42":"product_tag-obwod-biustonosza-regulowany","43":"product_tag-pakowany-w-pudelko","44":"product_tag-polski-produkt","45":"product_tag-przyjemna-i-miekka-tkanina","46":"product_tag-ramiaczka-regulowane","47":"product_tag-rozowy","48":"product_tag-wewnetrzna-czesc-miseczek-pokryta-bawelna","49":"product_tag-wysoka-jakosc","50":"product_tag-zapinany-na-plecach","51":"product_tag-zbiera-piersi-z-bokow-do-srodka-dekoltu","53":"first","54":"instock","55":"taxable","56":"shipping-taxable","57":"purchasable","58":"product-type-simple"},"_links":{"self":[{"href":"https:\/\/butikhome.pl\/index.php\/wp-json\/wp\/v2\/product\/13271","targetHints":{"allow":["GET"]}}],"collection":[{"href":"https:\/\/butikhome.pl\/index.php\/wp-json\/wp\/v2\/product"}],"about":[{"href":"https:\/\/butikhome.pl\/index.php\/wp-json\/wp\/v2\/types\/product"}],"replies":[{"embeddable":true,"href":"https:\/\/butikhome.pl\/index.php\/wp-json\/wp\/v2\/comments?post=13271"}],"wp:featuredmedia":[{"embeddable":true,"href":"https:\/\/butikhome.pl\/index.php\/wp-json\/wp\/v2\/media\/15546"}],"wp:attachment":[{"href":"https:\/\/butikhome.pl\/index.php\/wp-json\/wp\/v2\/media?parent=13271"}],"wp:term":[{"taxonomy":"product_brand","embeddable":true,"href":"https:\/\/butikhome.pl\/index.php\/wp-json\/wp\/v2\/product_brand?post=13271"},{"taxonomy":"product_cat","embeddable":true,"href":"https:\/\/butikhome.pl\/index.php\/wp-json\/wp\/v2\/product_cat?post=13271"},{"taxonomy":"product_tag","embeddable":true,"href":"https:\/\/butikhome.pl\/index.php\/wp-json\/wp\/v2\/product_tag?post=13271"}],"curies":[{"name":"wp","href":"https:\/\/api.w.org\/{rel}","templated":true}]}}