{"id":13278,"date":"2023-03-29T17:22:14","date_gmt":"2023-03-29T15:22:14","guid":{"rendered":"https:\/\/butikhome.pl\/index.php\/produkt\/biustonosz-lea-1101\/"},"modified":"2023-06-14T13:26:35","modified_gmt":"2023-06-14T11:26:35","slug":"biustonosz-lea-1101","status":"publish","type":"product","link":"https:\/\/butikhome.pl\/index.php\/produkt\/biustonosz-lea-1101\/","title":{"rendered":"Biustonosz Lea 1101"},"content":{"rendered":"<ul>\n<li>Brak usztywnienia w miseczkach<\/li>\n<li>Kr\u00f3j, kt\u00f3ry podkre\u015bla sylwetk\u0119<\/li>\n<li>Na wi\u0119ksze biusty<\/li>\n<li>Obw\u00f3d biustonosza regulowany<\/li>\n<li>Ozdobne przeszycia na biustonoszu<\/li>\n<li>Pakowany w pude\u0142ko<\/li>\n<li>Produkt polski<\/li>\n<li>Przyjemna w dotyku, mi\u0119kka dzianina\/tkanina<\/li>\n<li>Rami\u0105czka regulowane<\/li>\n<li>Wysoka jako\u015b\u0107<\/li>\n<li>Elastan: 4%<\/li>\n<li>Poliamid: 16%<\/li>\n<li>Poliester: 80%<\/li>\n<\/ul>\n","protected":false},"excerpt":{"rendered":"<p>Brak usztywnienia w miseczkach Kr\u00f3j, kt\u00f3ry podkre\u015bla sylwetk\u0119 Na wi\u0119ksze biusty Obw\u00f3d biustonosza regulowany Ozdobne przeszycia na biustonoszu Pakowany w pude\u0142ko Produkt polski Przyjemna w dotyku, mi\u0119kka dzianina\/tkanina Rami\u0105czka regulowane Wysoka jako\u015b\u0107 Elastan: 4% Poliamid: 16% Poliester: 80%<\/p>\n","protected":false},"featured_media":15543,"comment_status":"open","ping_status":"closed","template":"","meta":[],"product_brand":[],"product_cat":[1592,629,24],"product_tag":[1788,1678,1787,1603,1652,81,659,661,1517,1390,644,1410,664,301],"class_list":{"0":"post-13278","1":"product","2":"type-product","3":"status-publish","4":"has-post-thumbnail","6":"product_cat-95-c","7":"product_cat-biustonosze-podkategoria-do-bielizny","8":"product_cat-produkty","9":"product_tag-biustonosz-lea-1101","10":"product_tag-brak-usztywnienia-w-miseczkach","11":"product_tag-czarno-rozowy-95-c","12":"product_tag-gaia","13":"product_tag-idealny-na-wieksze-piersi","14":"product_tag-kobiece","15":"product_tag-kroj-podkreslajacy-sylwetke","16":"product_tag-obwod-biustonosza-regulowany","17":"product_tag-ozdobne-przeszycia-na-biustonoszu","18":"product_tag-pakowany-w-pudelko","19":"product_tag-polski-producent","20":"product_tag-przyjemna-i-miekka-tkanina","21":"product_tag-ramiaczka-regulowane","22":"product_tag-wysoka-jakosc","24":"first","25":"instock","26":"sale","27":"taxable","28":"shipping-taxable","29":"purchasable","30":"product-type-simple"},"_links":{"self":[{"href":"https:\/\/butikhome.pl\/index.php\/wp-json\/wp\/v2\/product\/13278","targetHints":{"allow":["GET"]}}],"collection":[{"href":"https:\/\/butikhome.pl\/index.php\/wp-json\/wp\/v2\/product"}],"about":[{"href":"https:\/\/butikhome.pl\/index.php\/wp-json\/wp\/v2\/types\/product"}],"replies":[{"embeddable":true,"href":"https:\/\/butikhome.pl\/index.php\/wp-json\/wp\/v2\/comments?post=13278"}],"wp:featuredmedia":[{"embeddable":true,"href":"https:\/\/butikhome.pl\/index.php\/wp-json\/wp\/v2\/media\/15543"}],"wp:attachment":[{"href":"https:\/\/butikhome.pl\/index.php\/wp-json\/wp\/v2\/media?parent=13278"}],"wp:term":[{"taxonomy":"product_brand","embeddable":true,"href":"https:\/\/butikhome.pl\/index.php\/wp-json\/wp\/v2\/product_brand?post=13278"},{"taxonomy":"product_cat","embeddable":true,"href":"https:\/\/butikhome.pl\/index.php\/wp-json\/wp\/v2\/product_cat?post=13278"},{"taxonomy":"product_tag","embeddable":true,"href":"https:\/\/butikhome.pl\/index.php\/wp-json\/wp\/v2\/product_tag?post=13278"}],"curies":[{"name":"wp","href":"https:\/\/api.w.org\/{rel}","templated":true}]}}