{"id":13294,"date":"2023-03-29T17:22:52","date_gmt":"2023-03-29T15:22:52","guid":{"rendered":"https:\/\/butikhome.pl\/index.php\/produkt\/biustonosz-leta-1106\/"},"modified":"2023-06-14T11:33:19","modified_gmt":"2023-06-14T09:33:19","slug":"biustonosz-leta-1106","status":"publish","type":"product","link":"https:\/\/butikhome.pl\/index.php\/produkt\/biustonosz-leta-1106\/","title":{"rendered":"Biustonosz Leta 1106M"},"content":{"rendered":"<ul>\n<li>Biustonosz p\u00f3\u0142usztywniany<\/li>\n<li>Fiszbiny boczne<\/li>\n<li>Fiszbiny dolne<\/li>\n<li>Koronkowe zdobienia<\/li>\n<li>Kr\u00f3j, kt\u00f3ry podkre\u015bla sylwetk\u0119<\/li>\n<li>Na wi\u0119ksze biusty<\/li>\n<li>Obw\u00f3d biustonosza regulowany<\/li>\n<li>Ozdobna kokarda<\/li>\n<li>Pakowany w pude\u0142ko<\/li>\n<li>Produkt polski<\/li>\n<li>Przy rami\u0105czkach ozdobne kokardki<\/li>\n<li>Przyjemna w dotyku, mi\u0119kka dzianina\/tkanina<\/li>\n<li>Rami\u0105czka regulowane<\/li>\n<li>Siateczkowe zdobienia<\/li>\n<li>Wysoka jako\u015b\u0107<\/li>\n<li>Bawe\u0142na: 18%<\/li>\n<li>Elastan: 6%<\/li>\n<li>Poliamid: 41%<\/li>\n<li>Poliester: 30%<\/li>\n<li>Polipropylen: 5%<\/li>\n<\/ul>\n","protected":false},"excerpt":{"rendered":"<p>Biustonosz p\u00f3\u0142usztywniany Fiszbiny boczne Fiszbiny dolne Koronkowe zdobienia Kr\u00f3j, kt\u00f3ry podkre\u015bla sylwetk\u0119 Na wi\u0119ksze biusty Obw\u00f3d biustonosza regulowany Ozdobna kokarda Pakowany w pude\u0142ko Produkt polski Przy rami\u0105czkach ozdobne kokardki Przyjemna w dotyku, mi\u0119kka dzianina\/tkanina Rami\u0105czka regulowane Siateczkowe zdobienia Wysoka jako\u015b\u0107 Bawe\u0142na: 18% Elastan: 6% Poliamid: 41% Poliester: 30% Polipropylen: 5%<\/p>\n","protected":false},"featured_media":15542,"comment_status":"open","ping_status":"closed","template":"","meta":[],"product_brand":[],"product_cat":[629,24],"product_tag":[1629,1783,667,1469,1603,206,385,660,661,1786,1390,1078,1410,664,1696,1782,665,301],"class_list":{"0":"post-13294","1":"product","2":"type-product","3":"status-publish","4":"has-post-thumbnail","6":"product_cat-biustonosze-podkategoria-do-bielizny","7":"product_cat-produkty","8":"product_tag-80-k","9":"product_tag-biustonosz-leta-1106m","10":"product_tag-biustonosz-polusztywniany","11":"product_tag-fiszbiny-boczne","12":"product_tag-gaia","13":"product_tag-koronkowe-zdobienia","14":"product_tag-kroj-ktory-podkresla-sylwetke","15":"product_tag-na-wiekszy-biust","16":"product_tag-obwod-biustonosza-regulowany","17":"product_tag-ozdobne-kokardki-na-ramiaczkach","18":"product_tag-pakowany-w-pudelko","19":"product_tag-polski-produkt","20":"product_tag-przyjemna-i-miekka-tkanina","21":"product_tag-ramiaczka-regulowane","22":"product_tag-rozowy","23":"product_tag-rozowy-75-l","24":"product_tag-siateczkowe-zdobienia","25":"product_tag-wysoka-jakosc","27":"first","28":"instock","29":"taxable","30":"shipping-taxable","31":"purchasable","32":"product-type-simple"},"_links":{"self":[{"href":"https:\/\/butikhome.pl\/index.php\/wp-json\/wp\/v2\/product\/13294","targetHints":{"allow":["GET"]}}],"collection":[{"href":"https:\/\/butikhome.pl\/index.php\/wp-json\/wp\/v2\/product"}],"about":[{"href":"https:\/\/butikhome.pl\/index.php\/wp-json\/wp\/v2\/types\/product"}],"replies":[{"embeddable":true,"href":"https:\/\/butikhome.pl\/index.php\/wp-json\/wp\/v2\/comments?post=13294"}],"wp:featuredmedia":[{"embeddable":true,"href":"https:\/\/butikhome.pl\/index.php\/wp-json\/wp\/v2\/media\/15542"}],"wp:attachment":[{"href":"https:\/\/butikhome.pl\/index.php\/wp-json\/wp\/v2\/media?parent=13294"}],"wp:term":[{"taxonomy":"product_brand","embeddable":true,"href":"https:\/\/butikhome.pl\/index.php\/wp-json\/wp\/v2\/product_brand?post=13294"},{"taxonomy":"product_cat","embeddable":true,"href":"https:\/\/butikhome.pl\/index.php\/wp-json\/wp\/v2\/product_cat?post=13294"},{"taxonomy":"product_tag","embeddable":true,"href":"https:\/\/butikhome.pl\/index.php\/wp-json\/wp\/v2\/product_tag?post=13294"}],"curies":[{"name":"wp","href":"https:\/\/api.w.org\/{rel}","templated":true}]}}