{"id":13307,"date":"2023-03-29T17:23:25","date_gmt":"2023-03-29T15:23:25","guid":{"rendered":"https:\/\/butikhome.pl\/index.php\/produkt\/biustonosz-leta-1106m\/"},"modified":"2023-06-13T16:00:21","modified_gmt":"2023-06-13T14:00:21","slug":"biustonosz-leta-1106m","status":"publish","type":"product","link":"https:\/\/butikhome.pl\/index.php\/produkt\/biustonosz-leta-1106m\/","title":{"rendered":"Biustonosz Leta 1106M"},"content":{"rendered":"<ul>\n<li>Biustonosz p\u00f3\u0142usztywniany<\/li>\n<li>Biustonosz zapinany na plecach<\/li>\n<li>Dolna cz\u0119\u015b\u0107 biustonosza usztywniona<\/li>\n<li>Fiszbiny boczne<\/li>\n<li>Fiszbiny dolne<\/li>\n<li>G\u0142\u0119bokie, wygodne miseczki<\/li>\n<li>Idealna tak\u017ce na prezent<\/li>\n<li>Kobieca stylistyka<\/li>\n<li>Koronkowe zdobienia<\/li>\n<li>Kr\u00f3j, kt\u00f3ry podkre\u015bla sylwetk\u0119<\/li>\n<li>Na wi\u0119ksze biusty<\/li>\n<li>Nieodpinane ozdobne paski na dekolcie<\/li>\n<li>Obw\u00f3d biustonosza regulowany<\/li>\n<li>Pakowany w pude\u0142ko<\/li>\n<li>Produkt polski<\/li>\n<li>Przy rami\u0105czkach ozdobne kokardki<\/li>\n<li>Rami\u0105czka regulowane<\/li>\n<li>Siateczkowe zdobienia<\/li>\n<li>Wysoka jako\u015b\u0107<\/li>\n<li>Zbiera piersi z bok\u00f3w do \u015brodka dekoltu<\/li>\n<li>Bawe\u0142na: 18%<\/li>\n<li>Elastan: 6%<\/li>\n<li>Poliamid: 41%<\/li>\n<li>Poliester: 30%<\/li>\n<li>Polipropylen: 5%<\/li>\n<\/ul>\n","protected":false},"excerpt":{"rendered":"<p>Biustonosz p\u00f3\u0142usztywniany Biustonosz zapinany na plecach Dolna cz\u0119\u015b\u0107 biustonosza usztywniona Fiszbiny boczne Fiszbiny dolne G\u0142\u0119bokie, wygodne miseczki Idealna tak\u017ce na prezent Kobieca stylistyka Koronkowe zdobienia Kr\u00f3j, kt\u00f3ry podkre\u015bla sylwetk\u0119 Na wi\u0119ksze biusty Nieodpinane ozdobne paski na dekolcie Obw\u00f3d biustonosza regulowany Pakowany w pude\u0142ko Produkt polski Przy rami\u0105czkach ozdobne kokardki Rami\u0105czka regulowane Siateczkowe zdobienia Wysoka jako\u015b\u0107 &hellip; <\/p>\n","protected":false},"featured_media":15540,"comment_status":"open","ping_status":"closed","template":"","meta":[],"product_brand":[],"product_cat":[629,24],"product_tag":[1629,1783,667,1784,1769,1469,681,1603,1515,1781,1479,206,659,660,1785,678,1390,644,664,1696,1782,665,655,301,1468,1471],"class_list":{"0":"post-13307","1":"product","2":"type-product","3":"status-publish","4":"has-post-thumbnail","6":"product_cat-biustonosze-podkategoria-do-bielizny","7":"product_cat-produkty","8":"product_tag-80-k","9":"product_tag-biustonosz-leta-1106m","10":"product_tag-biustonosz-polusztywniany","11":"product_tag-boczne","12":"product_tag-dolna-czesc-biustonosza-usztywniona","13":"product_tag-fiszbiny-boczne","14":"product_tag-fiszbiny-dolne","15":"product_tag-gaia","16":"product_tag-glebokie-wysokie-miseczki","17":"product_tag-idealna-na-prezent","18":"product_tag-kobieca-stylistyka","19":"product_tag-koronkowe-zdobienia","20":"product_tag-kroj-podkreslajacy-sylwetke","21":"product_tag-na-wiekszy-biust","22":"product_tag-nieodpinane-ozdobne-paski-na-biuscie","23":"product_tag-odwod-biustonosza-regulowany","24":"product_tag-pakowany-w-pudelko","25":"product_tag-polski-producent","26":"product_tag-ramiaczka-regulowane","27":"product_tag-rozowy","28":"product_tag-rozowy-75-l","29":"product_tag-siateczkowe-zdobienia","30":"product_tag-wygodne-miseczki","31":"product_tag-wysoka-jakosc","32":"product_tag-zapinany-na-plecach","33":"product_tag-zbiera-piersi-z-bokow-do-srodka-dekoltu","35":"first","36":"instock","37":"taxable","38":"shipping-taxable","39":"purchasable","40":"product-type-simple"},"_links":{"self":[{"href":"https:\/\/butikhome.pl\/index.php\/wp-json\/wp\/v2\/product\/13307","targetHints":{"allow":["GET"]}}],"collection":[{"href":"https:\/\/butikhome.pl\/index.php\/wp-json\/wp\/v2\/product"}],"about":[{"href":"https:\/\/butikhome.pl\/index.php\/wp-json\/wp\/v2\/types\/product"}],"replies":[{"embeddable":true,"href":"https:\/\/butikhome.pl\/index.php\/wp-json\/wp\/v2\/comments?post=13307"}],"wp:featuredmedia":[{"embeddable":true,"href":"https:\/\/butikhome.pl\/index.php\/wp-json\/wp\/v2\/media\/15540"}],"wp:attachment":[{"href":"https:\/\/butikhome.pl\/index.php\/wp-json\/wp\/v2\/media?parent=13307"}],"wp:term":[{"taxonomy":"product_brand","embeddable":true,"href":"https:\/\/butikhome.pl\/index.php\/wp-json\/wp\/v2\/product_brand?post=13307"},{"taxonomy":"product_cat","embeddable":true,"href":"https:\/\/butikhome.pl\/index.php\/wp-json\/wp\/v2\/product_cat?post=13307"},{"taxonomy":"product_tag","embeddable":true,"href":"https:\/\/butikhome.pl\/index.php\/wp-json\/wp\/v2\/product_tag?post=13307"}],"curies":[{"name":"wp","href":"https:\/\/api.w.org\/{rel}","templated":true}]}}