{"id":13319,"date":"2023-03-29T17:23:53","date_gmt":"2023-03-29T15:23:53","guid":{"rendered":"https:\/\/butikhome.pl\/index.php\/produkt\/biustonosz-lidia-1105\/"},"modified":"2023-06-13T15:44:01","modified_gmt":"2023-06-13T13:44:01","slug":"biustonosz-lidia-1105","status":"publish","type":"product","link":"https:\/\/butikhome.pl\/index.php\/produkt\/biustonosz-lidia-1105\/","title":{"rendered":"Biustonosz Lidia 1105"},"content":{"rendered":"<ul>\n<li>Biustonosz zapinany na plecach<\/li>\n<li>Fiszbiny dolne<\/li>\n<li>G\u0142\u0119bokie, wygodne miseczki<\/li>\n<li>Idealna tak\u017ce na prezent<\/li>\n<li>Kobieca stylistyka<\/li>\n<li>Koronkowe zdobienia<\/li>\n<li>Kr\u00f3j, kt\u00f3ry podkre\u015bla sylwetk\u0119<\/li>\n<li>Nieodpinane rami\u0105czka<\/li>\n<li>Obw\u00f3d biustonosza regulowany<\/li>\n<li>Ozdobna kokarda<\/li>\n<li>Pakowany w pude\u0142ko<\/li>\n<li>Produkt polski<\/li>\n<li>Przy rami\u0105czkach ozdobne kokardki<\/li>\n<li>Rami\u0105czka regulowane<\/li>\n<li>Wysoka jako\u015b\u0107<\/li>\n<li>Elastan: 16%<\/li>\n<li>Poliamid: 64%<\/li>\n<li>Poliester: 20%<\/li>\n<\/ul>\n","protected":false},"excerpt":{"rendered":"<p>Biustonosz zapinany na plecach Fiszbiny dolne G\u0142\u0119bokie, wygodne miseczki Idealna tak\u017ce na prezent Kobieca stylistyka Koronkowe zdobienia Kr\u00f3j, kt\u00f3ry podkre\u015bla sylwetk\u0119 Nieodpinane rami\u0105czka Obw\u00f3d biustonosza regulowany Ozdobna kokarda Pakowany w pude\u0142ko Produkt polski Przy rami\u0105czkach ozdobne kokardki Rami\u0105czka regulowane Wysoka jako\u015b\u0107 Elastan: 16% Poliamid: 64% Poliester: 20%<\/p>\n","protected":false},"featured_media":15537,"comment_status":"open","ping_status":"closed","template":"","meta":[],"product_brand":[],"product_cat":[1559,629,24],"product_tag":[1780,681,1603,1515,1781,1479,206,385,1480,1620,1297,1078,664,656,1779,301,1468],"class_list":{"0":"post-13319","1":"product","2":"type-product","3":"status-publish","4":"has-post-thumbnail","6":"product_cat-75-f","7":"product_cat-biustonosze-podkategoria-do-bielizny","8":"product_cat-produkty","9":"product_tag-biustonosz-lidia-1105","10":"product_tag-fiszbiny-dolne","11":"product_tag-gaia","12":"product_tag-glebokie-wysokie-miseczki","13":"product_tag-idealna-na-prezent","14":"product_tag-kobieca-stylistyka","15":"product_tag-koronkowe-zdobienia","16":"product_tag-kroj-ktory-podkresla-sylwetke","17":"product_tag-nieodpinane-ramiaczka","18":"product_tag-ozdobna-kokarda","19":"product_tag-pakowane-w-pudelko","20":"product_tag-polski-produkt","21":"product_tag-ramiaczka-regulowane","22":"product_tag-regulowany-obwod-biutonosza","23":"product_tag-rozowy-75-f","24":"product_tag-wysoka-jakosc","25":"product_tag-zapinany-na-plecach","27":"first","28":"instock","29":"taxable","30":"shipping-taxable","31":"purchasable","32":"product-type-simple"},"_links":{"self":[{"href":"https:\/\/butikhome.pl\/index.php\/wp-json\/wp\/v2\/product\/13319","targetHints":{"allow":["GET"]}}],"collection":[{"href":"https:\/\/butikhome.pl\/index.php\/wp-json\/wp\/v2\/product"}],"about":[{"href":"https:\/\/butikhome.pl\/index.php\/wp-json\/wp\/v2\/types\/product"}],"replies":[{"embeddable":true,"href":"https:\/\/butikhome.pl\/index.php\/wp-json\/wp\/v2\/comments?post=13319"}],"wp:featuredmedia":[{"embeddable":true,"href":"https:\/\/butikhome.pl\/index.php\/wp-json\/wp\/v2\/media\/15537"}],"wp:attachment":[{"href":"https:\/\/butikhome.pl\/index.php\/wp-json\/wp\/v2\/media?parent=13319"}],"wp:term":[{"taxonomy":"product_brand","embeddable":true,"href":"https:\/\/butikhome.pl\/index.php\/wp-json\/wp\/v2\/product_brand?post=13319"},{"taxonomy":"product_cat","embeddable":true,"href":"https:\/\/butikhome.pl\/index.php\/wp-json\/wp\/v2\/product_cat?post=13319"},{"taxonomy":"product_tag","embeddable":true,"href":"https:\/\/butikhome.pl\/index.php\/wp-json\/wp\/v2\/product_tag?post=13319"}],"curies":[{"name":"wp","href":"https:\/\/api.w.org\/{rel}","templated":true}]}}