{"id":13333,"date":"2023-03-29T17:24:27","date_gmt":"2023-03-29T15:24:27","guid":{"rendered":"https:\/\/butikhome.pl\/index.php\/produkt\/biustonosz-lolita-1020\/"},"modified":"2023-06-13T15:28:55","modified_gmt":"2023-06-13T13:28:55","slug":"biustonosz-lolita-1020","status":"publish","type":"product","link":"https:\/\/butikhome.pl\/index.php\/produkt\/biustonosz-lolita-1020\/","title":{"rendered":"Biustonosz Lolita 1020"},"content":{"rendered":"<p><span>\u015aliczny, jasnor\u00f3\u017cowy biustonosz w konstrukcji bralette. Podszyty r\u00f3\u017cow\u0105 bawe\u0142n\u0105, z wyjmowanymi wk\u0142adami push-up. Rami\u0105czka nieodpinane, stanowi\u0105 eleganckie przed\u0142u\u017cenie miseczek. Koronka pokryta subtelnym, kwiecistym wzorem, transparentna, stylowo uzupe\u0142nia si\u0119 z cia\u0142em daj\u0105c pi\u0119kny efekt. Sk\u0142ad: 63% poliamid, 13% elastan, 12% bawe\u0142na, 10% poliester, 2% poliuretan. <\/span><\/p>\n<p><span>\u00a0<\/span><\/p>\n","protected":false},"excerpt":{"rendered":"<p>\u015aliczny, jasnor\u00f3\u017cowy biustonosz w konstrukcji bralette. Podszyty r\u00f3\u017cow\u0105 bawe\u0142n\u0105, z wyjmowanymi wk\u0142adami push-up. Rami\u0105czka nieodpinane, stanowi\u0105 eleganckie przed\u0142u\u017cenie miseczek. Koronka pokryta subtelnym, kwiecistym wzorem, transparentna, stylowo uzupe\u0142nia si\u0119 z cia\u0142em daj\u0105c pi\u0119kny efekt. Sk\u0142ad: 63% poliamid, 13% elastan, 12% bawe\u0142na, 10% poliester, 2% poliuretan. \u00a0<\/p>\n","protected":false},"featured_media":15536,"comment_status":"open","ping_status":"closed","template":"","meta":[],"product_brand":[],"product_cat":[629,24],"product_tag":[1771,1773,1778,1774,1772,1770,1777,1480,1390,1078,1776,203,1775],"class_list":{"0":"post-13333","1":"product","2":"type-product","3":"status-publish","4":"has-post-thumbnail","6":"product_cat-biustonosze-podkategoria-do-bielizny","7":"product_cat-produkty","8":"product_tag-biustonos-lolita-1020","9":"product_tag-biustonosz-typu-bralette","10":"product_tag-delikatny-i-kobiecy","11":"product_tag-jasnorozowy","12":"product_tag-koronkowy-roz","13":"product_tag-koronkowy-roz-65-d","14":"product_tag-kwiecista-subtelna-koronka","15":"product_tag-nieodpinane-ramiaczka","16":"product_tag-pakowany-w-pudelko","17":"product_tag-polski-produkt","18":"product_tag-ramiaczka-stanowia-przedluzenie-miseczek","19":"product_tag-transparentne-wstawki","20":"product_tag-z-wyjmowanymi-wkladkami-push-up","22":"first","23":"instock","24":"taxable","25":"shipping-taxable","26":"purchasable","27":"product-type-simple"},"_links":{"self":[{"href":"https:\/\/butikhome.pl\/index.php\/wp-json\/wp\/v2\/product\/13333","targetHints":{"allow":["GET"]}}],"collection":[{"href":"https:\/\/butikhome.pl\/index.php\/wp-json\/wp\/v2\/product"}],"about":[{"href":"https:\/\/butikhome.pl\/index.php\/wp-json\/wp\/v2\/types\/product"}],"replies":[{"embeddable":true,"href":"https:\/\/butikhome.pl\/index.php\/wp-json\/wp\/v2\/comments?post=13333"}],"wp:featuredmedia":[{"embeddable":true,"href":"https:\/\/butikhome.pl\/index.php\/wp-json\/wp\/v2\/media\/15536"}],"wp:attachment":[{"href":"https:\/\/butikhome.pl\/index.php\/wp-json\/wp\/v2\/media?parent=13333"}],"wp:term":[{"taxonomy":"product_brand","embeddable":true,"href":"https:\/\/butikhome.pl\/index.php\/wp-json\/wp\/v2\/product_brand?post=13333"},{"taxonomy":"product_cat","embeddable":true,"href":"https:\/\/butikhome.pl\/index.php\/wp-json\/wp\/v2\/product_cat?post=13333"},{"taxonomy":"product_tag","embeddable":true,"href":"https:\/\/butikhome.pl\/index.php\/wp-json\/wp\/v2\/product_tag?post=13333"}],"curies":[{"name":"wp","href":"https:\/\/api.w.org\/{rel}","templated":true}]}}